{"id":9792,"date":"2026-04-08T10:52:03","date_gmt":"2026-04-08T10:52:03","guid":{"rendered":"https:\/\/sunzentravel.com\/?page_id=9792"},"modified":"2026-04-12T21:18:10","modified_gmt":"2026-04-12T21:18:10","slug":"acerca-de-nosotros","status":"publish","type":"page","link":"https:\/\/sunzentravel.com\/sv\/om-oss\/","title":{"rendered":"Om oss"},"content":{"rendered":"<div class=\"wp-block-uagb-container uagb-block-f6474934 alignfull uagb-is-root-container\"><div class=\"uagb-container-inner-blocks-wrap\">\n<h1 class=\"sr-only\">M\u00f6t grundarna av SunZen Travel: Experter p\u00e5 unika reseupplevelser och v\u00e4lbefinnande<\/h1>\n\n\n\n<h1 class=\"wp-block-heading alignfull titulo-destacado has-white-color has-text-color has-link-color has-large-font-size wp-elements-fd48a65e03bb8e1ea717b2cf68f654ad\" style=\"margin-right:0;margin-left:0;text-transform:none\">Utanf\u00f6r det f\u00f6ruts\u00e4gbara \u00e4r k\u00e4nslor den enda kompassen.<\/h1>\n<\/div><\/div>\n\n\n\n<div class=\"wp-block-uagb-container uagb-block-d1090499 alignfull uagb-is-root-container\"><div class=\"uagb-container-inner-blocks-wrap\">\n<div style=\"height:100px\" aria-hidden=\"true\" class=\"wp-block-spacer\"><\/div>\n\n\n\n<div class=\"wp-block-uagb-container uagb-block-7cbb401c\">\n<h2 class=\"wp-block-heading\" style=\"text-transform:none\">I flera \u00e5r h\u00f6rde och s\u00e5g vi samma sak: <strong>upphetsade resen\u00e4rer som slutade utmattade.<\/strong><\/h2>\n\n\n\n<div style=\"height:100px\" aria-hidden=\"true\" class=\"wp-block-spacer\"><\/div>\n\n\n\n<p class=\"has-medium-font-size\">Vi s\u00e5g hotell som inte inbjuder till vila.<\/p>\n\n\n\n<p class=\"has-medium-font-size\">Vi lider av brist p\u00e5 integritet.<\/p>\n\n\n\n<p class=\"has-medium-font-size\">Vi ser grupper som r\u00f6r sig som flockar bakom ett paraply, som uppfyller en lista med monument men som \u00e4r tomma p\u00e5 \u00f6gonblick.<\/p>\n\n\n\n<div style=\"height:15px\" aria-hidden=\"true\" class=\"wp-block-spacer\"><\/div>\n\n\n\n<p style=\"font-size:22px\">F\u00f6r att vi har upplevt den som resen\u00e4rer och lyssnat p\u00e5 den som v\u00e4nner:<strong> verklig lyx \u00e4r inte vad du ser, det \u00e4r hur du upplever den.<\/strong><\/p>\n<\/div>\n\n\n\n<div style=\"height:100px\" aria-hidden=\"true\" class=\"wp-block-spacer\"><\/div>\n\n\n\n<div class=\"wp-block-uagb-container uagb-block-9d98da6d\">\n<h2 class=\"wp-block-heading\" style=\"text-transform:none\">V\u00e5rt s\u00e4tt att resa \u00e4r f\u00f6rnuftigt, men det passar inte alla.<\/h2>\n\n\n\n<p class=\"has-medium-font-size\">Vi utformar inte resor f\u00f6r att fylla bussar. Vi f\u00f6redrar att vara valet f\u00f6r dem som v\u00e4rdes\u00e4tter sin tid och energi framf\u00f6r en rabatt. Om du letar efter \u00abdet billigaste\u00bb \u00e4r vi inte din plats. Men om du prioriterar verkligt v\u00e4lbefinnande \u00e4r du d\u00e4r du h\u00f6r hemma.<br><\/p>\n\n\n\n<div style=\"height:15px\" aria-hidden=\"true\" class=\"wp-block-spacer\"><\/div>\n\n\n\n<p class=\"has-medium-font-size\"><strong>\u00c4ventyr ja. Obehag nej.<\/strong> <strong>Naturen ja. Tr\u00e5ngboddhet nej.<\/strong> <strong>V\u00e4lbefinnande ja. Att f\u00f6rneka sig sj\u00e4lv, aldrig.<\/strong><\/p>\n<\/div>\n\n\n\n<div style=\"height:100px\" aria-hidden=\"true\" class=\"wp-block-spacer\"><\/div>\n<\/div><\/div>\n\n\n\n<div class=\"wp-block-uagb-container uagb-block-9b50d7fa alignfull uagb-is-root-container\"><div class=\"uagb-container-inner-blocks-wrap\">\n<div class=\"wp-block-uagb-container uagb-block-7b2e4b4b\">\n<h2 class=\"wp-block-heading\" style=\"text-transform:none\">Upprinnelsen till ett mer meningsfullt s\u00e4tt att resa<\/h2>\n<\/div>\n\n\n\n<div style=\"height:100px\" aria-hidden=\"true\" class=\"wp-block-spacer\"><\/div>\n\n\n\n<div class=\"wp-block-columns is-layout-flex wp-container-core-columns-is-layout-28f84493 wp-block-columns-is-layout-flex\">\n<div class=\"wp-block-column is-layout-flow wp-block-column-is-layout-flow\">\n<figure class=\"wp-block-gallery has-nested-images columns-default is-cropped wp-block-gallery-1 is-layout-flex wp-block-gallery-is-layout-flex\">\n<figure class=\"wp-block-image size-large\"><img loading=\"lazy\" decoding=\"async\" width=\"768\" height=\"1024\" data-id=\"5399\" src=\"https:\/\/sunzentravel.com\/wp-content\/uploads\/2025\/10\/20230506_104717-768x1024.webp\" alt=\"Rakel och Toni\" class=\"wp-image-5399\" srcset=\"https:\/\/sunzentravel.com\/wp-content\/uploads\/2025\/10\/20230506_104717-768x1024.webp 768w, https:\/\/sunzentravel.com\/wp-content\/uploads\/2025\/10\/20230506_104717-225x300.webp 225w, https:\/\/sunzentravel.com\/wp-content\/uploads\/2025\/10\/20230506_104717-1152x1536.webp 1152w, https:\/\/sunzentravel.com\/wp-content\/uploads\/2025\/10\/20230506_104717-1536x2048.webp 1536w, https:\/\/sunzentravel.com\/wp-content\/uploads\/2025\/10\/20230506_104717-scaled.webp 1920w\" sizes=\"auto, (max-width: 768px) 100vw, 768px\" \/><\/figure>\n<\/figure>\n<\/div>\n\n\n\n<div class=\"wp-block-column has-medium-font-size is-layout-flow wp-block-column-is-layout-flow\">\n<p class=\"has-medium-font-size\"><strong>Vi \u00e4r Toni och Raquel - eller Raquel och Toni,<\/strong> Det spelar ingen roll - f\u00f6r i v\u00e5rt fall \u00e4ndrar inte faktorernas ordning produkten. Vi \u00e4r varken matematiker eller filosofer, bara tv\u00e5 m\u00e4nniskor som har l\u00e4rt oss att njuta av livet. Och ja, vi vet att det inte alltid \u00e4r l\u00e4tt ... men vem skulle inte vilja g\u00f6ra det?<\/p>\n\n\n\n<p class=\"has-medium-font-size\"><strong>Under \u00e5rens lopp har vi sett, upplevt och h\u00f6rt samma sak: utmattade resen\u00e4rer, upplevelser som lovade mycket och gav lite, rutter som verkade vara kopior av varandra och resor som gl\u00f6mdes bort lika snabbt som de betalades.<\/strong><\/p>\n\n\n\n<p class=\"has-medium-font-size\"><strong>Detta ledde oss fram till en slutsats som f\u00f6r\u00e4ndrade allt:<\/strong><strong><br><\/strong><strong> om den v\u00e4g du \u00e4r inne p\u00e5 inte l\u00e4ngre leder dig dit du vill, \u00e4r det dags att byta riktning.<\/strong><\/p>\n\n\n\n<p class=\"has-medium-font-size\"><strong>PERSPEKTIV.<\/strong><strong><br><\/strong><strong> Ett enkelt men kraftfullt ord.<\/strong><strong><br><\/strong><strong> Till\u00e4mpad p\u00e5 ditt liv - och dina resor - kan den f\u00f6r\u00e4ndra allt.<\/strong><\/p>\n\n\n\n<p class=\"has-medium-font-size\"><strong>Det \u00e4r d\u00e4rf\u00f6r vi skapade SunZen Travel:<\/strong><\/p>\n\n\n\n<p class=\"has-medium-font-size\"><strong>Vi \u00e4r en sol- och resebyr\u00e5 eftersom vi \u00e4lskar solen och resor, och vi g\u00f6r det f\u00f6r att erbjuda upplevelser som hj\u00e4lper dig att \u00e5terf\u00e5 det perspektivet, med entusiasm, med id\u00e9er och med ett verkligt engagemang f\u00f6r att utforma resor som k\u00e4nns \u00e4kta, omh\u00e4ndertagna och fulla av mening.<\/strong><\/p>\n\n\n\n<p class=\"has-medium-font-size\"><strong>Vi utger oss inte f\u00f6r att vara en konventionell byr\u00e5.<br> Vi str\u00e4var efter att skapa upplevelser d\u00e4r varje beslut har en anledning... och uppm\u00e4rksammas.<\/strong><\/p>\n<\/div>\n<\/div>\n\n\n\n<div style=\"height:100px\" aria-hidden=\"true\" class=\"wp-block-spacer\"><\/div>\n\n\n\n<div class=\"wp-block-uagb-container uagb-block-e8cb4f68\">\n<h2 class=\"wp-block-heading\" style=\"text-transform:none\"><strong>Det h\u00e4r handlar inte om att resa mer. Det handlar om att resa b\u00e4ttre.<\/strong><\/h2>\n\n\n\n<p class=\"has-medium-font-size\">Att sluta samla p\u00e5 platser och b\u00f6rja samla p\u00e5 \u00f6gonblick som verkligen betyder n\u00e5got. Att k\u00e4nna att varje dag har en mening, att varje erfarenhet r\u00e4knas och att varje beslut har fattats f\u00f6r att skydda din energi.<\/p>\n\n\n\n<div style=\"height:15px\" aria-hidden=\"true\" class=\"wp-block-spacer\"><\/div>\n\n\n\n<p class=\"has-medium-font-size\"><strong>Din n\u00e4sta resa ska inte bara vara en resa bland andra. Det ska vara den som du minns flera \u00e5r senare. Den som du inte beh\u00f6ver f\u00f6rklara... f\u00f6r den syns.<\/strong><\/p>\n<\/div>\n\n\n\n<div style=\"height:100px\" aria-hidden=\"true\" class=\"wp-block-spacer\"><\/div>\n\n\n\n<figure class=\"wp-block-gallery has-nested-images columns-5 is-cropped galeria-movil-scroll wp-block-gallery-2 is-layout-flex wp-block-gallery-is-layout-flex\">\n<figure class=\"wp-block-image size-full\"><img loading=\"lazy\" decoding=\"async\" width=\"1000\" height=\"1333\" data-id=\"4894\" src=\"https:\/\/sunzentravel.com\/wp-content\/uploads\/2025\/10\/20230811_200456.webp\" alt=\"20230811 200456\" class=\"wp-image-4894\" srcset=\"https:\/\/sunzentravel.com\/wp-content\/uploads\/2025\/10\/20230811_200456.webp 1000w, https:\/\/sunzentravel.com\/wp-content\/uploads\/2025\/10\/20230811_200456-225x300.webp 225w, https:\/\/sunzentravel.com\/wp-content\/uploads\/2025\/10\/20230811_200456-768x1024.webp 768w\" sizes=\"auto, (max-width: 1000px) 100vw, 1000px\" \/><\/figure>\n\n\n\n<figure class=\"wp-block-image size-full\"><img loading=\"lazy\" decoding=\"async\" width=\"1500\" height=\"2000\" data-id=\"7193\" src=\"https:\/\/sunzentravel.com\/wp-content\/uploads\/2025\/12\/Copia-de-20250517_142449-1.webp\" alt=\"\" class=\"wp-image-7193\" srcset=\"https:\/\/sunzentravel.com\/wp-content\/uploads\/2025\/12\/Copia-de-20250517_142449-1.webp 1500w, https:\/\/sunzentravel.com\/wp-content\/uploads\/2025\/12\/Copia-de-20250517_142449-1-225x300.webp 225w, https:\/\/sunzentravel.com\/wp-content\/uploads\/2025\/12\/Copia-de-20250517_142449-1-768x1024.webp 768w, https:\/\/sunzentravel.com\/wp-content\/uploads\/2025\/12\/Copia-de-20250517_142449-1-1152x1536.webp 1152w\" sizes=\"auto, (max-width: 1500px) 100vw, 1500px\" \/><\/figure>\n\n\n\n<figure class=\"wp-block-image size-full\"><img loading=\"lazy\" decoding=\"async\" width=\"1201\" height=\"1600\" data-id=\"4211\" src=\"https:\/\/sunzentravel.com\/wp-content\/uploads\/2025\/09\/IMG-20240721-WA0015.jpg\" alt=\"img 20240721 wa0015\" class=\"wp-image-4211\" srcset=\"https:\/\/sunzentravel.com\/wp-content\/uploads\/2025\/09\/IMG-20240721-WA0015.jpg 1201w, https:\/\/sunzentravel.com\/wp-content\/uploads\/2025\/09\/IMG-20240721-WA0015-225x300.jpg 225w, https:\/\/sunzentravel.com\/wp-content\/uploads\/2025\/09\/IMG-20240721-WA0015-769x1024.jpg 769w, https:\/\/sunzentravel.com\/wp-content\/uploads\/2025\/09\/IMG-20240721-WA0015-768x1023.jpg 768w, https:\/\/sunzentravel.com\/wp-content\/uploads\/2025\/09\/IMG-20240721-WA0015-1153x1536.jpg 1153w\" sizes=\"auto, (max-width: 1201px) 100vw, 1201px\" \/><\/figure>\n<\/figure>\n\n\n\n<div style=\"height:100px\" aria-hidden=\"true\" class=\"wp-block-spacer\"><\/div>\n\n\n\n<div class=\"wp-block-uagb-container uagb-block-a1b75837\">\n<h2 class=\"wp-block-heading\" style=\"text-transform:none\">\u00c4r du redo att sluta f\u00f6lja med str\u00f6mmen?<\/h2>\n\n\n\n<div style=\"height:15px\" aria-hidden=\"true\" class=\"wp-block-spacer\"><\/div>\n\n\n\n<p class=\"has-medium-font-size\">&nbsp;<em><strong>Din f\u00f6r\u00e4ndring b\u00f6rjar med ett beslut.<\/strong><\/em><\/p>\n\n\n\n<div class=\"wp-block-buttons is-content-justification-space-between is-layout-flex wp-container-core-buttons-is-layout-b2891da8 wp-block-buttons-is-layout-flex\">\n<div class=\"wp-block-button\"><a class=\"wp-block-button__link has-medium-font-size has-custom-font-size wp-element-button\" href=\"https:\/\/sunzentravel.com\/sv\/gruppresor\/\">UPPT\u00c4CK V\u00c5RA KOMMANDE RESOR<\/a><\/div>\n\n\n\n<div class=\"wp-block-button\"><a class=\"wp-block-button__link has-medium-font-size has-custom-font-size wp-element-button\" href=\"https:\/\/sunzentravel.com\/sv\/hem-sunzen-travel\/\">UTFORMA DIN SKR\u00c4DDARSYDDA RESA<\/a><\/div>\n<\/div>\n<\/div>\n\n\n\n<div style=\"height:100px\" aria-hidden=\"true\" class=\"wp-block-spacer\"><\/div>\n\n\n\n<div class=\"wp-block-uagb-blockquote uagb-block-837871a1 uagb-blockquote__skin-border uagb-blockquote__stack-img-none\"><blockquote class=\"uagb-blockquote\"><div class=\"uagb-blockquote__content\">\u00abEn resa m\u00e4ts b\u00e4ttre i v\u00e4nner \u00e4n i kilometer\u00bb.\u00bb<\/div><footer><div class=\"uagb-blockquote__author-wrap uagb-blockquote__author-at-left\"><cite class=\"uagb-blockquote__author\">Tim Cahill<\/cite><\/div><\/footer><\/blockquote><\/div>\n\n\n\n<div style=\"height:100px\" aria-hidden=\"true\" class=\"wp-block-spacer\"><\/div>\n\n\n\n<div class=\"wp-block-columns is-layout-flex wp-container-core-columns-is-layout-28f84493 wp-block-columns-is-layout-flex\">\n<div class=\"wp-block-column is-layout-flow wp-block-column-is-layout-flow\">\n<h2 class=\"wp-block-heading alignwide has-text-align-center\" style=\"font-size:30px;text-transform:none\">Ladda ner din exklusiva reseguide<\/h2>\n\n\n\n<h3 class=\"wp-block-heading\" style=\"text-transform:none\">\u2728 Uppt\u00e4ck ditt mest autentiska s\u00e4tt att resa<\/h3>\n\n\n\n<p class=\"has-medium-font-size\">\u00c4r du p\u00e5 v\u00e4g att ge dig ut p\u00e5 ett nytt \u00e4ventyr?<br>G\u00e5 d\u00e5 inte h\u00e4rifr\u00e5n utan att ladda ner v\u00e5r <strong><a href=\"https:\/\/sunzentravel.com\/sv\/palawan-paradis-o\/\">exklusiv guide<\/a><\/strong>en liten juvel som vi k\u00e4rleksfullt har f\u00f6rberett f\u00f6r att du ska kunna njuta av den. <strong>resa b\u00e4ttre, friare, mer dig<\/strong>.<\/p>\n\n\n\n<p class=\"has-medium-font-size\">I den hittar du <strong>8 nycklar <\/strong>som hj\u00e4lper dig att uppn\u00e5 din dr\u00f6mresa, praktiska r\u00e5d, verklig inspiration och detaljer som g\u00f6r hela skillnaden mellan en vanlig resa ... och en upplevelse som g\u00f6r skillnad.<\/p>\n\n\n\n<p class=\"has-text-align-center has-medium-font-size\">\ud83d\udc49 <a href=\"https:\/\/sunzentravel.com\/sv\/palawan-paradis-o\/\" data-type=\"page\" data-id=\"2207\"><strong>Ladda ner den nu, den \u00e4r gratis<\/strong> <\/a>och passar dig oavsett om du reser ensam, som par eller i grupp.<\/p>\n<\/div>\n\n\n\n<div class=\"wp-block-column is-layout-flow wp-block-column-is-layout-flow\">\n<figure class=\"wp-block-gallery has-nested-images columns-default is-cropped wp-block-gallery-3 is-layout-flex wp-block-gallery-is-layout-flex\">\n<figure class=\"wp-block-image alignwide size-large libro-3d\"><a href=\"https:\/\/sunzentravel.com\/sv\/palawan-paradis-o\/\"><img loading=\"lazy\" decoding=\"async\" width=\"1024\" height=\"576\" data-id=\"4891\" src=\"https:\/\/sunzentravel.com\/wp-content\/uploads\/2025\/10\/Blue-and-White-Modern-Travel-Agency-Presentation-1024x576.webp\" alt=\"bl\u00e5 och vit modern presentation av resebyr\u00e5\" class=\"wp-image-4891\" srcset=\"https:\/\/sunzentravel.com\/wp-content\/uploads\/2025\/10\/Blue-and-White-Modern-Travel-Agency-Presentation-1024x576.webp 1024w, https:\/\/sunzentravel.com\/wp-content\/uploads\/2025\/10\/Blue-and-White-Modern-Travel-Agency-Presentation-300x169.webp 300w, https:\/\/sunzentravel.com\/wp-content\/uploads\/2025\/10\/Blue-and-White-Modern-Travel-Agency-Presentation-768x432.webp 768w, https:\/\/sunzentravel.com\/wp-content\/uploads\/2025\/10\/Blue-and-White-Modern-Travel-Agency-Presentation.webp 1500w\" sizes=\"auto, (max-width: 1024px) 100vw, 1024px\" \/><\/a><\/figure>\n<\/figure>\n\n\n\n<p class=\"has-text-align-center has-text-color has-background has-link-color wp-elements-dc3a256d265f0dca8ed5b41679745872\" style=\"border-top-left-radius:7px;border-top-right-radius:7px;border-bottom-left-radius:7px;border-bottom-right-radius:7px;color:#f4f4f4;background-color:#c5a059\"><a href=\"https:\/\/sunzentravel.com\/sv\/palawan-paradis-o\/\">LADDA NER DIN PRESENTGUIDE<\/a><\/p>\n<\/div>\n<\/div>\n<\/div><\/div>\n\n\n\n<blockquote class=\"wp-block-quote is-layout-flow wp-block-quote-is-layout-flow\">\n<p><\/p>\n<\/blockquote>","protected":false},"excerpt":{"rendered":"<p>Conoce a los fundadores de SunZen Travel: Expertos en viajes de autor y bienestar Fuera de lo predecible, la \u00fanica br\u00fajula es la emoci\u00f3n Durante a\u00f1os escuchamos y vimos lo mismo: viajeros ilusionados que terminaban agotados. Vimos hoteles que no invitan a descansar. Sufrimos la falta de privacidad. Observamos a grupos movi\u00e9ndose como reba\u00f1os tras [&hellip;]<\/p>\n","protected":false},"author":1,"featured_media":0,"parent":0,"menu_order":0,"comment_status":"closed","ping_status":"closed","template":"","meta":{"_uag_custom_page_level_css":"","site-sidebar-layout":"no-sidebar","site-content-layout":"plain-container","ast-site-content-layout":"full-width-container","site-content-style":"unboxed","site-sidebar-style":"unboxed","ast-global-header-display":"","ast-banner-title-visibility":"","ast-main-header-display":"","ast-hfb-above-header-display":"","ast-hfb-below-header-display":"","ast-hfb-mobile-header-display":"","site-post-title":"disabled","ast-breadcrumbs-content":"","ast-featured-img":"disabled","footer-sml-layout":"","ast-disable-related-posts":"","theme-transparent-header-meta":"enabled","adv-header-id-meta":"","stick-header-meta":"","header-above-stick-meta":"","header-main-stick-meta":"","header-below-stick-meta":"","astra-migrate-meta-layouts":"set","ast-page-background-enabled":"default","ast-page-background-meta":{"desktop":{"background-color":"","background-image":"","background-repeat":"repeat","background-position":"center center","background-size":"auto","background-attachment":"scroll","background-type":"","background-media":"","overlay-type":"","overlay-color":"","overlay-opacity":"","overlay-gradient":""},"tablet":{"background-color":"","background-image":"","background-repeat":"repeat","background-position":"center center","background-size":"auto","background-attachment":"scroll","background-type":"","background-media":"","overlay-type":"","overlay-color":"","overlay-opacity":"","overlay-gradient":""},"mobile":{"background-color":"","background-image":"","background-repeat":"repeat","background-position":"center center","background-size":"auto","background-attachment":"scroll","background-type":"","background-media":"","overlay-type":"","overlay-color":"","overlay-opacity":"","overlay-gradient":""}},"ast-content-background-meta":{"desktop":{"background-color":"var(--ast-global-color-5)","background-image":"","background-repeat":"repeat","background-position":"center center","background-size":"auto","background-attachment":"scroll","background-type":"","background-media":"","overlay-type":"","overlay-color":"","overlay-opacity":"","overlay-gradient":""},"tablet":{"background-color":"var(--ast-global-color-5)","background-image":"","background-repeat":"repeat","background-position":"center center","background-size":"auto","background-attachment":"scroll","background-type":"","background-media":"","overlay-type":"","overlay-color":"","overlay-opacity":"","overlay-gradient":""},"mobile":{"background-color":"var(--ast-global-color-5)","background-image":"","background-repeat":"repeat","background-position":"center center","background-size":"auto","background-attachment":"scroll","background-type":"","background-media":"","overlay-type":"","overlay-color":"","overlay-opacity":"","overlay-gradient":""}},"footnotes":""},"folder":[19],"class_list":["post-9792","page","type-page","status-publish","hentry"],"uagb_featured_image_src":{"full":false,"thumbnail":false,"medium":false,"medium_large":false,"large":false,"1536x1536":false,"2048x2048":false,"trp-custom-language-flag":false},"uagb_author_info":{"display_name":"sunzentravel","author_link":"https:\/\/sunzentravel.com\/sv\/author\/toni_a23live-com\/"},"uagb_comment_info":0,"uagb_excerpt":"Conoce a los fundadores de SunZen Travel: Expertos en viajes de autor y bienestar Fuera de lo predecible, la \u00fanica br\u00fajula es la emoci\u00f3n Durante a\u00f1os escuchamos y vimos lo mismo: viajeros ilusionados que terminaban agotados. Vimos hoteles que no invitan a descansar. Sufrimos la falta de privacidad. Observamos a grupos movi\u00e9ndose como reba\u00f1os tras&hellip;","_links":{"self":[{"href":"https:\/\/sunzentravel.com\/sv\/wp-json\/wp\/v2\/pages\/9792","targetHints":{"allow":["GET"]}}],"collection":[{"href":"https:\/\/sunzentravel.com\/sv\/wp-json\/wp\/v2\/pages"}],"about":[{"href":"https:\/\/sunzentravel.com\/sv\/wp-json\/wp\/v2\/types\/page"}],"author":[{"embeddable":true,"href":"https:\/\/sunzentravel.com\/sv\/wp-json\/wp\/v2\/users\/1"}],"replies":[{"embeddable":true,"href":"https:\/\/sunzentravel.com\/sv\/wp-json\/wp\/v2\/comments?post=9792"}],"version-history":[{"count":35,"href":"https:\/\/sunzentravel.com\/sv\/wp-json\/wp\/v2\/pages\/9792\/revisions"}],"predecessor-version":[{"id":10175,"href":"https:\/\/sunzentravel.com\/sv\/wp-json\/wp\/v2\/pages\/9792\/revisions\/10175"}],"wp:attachment":[{"href":"https:\/\/sunzentravel.com\/sv\/wp-json\/wp\/v2\/media?parent=9792"}],"wp:term":[{"taxonomy":"folder","embeddable":true,"href":"https:\/\/sunzentravel.com\/sv\/wp-json\/wp\/v2\/folder?post=9792"}],"curies":[{"name":"wp","href":"https:\/\/api.w.org\/{rel}","templated":true}]}}