{"id":6136,"date":"2025-11-16T16:39:13","date_gmt":"2025-11-16T16:39:13","guid":{"rendered":"https:\/\/sunzentravel.com\/?page_id=6136"},"modified":"2026-04-11T17:59:05","modified_gmt":"2026-04-11T17:59:05","slug":"viajes-grupo-tailandia","status":"publish","type":"page","link":"https:\/\/sunzentravel.com\/sv\/gruppresor-thailand\/","title":{"rendered":"gruppresor thailand"},"content":{"rendered":"<div class=\"wp-block-uagb-container uagb-block-c1e2fce7 alignwide uagb-is-root-container\">\n<h1 class=\"wp-block-heading alignfull has-text-align-center titulo-destacado has-ast-global-color-4-color has-text-color has-link-color wp-elements-a7120a9a14cb509e417518370c5de3cf\" style=\"padding-top:var(--wp--preset--spacing--20);padding-right:0;padding-bottom:var(--wp--preset--spacing--20);padding-left:0;font-size:50px\">GRUPPRESOR TILL THAILAND<\/h1>\n<\/div>\n\n\n\n<div style=\"height:100px\" aria-hidden=\"true\" class=\"wp-block-spacer\"><\/div>\n\n\n\n<div class=\"wp-block-uagb-container uagb-block-7ac6427e alignfull uagb-is-root-container\"><div class=\"uagb-container-inner-blocks-wrap\">\n<h2 class=\"wp-block-heading\" style=\"text-transform:none\">Mer \u00e4n en resplan, en verklig koppling till k\u00e4rnan i Thailand<\/h2>\n\n\n\n<h3 class=\"wp-block-heading\" style=\"text-transform:none\">V\u00e5r <strong>gruppresor Thailand<\/strong> \u00e4r utformade f\u00f6r dem som vill uppt\u00e4cka k\u00e4rnan i leendenas land p\u00e5 ett autentiskt och avslappnat s\u00e4tt.<\/h3>\n<\/div><\/div>\n\n\n\n<div class=\"wp-block-uagb-container uagb-block-6551e418 alignfull uagb-is-root-container\"><div class=\"uagb-container-inner-blocks-wrap\">\n<div style=\"height:100px\" aria-hidden=\"true\" class=\"wp-block-spacer\"><\/div>\n<\/div><\/div>\n\n\n\n<div class=\"wp-block-uagb-container uagb-block-debf1640 alignfull uagb-is-root-container\"><div class=\"uagb-container-inner-blocks-wrap\">\n<div class=\"wp-block-columns is-layout-flex wp-container-core-columns-is-layout-28f84493 wp-block-columns-is-layout-flex\">\n<div class=\"wp-block-column is-layout-flow wp-block-column-is-layout-flow\">\n<div class=\"wp-block-cover\"><img loading=\"lazy\" decoding=\"async\" width=\"450\" height=\"310\" class=\"wp-block-cover__image-background wp-image-4972\" alt=\"flygfoto \u00f6ver sai nuan beach koh tao thailand\" src=\"https:\/\/sunzentravel.com\/wp-content\/uploads\/2025\/10\/137764422-vista-aerea-de-la-playa-de-sai-nuan-koh-tao-tailandia.webp\" data-object-fit=\"cover\" srcset=\"https:\/\/sunzentravel.com\/wp-content\/uploads\/2025\/10\/137764422-vista-aerea-de-la-playa-de-sai-nuan-koh-tao-tailandia.webp 450w, https:\/\/sunzentravel.com\/wp-content\/uploads\/2025\/10\/137764422-vista-aerea-de-la-playa-de-sai-nuan-koh-tao-tailandia-300x207.webp 300w\" sizes=\"auto, (max-width: 450px) 100vw, 450px\" \/><span aria-hidden=\"true\" class=\"wp-block-cover__background has-background-dim\"><\/span><div class=\"wp-block-cover__inner-container is-layout-flow wp-block-cover-is-layout-flow\">\n<p class=\"has-text-align-center has-white-color has-text-color has-link-color has-large-font-size wp-elements-c69ecd97721bdbe035614868c73bdeac\">Thailand<\/p>\n\n\n\n<div class=\"wp-block-buttons is-content-justification-center is-layout-flex wp-container-core-buttons-is-layout-a89b3969 wp-block-buttons-is-layout-flex\">\n<div class=\"wp-block-button\"><a class=\"wp-block-button__link has-medium-font-size has-custom-font-size wp-element-button\" href=\"https:\/\/sunzentravel.com\/sv\/thailand-augusti-resa\/\">Resa augusti 2026<\/a><\/div>\n<\/div>\n<\/div><\/div>\n<\/div>\n\n\n\n<div class=\"wp-block-column is-layout-flow wp-block-column-is-layout-flow\">\n<div class=\"wp-block-cover\"><img loading=\"lazy\" decoding=\"async\" width=\"450\" height=\"310\" class=\"wp-block-cover__image-background wp-image-4972\" alt=\"flygfoto \u00f6ver sai nuan beach koh tao thailand\" src=\"https:\/\/sunzentravel.com\/wp-content\/uploads\/2025\/10\/137764422-vista-aerea-de-la-playa-de-sai-nuan-koh-tao-tailandia.webp\" data-object-fit=\"cover\" srcset=\"https:\/\/sunzentravel.com\/wp-content\/uploads\/2025\/10\/137764422-vista-aerea-de-la-playa-de-sai-nuan-koh-tao-tailandia.webp 450w, https:\/\/sunzentravel.com\/wp-content\/uploads\/2025\/10\/137764422-vista-aerea-de-la-playa-de-sai-nuan-koh-tao-tailandia-300x207.webp 300w\" sizes=\"auto, (max-width: 450px) 100vw, 450px\" \/><span aria-hidden=\"true\" class=\"wp-block-cover__background has-background-dim\"><\/span><div class=\"wp-block-cover__inner-container is-layout-flow wp-block-cover-is-layout-flow\">\n<p class=\"has-text-align-center has-white-color has-text-color has-link-color has-large-font-size wp-elements-c69ecd97721bdbe035614868c73bdeac\">Thailand<\/p>\n\n\n\n<div class=\"wp-block-buttons is-content-justification-center is-layout-flex wp-container-core-buttons-is-layout-a89b3969 wp-block-buttons-is-layout-flex\">\n<div class=\"wp-block-button\"><a class=\"wp-block-button__link has-medium-font-size has-custom-font-size wp-element-button\" href=\"https:\/\/sunzentravel.com\/sv\/thailand-september-resa\/\">RESA SEPTEMBER 2026<\/a><\/div>\n<\/div>\n<\/div><\/div>\n<\/div>\n\n\n\n<div class=\"wp-block-column is-layout-flow wp-block-column-is-layout-flow\">\n<div class=\"wp-block-cover\"><img loading=\"lazy\" decoding=\"async\" width=\"450\" height=\"310\" class=\"wp-block-cover__image-background wp-image-4972\" alt=\"flygfoto \u00f6ver sai nuan beach koh tao thailand\" src=\"https:\/\/sunzentravel.com\/wp-content\/uploads\/2025\/10\/137764422-vista-aerea-de-la-playa-de-sai-nuan-koh-tao-tailandia.webp\" data-object-fit=\"cover\" srcset=\"https:\/\/sunzentravel.com\/wp-content\/uploads\/2025\/10\/137764422-vista-aerea-de-la-playa-de-sai-nuan-koh-tao-tailandia.webp 450w, https:\/\/sunzentravel.com\/wp-content\/uploads\/2025\/10\/137764422-vista-aerea-de-la-playa-de-sai-nuan-koh-tao-tailandia-300x207.webp 300w\" sizes=\"auto, (max-width: 450px) 100vw, 450px\" \/><span aria-hidden=\"true\" class=\"wp-block-cover__background has-background-dim\"><\/span><div class=\"wp-block-cover__inner-container is-layout-flow wp-block-cover-is-layout-flow\">\n<p class=\"has-text-align-center has-white-color has-text-color has-link-color has-large-font-size wp-elements-c69ecd97721bdbe035614868c73bdeac\">Thailand<\/p>\n\n\n\n<div class=\"wp-block-buttons is-content-justification-center is-layout-flex wp-container-core-buttons-is-layout-a89b3969 wp-block-buttons-is-layout-flex\">\n<div class=\"wp-block-button\"><a class=\"wp-block-button__link has-medium-font-size has-custom-font-size wp-element-button\" href=\"https:\/\/sunzentravel.com\/sv\/thailand-oktober-resa\/\">RESA OKTOBER 2026<\/a><\/div>\n<\/div>\n<\/div><\/div>\n<\/div>\n<\/div>\n<\/div><\/div>\n\n\n\n<div class=\"wp-block-uagb-container uagb-block-6f559b4f alignfull uagb-is-root-container\"><div class=\"uagb-container-inner-blocks-wrap\">\n<div class=\"wp-block-uagb-advanced-heading uagb-block-9997db04\"><h2 class=\"uagb-heading-text\">F\u00d6RM\u00c5NER VID RESOR I SOLSKEN<\/h2><p class=\"uagb-desc-text\">NATUR, \u00c4VENTYR, KULTUR, ZEN OCH STRAND<\/p><\/div>\n\n\n<div class=\"wp-block-uagb-faq uagb-faq__outer-wrap uagb-block-a92893ac uagb-faq-icon-row-reverse uagb-faq-layout-accordion uagb-faq-expand-first-false uagb-faq-inactive-other-true uagb-faq__wrap uagb-buttons-layout-wrap uagb-faq-equal-height\" data-faqtoggle=\"true\" role=\"tablist\"><div class=\"wp-block-uagb-faq-child uagb-faq-child__outer-wrap uagb-faq-item uagb-block-b60c1de3\" role=\"tab\" tabindex=\"0\"><div class=\"uagb-faq-questions-button uagb-faq-questions\">\t\t\t<span class=\"uagb-icon uagb-faq-icon-wrap\">\n\t\t\t\t\t\t\t\t<svg xmlns=\"https:\/\/www.w3.org\/2000\/svg\" viewbox= \"0 0 448 512\"><path d=\"M432 256c0 17.69-14.33 32.01-32 32.01H256v144c0 17.69-14.33 31.99-32 31.99s-32-14.3-32-31.99v-144H48c-17.67 0-32-14.32-32-32.01s14.33-31.99 32-31.99H192v-144c0-17.69 14.33-32.01 32-32.01s32 14.32 32 32.01v144h144C417.7 224 432 238.3 432 256z\"><\/path><\/svg>\n\t\t\t\t\t\t\t<\/span>\n\t\t\t\t\t\t<span class=\"uagb-icon-active uagb-faq-icon-wrap\">\n\t\t\t\t\t\t\t\t<svg xmlns=\"https:\/\/www.w3.org\/2000\/svg\" viewbox= \"0 0 448 512\"><path d=\"M400 288h-352c-17.69 0-32-14.32-32-32.01s14.31-31.99 32-31.99h352c17.69 0 32 14.3 32 31.99S417.7 288 400 288z\"><\/path><\/svg>\n\t\t\t\t\t\t\t<\/span>\n\t\t\t<span class=\"uagb-question\">SunZen Resor<\/span><\/div><div class=\"uagb-faq-content\"><p>Varje resen\u00e4r beh\u00f6ver n\u00e5got annat, l\u00e4ra k\u00e4nna det b\u00e4sta av platsen, n\u00f6je, avkoppling, tr\u00e4ffa m\u00e4nniskor, nya upplevelser, autentiska kontakter, frihet, anslutning, \u00e4ventyr.... p\u00e5 v\u00e5ra resor, med god energi och med en fantastisk grupp....det du g\u00f6r p\u00e5 resan stannar p\u00e5 resan.<\/p><\/div><\/div><div class=\"wp-block-uagb-faq-child uagb-faq-child__outer-wrap uagb-faq-item uagb-block-7b345a3a\" role=\"tab\" tabindex=\"0\"><div class=\"uagb-faq-questions-button uagb-faq-questions\">\t\t\t<span class=\"uagb-icon uagb-faq-icon-wrap\">\n\t\t\t\t\t\t\t<\/span>\n\t\t\t\t\t\t<span class=\"uagb-icon-active uagb-faq-icon-wrap\">\n\t\t\t\t\t\t\t\t<svg xmlns=\"https:\/\/www.w3.org\/2000\/svg\" viewbox= \"0 0 320 512\"><path d=\"M9.39 265.4l127.1-128C143.6 131.1 151.8 128 160 128s16.38 3.125 22.63 9.375l127.1 128c9.156 9.156 11.9 22.91 6.943 34.88S300.9 320 287.1 320H32.01c-12.94 0-24.62-7.781-29.58-19.75S.2333 274.5 9.39 265.4z\"><\/path><\/svg>\n\t\t\t\t\t\t\t<\/span>\n\t\t\t<span class=\"uagb-question\">Fysisk och psykisk h\u00e4lsa<\/span><\/div><div class=\"uagb-faq-content\"><p>Att vistas i naturen minskar stress, \u00e5ngest och depression. Det f\u00f6rb\u00e4ttrar v\u00e5r koncentration, v\u00e5rt hum\u00f6r och v\u00e5r s\u00f6mnkvalitet. Naturligt ljus reglerar v\u00e5r dygnsrytm, och frisk luft och utomhusmotion st\u00e4rker kroppen.<\/p><\/div><\/div><div class=\"wp-block-uagb-faq-child uagb-faq-child__outer-wrap uagb-faq-item uagb-block-c0ede2d4\" role=\"tab\" tabindex=\"0\"><div class=\"uagb-faq-questions-button uagb-faq-questions\">\t\t\t<span class=\"uagb-icon uagb-faq-icon-wrap\">\n\t\t\t\t\t\t\t<\/span>\n\t\t\t\t\t\t<span class=\"uagb-icon-active uagb-faq-icon-wrap\">\n\t\t\t\t\t\t\t\t<svg xmlns=\"https:\/\/www.w3.org\/2000\/svg\" viewbox= \"0 0 320 512\"><path d=\"M9.39 265.4l127.1-128C143.6 131.1 151.8 128 160 128s16.38 3.125 22.63 9.375l127.1 128c9.156 9.156 11.9 22.91 6.943 34.88S300.9 320 287.1 320H32.01c-12.94 0-24.62-7.781-29.58-19.75S.2333 274.5 9.39 265.4z\"><\/path><\/svg>\n\t\t\t\t\t\t\t<\/span>\n\t\t\t<span class=\"uagb-question\">Semester, fester, n\u00f6jen, avkoppling och lugn.<\/span><\/div><div class=\"uagb-faq-content\"><p>P\u00e5 v\u00e5ra expeditioner \u00e4r frihet en del av resplanen. Vi f\u00f6rst\u00e5r att det inte finns en enda formel f\u00f6r att \u00e5terst\u00e4lla din energi: fr\u00e5n gl\u00e4djen i att dela med sig och ha kul till tystnaden i den viktiga fr\u00e5nkopplingen.<\/p><\/div><\/div><div class=\"wp-block-uagb-faq-child uagb-faq-child__outer-wrap uagb-faq-item uagb-block-99aac894\" role=\"tab\" tabindex=\"0\"><div class=\"uagb-faq-questions-button uagb-faq-questions\">\t\t\t<span class=\"uagb-icon uagb-faq-icon-wrap\">\n\t\t\t\t\t\t\t<\/span>\n\t\t\t\t\t\t<span class=\"uagb-icon-active uagb-faq-icon-wrap\">\n\t\t\t\t\t\t\t\t<svg xmlns=\"https:\/\/www.w3.org\/2000\/svg\" viewbox= \"0 0 320 512\"><path d=\"M9.39 265.4l127.1-128C143.6 131.1 151.8 128 160 128s16.38 3.125 22.63 9.375l127.1 128c9.156 9.156 11.9 22.91 6.943 34.88S300.9 320 287.1 320H32.01c-12.94 0-24.62-7.781-29.58-19.75S.2333 274.5 9.39 265.4z\"><\/path><\/svg>\n\t\t\t\t\t\t\t<\/span>\n\t\t\t<span class=\"uagb-question\">Djup kontakt<\/span><\/div><div class=\"uagb-faq-content\"><p>K\u00e4nslan av att vara en del av en helhet, av att vara sammankopplad med varje del av universum.<\/p><\/div><\/div><div class=\"wp-block-uagb-faq-child uagb-faq-child__outer-wrap uagb-faq-item uagb-block-e7754ee4\" role=\"tab\" tabindex=\"0\"><div class=\"uagb-faq-questions-button uagb-faq-questions\">\t\t\t<span class=\"uagb-icon uagb-faq-icon-wrap\">\n\t\t\t\t\t\t\t<\/span>\n\t\t\t\t\t\t<span class=\"uagb-icon-active uagb-faq-icon-wrap\">\n\t\t\t\t\t\t\t\t<svg xmlns=\"https:\/\/www.w3.org\/2000\/svg\" viewbox= \"0 0 320 512\"><path d=\"M9.39 265.4l127.1-128C143.6 131.1 151.8 128 160 128s16.38 3.125 22.63 9.375l127.1 128c9.156 9.156 11.9 22.91 6.943 34.88S300.9 320 287.1 320H32.01c-12.94 0-24.62-7.781-29.58-19.75S.2333 274.5 9.39 265.4z\"><\/path><\/svg>\n\t\t\t\t\t\t\t<\/span>\n\t\t\t<span class=\"uagb-question\">Naturens f\u00f6rdelar<\/span><\/div><div class=\"uagb-faq-content\"><p>Naturen, med sin enorma sk\u00f6nhet, f\u00f6rmedlar en inneboende positivitet som v\u00e5rdar v\u00e5r vitalitet genom att \u00e5terst\u00e4lla fysisk och mental energi, och fr\u00e4mjar djupt v\u00e4lbefinnande genom att f\u00f6rena kropp och sj\u00e4l i balans.<\/p><\/div><\/div><div class=\"wp-block-uagb-faq-child uagb-faq-child__outer-wrap uagb-faq-item uagb-block-cf9b9cec\" role=\"tab\" tabindex=\"0\"><div class=\"uagb-faq-questions-button uagb-faq-questions\">\t\t\t<span class=\"uagb-icon uagb-faq-icon-wrap\">\n\t\t\t\t\t\t\t<\/span>\n\t\t\t\t\t\t<span class=\"uagb-icon-active uagb-faq-icon-wrap\">\n\t\t\t\t\t\t\t\t<svg xmlns=\"https:\/\/www.w3.org\/2000\/svg\" viewbox= \"0 0 320 512\"><path d=\"M9.39 265.4l127.1-128C143.6 131.1 151.8 128 160 128s16.38 3.125 22.63 9.375l127.1 128c9.156 9.156 11.9 22.91 6.943 34.88S300.9 320 287.1 320H32.01c-12.94 0-24.62-7.781-29.58-19.75S.2333 274.5 9.39 265.4z\"><\/path><\/svg>\n\t\t\t\t\t\t\t<\/span>\n\t\t\t<span class=\"uagb-question\">Snygga, moderna och omslutande instanser<\/span><\/div><div class=\"uagb-faq-content\"><p>Genom att kombinera modernitetens komfort med lugnet i en paradisisk milj\u00f6, \u00e5teruppliva kropp och sj\u00e4l i fullst\u00e4ndig harmoni, s\u00f6ker vi f\u00f6rdelen med totalt v\u00e4lbefinnande.<\/p><\/div><\/div><\/div><\/div><\/div>","protected":false},"excerpt":{"rendered":"<p>VIAJES EN GRUPO A TAILANDIA M\u00e1s que un itinerario, una conexi\u00f3n real con la esencia de Tailandia Nuestros viajes en grupo Tailandia est\u00e1n dise\u00f1ados para quienes buscan descubrir la esencia del pa\u00eds de la sonrisa de una forma aut\u00e9ntica y relajada. BENEFICIOS SUN-ZEN TRAVEL NATURALEZA, AVENTURA, CULTURA, ZEN Y PLAYA<\/p>","protected":false},"author":1,"featured_media":0,"parent":0,"menu_order":0,"comment_status":"closed","ping_status":"closed","template":"","meta":{"_uag_custom_page_level_css":"","site-sidebar-layout":"no-sidebar","site-content-layout":"plain-container","ast-site-content-layout":"full-width-container","site-content-style":"unboxed","site-sidebar-style":"unboxed","ast-global-header-display":"","ast-banner-title-visibility":"","ast-main-header-display":"","ast-hfb-above-header-display":"","ast-hfb-below-header-display":"","ast-hfb-mobile-header-display":"","site-post-title":"disabled","ast-breadcrumbs-content":"","ast-featured-img":"disabled","footer-sml-layout":"","ast-disable-related-posts":"","theme-transparent-header-meta":"enabled","adv-header-id-meta":"","stick-header-meta":"","header-above-stick-meta":"","header-main-stick-meta":"","header-below-stick-meta":"","astra-migrate-meta-layouts":"set","ast-page-background-enabled":"default","ast-page-background-meta":{"desktop":{"background-color":"","background-image":"","background-repeat":"repeat","background-position":"center center","background-size":"auto","background-attachment":"scroll","background-type":"","background-media":"","overlay-type":"","overlay-color":"","overlay-opacity":"","overlay-gradient":""},"tablet":{"background-color":"","background-image":"","background-repeat":"repeat","background-position":"center center","background-size":"auto","background-attachment":"scroll","background-type":"","background-media":"","overlay-type":"","overlay-color":"","overlay-opacity":"","overlay-gradient":""},"mobile":{"background-color":"","background-image":"","background-repeat":"repeat","background-position":"center center","background-size":"auto","background-attachment":"scroll","background-type":"","background-media":"","overlay-type":"","overlay-color":"","overlay-opacity":"","overlay-gradient":""}},"ast-content-background-meta":{"desktop":{"background-color":"var(--ast-global-color-5)","background-image":"","background-repeat":"repeat","background-position":"center center","background-size":"auto","background-attachment":"scroll","background-type":"","background-media":"","overlay-type":"","overlay-color":"","overlay-opacity":"","overlay-gradient":""},"tablet":{"background-color":"var(--ast-global-color-5)","background-image":"","background-repeat":"repeat","background-position":"center center","background-size":"auto","background-attachment":"scroll","background-type":"","background-media":"","overlay-type":"","overlay-color":"","overlay-opacity":"","overlay-gradient":""},"mobile":{"background-color":"var(--ast-global-color-5)","background-image":"","background-repeat":"repeat","background-position":"center center","background-size":"auto","background-attachment":"scroll","background-type":"","background-media":"","overlay-type":"","overlay-color":"","overlay-opacity":"","overlay-gradient":""}},"footnotes":""},"folder":[7],"class_list":["post-6136","page","type-page","status-publish","hentry"],"uagb_featured_image_src":{"full":false,"thumbnail":false,"medium":false,"medium_large":false,"large":false,"1536x1536":false,"2048x2048":false,"trp-custom-language-flag":false},"uagb_author_info":{"display_name":"sunzentravel","author_link":"https:\/\/sunzentravel.com\/sv\/author\/toni_a23live-com\/"},"uagb_comment_info":0,"uagb_excerpt":"VIAJES EN GRUPO A TAILANDIA M\u00e1s que un itinerario, una conexi\u00f3n real con la esencia de Tailandia Nuestros viajes en grupo Tailandia est\u00e1n dise\u00f1ados para quienes buscan descubrir la esencia del pa\u00eds de la sonrisa de una forma aut\u00e9ntica y relajada. BENEFICIOS SUN-ZEN TRAVEL NATURALEZA, AVENTURA, CULTURA, ZEN Y PLAYA","_links":{"self":[{"href":"https:\/\/sunzentravel.com\/sv\/wp-json\/wp\/v2\/pages\/6136","targetHints":{"allow":["GET"]}}],"collection":[{"href":"https:\/\/sunzentravel.com\/sv\/wp-json\/wp\/v2\/pages"}],"about":[{"href":"https:\/\/sunzentravel.com\/sv\/wp-json\/wp\/v2\/types\/page"}],"author":[{"embeddable":true,"href":"https:\/\/sunzentravel.com\/sv\/wp-json\/wp\/v2\/users\/1"}],"replies":[{"embeddable":true,"href":"https:\/\/sunzentravel.com\/sv\/wp-json\/wp\/v2\/comments?post=6136"}],"version-history":[{"count":43,"href":"https:\/\/sunzentravel.com\/sv\/wp-json\/wp\/v2\/pages\/6136\/revisions"}],"predecessor-version":[{"id":10043,"href":"https:\/\/sunzentravel.com\/sv\/wp-json\/wp\/v2\/pages\/6136\/revisions\/10043"}],"wp:attachment":[{"href":"https:\/\/sunzentravel.com\/sv\/wp-json\/wp\/v2\/media?parent=6136"}],"wp:term":[{"taxonomy":"folder","embeddable":true,"href":"https:\/\/sunzentravel.com\/sv\/wp-json\/wp\/v2\/folder?post=6136"}],"curies":[{"name":"wp","href":"https:\/\/api.w.org\/{rel}","templated":true}]}}