{"id":9792,"date":"2026-04-08T10:52:03","date_gmt":"2026-04-08T10:52:03","guid":{"rendered":"https:\/\/sunzentravel.com\/?page_id=9792"},"modified":"2026-04-12T21:18:10","modified_gmt":"2026-04-12T21:18:10","slug":"acerca-de-nosotros","status":"publish","type":"page","link":"https:\/\/sunzentravel.com\/fr\/a-propos\/","title":{"rendered":"A propos de nous"},"content":{"rendered":"<div class=\"wp-block-uagb-container uagb-block-f6474934 alignfull uagb-is-root-container\"><div class=\"uagb-container-inner-blocks-wrap\">\n<h1 class=\"sr-only\">Rencontrez les fondateurs de SunZen Travel : Experts en voyages d'auteur et bien-\u00eatre<\/h1>\n\n\n\n<h1 class=\"wp-block-heading alignfull titulo-destacado has-white-color has-text-color has-link-color has-large-font-size wp-elements-fd48a65e03bb8e1ea717b2cf68f654ad\" style=\"margin-right:0;margin-left:0;text-transform:none\">En dehors du pr\u00e9visible, la seule boussole est l'\u00e9motion.<\/h1>\n<\/div><\/div>\n\n\n\n<div class=\"wp-block-uagb-container uagb-block-d1090499 alignfull uagb-is-root-container\"><div class=\"uagb-container-inner-blocks-wrap\">\n<div style=\"height:100px\" aria-hidden=\"true\" class=\"wp-block-spacer\"><\/div>\n\n\n\n<div class=\"wp-block-uagb-container uagb-block-7cbb401c\">\n<h2 class=\"wp-block-heading\" style=\"text-transform:none\">Pendant des ann\u00e9es, nous avons entendu et vu la m\u00eame chose : <strong>des voyageurs enthousiastes qui se sont retrouv\u00e9s \u00e9puis\u00e9s.<\/strong><\/h2>\n\n\n\n<div style=\"height:100px\" aria-hidden=\"true\" class=\"wp-block-spacer\"><\/div>\n\n\n\n<p class=\"has-medium-font-size\">Nous avons vu des h\u00f4tels qui n'invitent pas au repos.<\/p>\n\n\n\n<p class=\"has-medium-font-size\">Nous souffrons d'un manque d'intimit\u00e9.<\/p>\n\n\n\n<p class=\"has-medium-font-size\">Nous observons des groupes qui se d\u00e9placent comme des troupeaux derri\u00e8re un parapluie, remplissant une liste de monuments mais vides de moments.<\/p>\n\n\n\n<div style=\"height:15px\" aria-hidden=\"true\" class=\"wp-block-spacer\"><\/div>\n\n\n\n<p style=\"font-size:22px\">Parce que nous l'avons v\u00e9cue en tant que voyageurs et \u00e9cout\u00e9e en tant qu'amis :<strong> le vrai luxe n'est pas ce que l'on voit, c'est la fa\u00e7on dont on le vit.<\/strong><\/p>\n<\/div>\n\n\n\n<div style=\"height:100px\" aria-hidden=\"true\" class=\"wp-block-spacer\"><\/div>\n\n\n\n<div class=\"wp-block-uagb-container uagb-block-9d98da6d\">\n<h2 class=\"wp-block-heading\" style=\"text-transform:none\">Notre fa\u00e7on de voyager a du sens, mais elle ne convient pas \u00e0 tout le monde.<\/h2>\n\n\n\n<p class=\"has-medium-font-size\">Nous ne concevons pas des voyages pour remplir des bus. Nous pr\u00e9f\u00e9rons \u00eatre le choix de ceux qui accordent plus d'importance \u00e0 leur temps et \u00e0 leur \u00e9nergie qu'\u00e0 un rabais. Si vous cherchez \u00able moins cher\u00bb, nous ne sommes pas l\u00e0 pour vous. En revanche, si vous privil\u00e9giez le bien-\u00eatre, vous \u00eates \u00e0 votre place.<br><\/p>\n\n\n\n<div style=\"height:15px\" aria-hidden=\"true\" class=\"wp-block-spacer\"><\/div>\n\n\n\n<p class=\"has-medium-font-size\"><strong>L'aventure oui. L'inconfort non.<\/strong> <strong>La nature oui. La surpopulation non.<\/strong> <strong>Le bien-\u00eatre, oui. Renoncer \u00e0 soi-m\u00eame, jamais.<\/strong><\/p>\n<\/div>\n\n\n\n<div style=\"height:100px\" aria-hidden=\"true\" class=\"wp-block-spacer\"><\/div>\n<\/div><\/div>\n\n\n\n<div class=\"wp-block-uagb-container uagb-block-9b50d7fa alignfull uagb-is-root-container\"><div class=\"uagb-container-inner-blocks-wrap\">\n<div class=\"wp-block-uagb-container uagb-block-7b2e4b4b\">\n<h2 class=\"wp-block-heading\" style=\"text-transform:none\">L'origine d'une fa\u00e7on plus significative de voyager<\/h2>\n<\/div>\n\n\n\n<div style=\"height:100px\" aria-hidden=\"true\" class=\"wp-block-spacer\"><\/div>\n\n\n\n<div class=\"wp-block-columns is-layout-flex wp-container-core-columns-is-layout-28f84493 wp-block-columns-is-layout-flex\">\n<div class=\"wp-block-column is-layout-flow wp-block-column-is-layout-flow\">\n<figure class=\"wp-block-gallery has-nested-images columns-default is-cropped wp-block-gallery-1 is-layout-flex wp-block-gallery-is-layout-flex\">\n<figure class=\"wp-block-image size-large\"><img loading=\"lazy\" decoding=\"async\" width=\"768\" height=\"1024\" data-id=\"5399\" src=\"https:\/\/sunzentravel.com\/wp-content\/uploads\/2025\/10\/20230506_104717-768x1024.webp\" alt=\"Rakel et Toni\" class=\"wp-image-5399\" srcset=\"https:\/\/sunzentravel.com\/wp-content\/uploads\/2025\/10\/20230506_104717-768x1024.webp 768w, https:\/\/sunzentravel.com\/wp-content\/uploads\/2025\/10\/20230506_104717-225x300.webp 225w, https:\/\/sunzentravel.com\/wp-content\/uploads\/2025\/10\/20230506_104717-1152x1536.webp 1152w, https:\/\/sunzentravel.com\/wp-content\/uploads\/2025\/10\/20230506_104717-1536x2048.webp 1536w, https:\/\/sunzentravel.com\/wp-content\/uploads\/2025\/10\/20230506_104717-scaled.webp 1920w\" sizes=\"auto, (max-width: 768px) 100vw, 768px\" \/><\/figure>\n<\/figure>\n<\/div>\n\n\n\n<div class=\"wp-block-column has-medium-font-size is-layout-flow wp-block-column-is-layout-flow\">\n<p class=\"has-medium-font-size\"><strong>Nous sommes Toni et Raquel - ou Raquel et Toni,<\/strong> Peu importe, car dans notre cas, l'ordre des facteurs ne modifie pas le produit. Nous ne sommes ni math\u00e9maticiens ni philosophes, juste deux personnes qui ont appris \u00e0 profiter de la vie. Et oui, nous savons que ce n'est pas toujours facile... mais qui n'aimerait pas le faire ?<\/p>\n\n\n\n<p class=\"has-medium-font-size\"><strong>Au fil des ans, nous avons vu, v\u00e9cu et entendu la m\u00eame chose : des voyageurs \u00e9puis\u00e9s, des exp\u00e9riences qui promettaient beaucoup et ne donnaient pas grand-chose, des itin\u00e9raires qui semblaient \u00eatre des photocopies les uns des autres et des voyages qui \u00e9taient oubli\u00e9s aussi vite qu'ils avaient \u00e9t\u00e9 pay\u00e9s.<\/strong><\/p>\n\n\n\n<p class=\"has-medium-font-size\"><strong>Cela nous a conduits \u00e0 une conclusion qui a tout chang\u00e9 :<\/strong><strong><br><\/strong><strong> si le chemin que vous empruntez ne vous m\u00e8ne plus l\u00e0 o\u00f9 vous voulez aller, il est temps de changer de direction.<\/strong><\/p>\n\n\n\n<p class=\"has-medium-font-size\"><strong>PERSPECTIVE.<\/strong><strong><br><\/strong><strong> Un mot simple mais puissant.<\/strong><strong><br><\/strong><strong> Appliqu\u00e9e \u00e0 votre vie - et \u00e0 vos voyages - elle peut tout transformer.<\/strong><\/p>\n\n\n\n<p class=\"has-medium-font-size\"><strong>C'est pourquoi nous avons cr\u00e9\u00e9 SunZen Travel :<\/strong><\/p>\n\n\n\n<p class=\"has-medium-font-size\"><strong>Nous sommes une agence de voyages et de soleil parce que nous aimons le soleil et les voyages, et nous le faisons pour offrir des exp\u00e9riences qui vous aident \u00e0 retrouver cette perspective, avec enthousiasme, avec des id\u00e9es et avec un r\u00e9el engagement \u00e0 concevoir des voyages qui se sentent authentiques, soign\u00e9s et pleins de sens.<\/strong><\/p>\n\n\n\n<p class=\"has-medium-font-size\"><strong>Nous ne pr\u00e9tendons pas \u00eatre une agence conventionnelle.<br> Nous cherchons \u00e0 cr\u00e9er des exp\u00e9riences o\u00f9 chaque d\u00e9cision a une raison d'\u00eatre... et est remarqu\u00e9e.<\/strong><\/p>\n<\/div>\n<\/div>\n\n\n\n<div style=\"height:100px\" aria-hidden=\"true\" class=\"wp-block-spacer\"><\/div>\n\n\n\n<div class=\"wp-block-uagb-container uagb-block-e8cb4f68\">\n<h2 class=\"wp-block-heading\" style=\"text-transform:none\"><strong>Il ne s'agit pas de voyager plus. Il s'agit de mieux voyager.<\/strong><\/h2>\n\n\n\n<p class=\"has-medium-font-size\">Arr\u00eater de collectionner les lieux et commencer \u00e0 collectionner les moments qui comptent vraiment. Sentir que chaque jour a un sens, que chaque exp\u00e9rience s'additionne et que chaque d\u00e9cision a \u00e9t\u00e9 prise pour prot\u00e9ger votre \u00e9nergie.<\/p>\n\n\n\n<div style=\"height:15px\" aria-hidden=\"true\" class=\"wp-block-spacer\"><\/div>\n\n\n\n<p class=\"has-medium-font-size\"><strong>Votre prochain voyage ne doit pas \u00eatre un voyage comme les autres. Il doit \u00eatre celui dont vous vous souviendrez des ann\u00e9es plus tard. Celui que vous n'avez pas besoin d'expliquer... parce qu'il se voit.<\/strong><\/p>\n<\/div>\n\n\n\n<div style=\"height:100px\" aria-hidden=\"true\" class=\"wp-block-spacer\"><\/div>\n\n\n\n<figure class=\"wp-block-gallery has-nested-images columns-5 is-cropped galeria-movil-scroll wp-block-gallery-2 is-layout-flex wp-block-gallery-is-layout-flex\">\n<figure class=\"wp-block-image size-full\"><img loading=\"lazy\" decoding=\"async\" width=\"1000\" height=\"1333\" data-id=\"4894\" src=\"https:\/\/sunzentravel.com\/wp-content\/uploads\/2025\/10\/20230811_200456.webp\" alt=\"20230811 200456\" class=\"wp-image-4894\" srcset=\"https:\/\/sunzentravel.com\/wp-content\/uploads\/2025\/10\/20230811_200456.webp 1000w, https:\/\/sunzentravel.com\/wp-content\/uploads\/2025\/10\/20230811_200456-225x300.webp 225w, https:\/\/sunzentravel.com\/wp-content\/uploads\/2025\/10\/20230811_200456-768x1024.webp 768w\" sizes=\"auto, (max-width: 1000px) 100vw, 1000px\" \/><\/figure>\n\n\n\n<figure class=\"wp-block-image size-full\"><img loading=\"lazy\" decoding=\"async\" width=\"1500\" height=\"2000\" data-id=\"7193\" src=\"https:\/\/sunzentravel.com\/wp-content\/uploads\/2025\/12\/Copia-de-20250517_142449-1.webp\" alt=\"\" class=\"wp-image-7193\" srcset=\"https:\/\/sunzentravel.com\/wp-content\/uploads\/2025\/12\/Copia-de-20250517_142449-1.webp 1500w, https:\/\/sunzentravel.com\/wp-content\/uploads\/2025\/12\/Copia-de-20250517_142449-1-225x300.webp 225w, https:\/\/sunzentravel.com\/wp-content\/uploads\/2025\/12\/Copia-de-20250517_142449-1-768x1024.webp 768w, https:\/\/sunzentravel.com\/wp-content\/uploads\/2025\/12\/Copia-de-20250517_142449-1-1152x1536.webp 1152w\" sizes=\"auto, (max-width: 1500px) 100vw, 1500px\" \/><\/figure>\n\n\n\n<figure class=\"wp-block-image size-full\"><img loading=\"lazy\" decoding=\"async\" width=\"1201\" height=\"1600\" data-id=\"4211\" src=\"https:\/\/sunzentravel.com\/wp-content\/uploads\/2025\/09\/IMG-20240721-WA0015.jpg\" alt=\"img 20240721 wa0015\" class=\"wp-image-4211\" srcset=\"https:\/\/sunzentravel.com\/wp-content\/uploads\/2025\/09\/IMG-20240721-WA0015.jpg 1201w, https:\/\/sunzentravel.com\/wp-content\/uploads\/2025\/09\/IMG-20240721-WA0015-225x300.jpg 225w, https:\/\/sunzentravel.com\/wp-content\/uploads\/2025\/09\/IMG-20240721-WA0015-769x1024.jpg 769w, https:\/\/sunzentravel.com\/wp-content\/uploads\/2025\/09\/IMG-20240721-WA0015-768x1023.jpg 768w, https:\/\/sunzentravel.com\/wp-content\/uploads\/2025\/09\/IMG-20240721-WA0015-1153x1536.jpg 1153w\" sizes=\"auto, (max-width: 1201px) 100vw, 1201px\" \/><\/figure>\n<\/figure>\n\n\n\n<div style=\"height:100px\" aria-hidden=\"true\" class=\"wp-block-spacer\"><\/div>\n\n\n\n<div class=\"wp-block-uagb-container uagb-block-a1b75837\">\n<h2 class=\"wp-block-heading\" style=\"text-transform:none\">\u00cates-vous pr\u00eat \u00e0 ne plus suivre le courant ?<\/h2>\n\n\n\n<div style=\"height:15px\" aria-hidden=\"true\" class=\"wp-block-spacer\"><\/div>\n\n\n\n<p class=\"has-medium-font-size\">&nbsp;<em><strong>Votre changement commence par une d\u00e9cision.<\/strong><\/em><\/p>\n\n\n\n<div class=\"wp-block-buttons is-content-justification-space-between is-layout-flex wp-container-core-buttons-is-layout-b2891da8 wp-block-buttons-is-layout-flex\">\n<div class=\"wp-block-button\"><a class=\"wp-block-button__link has-medium-font-size has-custom-font-size wp-element-button\" href=\"https:\/\/sunzentravel.com\/fr\/voyages-en-groupe\/\">D\u00c9COUVREZ NOS PROCHAINS VOYAGES<\/a><\/div>\n\n\n\n<div class=\"wp-block-button\"><a class=\"wp-block-button__link has-medium-font-size has-custom-font-size wp-element-button\" href=\"https:\/\/sunzentravel.com\/fr\/accueil-sunzen-travel\/\">CONCEVEZ VOTRE VOYAGE SUR MESURE<\/a><\/div>\n<\/div>\n<\/div>\n\n\n\n<div style=\"height:100px\" aria-hidden=\"true\" class=\"wp-block-spacer\"><\/div>\n\n\n\n<div class=\"wp-block-uagb-blockquote uagb-block-837871a1 uagb-blockquote__skin-border uagb-blockquote__stack-img-none\"><blockquote class=\"uagb-blockquote\"><div class=\"uagb-blockquote__content\">\u00abUn voyage se mesure mieux en amis qu'en kilom\u00e8tres\u00bb.\u00bb<\/div><footer><div class=\"uagb-blockquote__author-wrap uagb-blockquote__author-at-left\"><cite class=\"uagb-blockquote__author\">Tim Cahill<\/cite><\/div><\/footer><\/blockquote><\/div>\n\n\n\n<div style=\"height:100px\" aria-hidden=\"true\" class=\"wp-block-spacer\"><\/div>\n\n\n\n<div class=\"wp-block-columns is-layout-flex wp-container-core-columns-is-layout-28f84493 wp-block-columns-is-layout-flex\">\n<div class=\"wp-block-column is-layout-flow wp-block-column-is-layout-flow\">\n<h2 class=\"wp-block-heading alignwide has-text-align-center\" style=\"font-size:30px;text-transform:none\">T\u00e9l\u00e9chargez votre guide de voyage exclusif<\/h2>\n\n\n\n<h3 class=\"wp-block-heading\" style=\"text-transform:none\">\u2728 D\u00e9couvrez votre fa\u00e7on la plus authentique de voyager<\/h3>\n\n\n\n<p class=\"has-medium-font-size\">Vous \u00eates sur le point de vous lancer dans une nouvelle aventure ?<br>Alors ne partez pas sans avoir t\u00e9l\u00e9charg\u00e9 notre <strong><a href=\"https:\/\/sunzentravel.com\/fr\/palawan-paradis-tropical\/\">guide exclusif<\/a><\/strong>un petit bijou que nous avons pr\u00e9par\u00e9 avec amour pour vous. <strong>Voyager mieux, plus librement, plus facilement<\/strong>.<\/p>\n\n\n\n<p class=\"has-medium-font-size\">Vous y trouverez <strong>8 cl\u00e9s <\/strong>qui vous aideront \u00e0 r\u00e9aliser le voyage de vos r\u00eaves, des conseils pratiques, une inspiration r\u00e9elle et des d\u00e9tails qui font toute la diff\u00e9rence entre un voyage ordinaire... et une exp\u00e9rience qui fait la diff\u00e9rence.<\/p>\n\n\n\n<p class=\"has-text-align-center has-medium-font-size\">\ud83d\udc49 <a href=\"https:\/\/sunzentravel.com\/fr\/palawan-paradis-tropical\/\" data-type=\"page\" data-id=\"2207\"><strong>T\u00e9l\u00e9chargez-le maintenant, c'est gratuit<\/strong> <\/a>et vous conviendra, que vous voyagiez seul, en couple ou en groupe.<\/p>\n<\/div>\n\n\n\n<div class=\"wp-block-column is-layout-flow wp-block-column-is-layout-flow\">\n<figure class=\"wp-block-gallery has-nested-images columns-default is-cropped wp-block-gallery-3 is-layout-flex wp-block-gallery-is-layout-flex\">\n<figure class=\"wp-block-image alignwide size-large libro-3d\"><a href=\"https:\/\/sunzentravel.com\/fr\/palawan-paradis-tropical\/\"><img loading=\"lazy\" decoding=\"async\" width=\"1024\" height=\"576\" data-id=\"4891\" src=\"https:\/\/sunzentravel.com\/wp-content\/uploads\/2025\/10\/Blue-and-White-Modern-Travel-Agency-Presentation-1024x576.webp\" alt=\"pr\u00e9sentation d&#039;une agence de voyage moderne en bleu et blanc\" class=\"wp-image-4891\" srcset=\"https:\/\/sunzentravel.com\/wp-content\/uploads\/2025\/10\/Blue-and-White-Modern-Travel-Agency-Presentation-1024x576.webp 1024w, https:\/\/sunzentravel.com\/wp-content\/uploads\/2025\/10\/Blue-and-White-Modern-Travel-Agency-Presentation-300x169.webp 300w, https:\/\/sunzentravel.com\/wp-content\/uploads\/2025\/10\/Blue-and-White-Modern-Travel-Agency-Presentation-768x432.webp 768w, https:\/\/sunzentravel.com\/wp-content\/uploads\/2025\/10\/Blue-and-White-Modern-Travel-Agency-Presentation.webp 1500w\" sizes=\"auto, (max-width: 1024px) 100vw, 1024px\" \/><\/a><\/figure>\n<\/figure>\n\n\n\n<p class=\"has-text-align-center has-text-color has-background has-link-color wp-elements-dc3a256d265f0dca8ed5b41679745872\" style=\"border-top-left-radius:7px;border-top-right-radius:7px;border-bottom-left-radius:7px;border-bottom-right-radius:7px;color:#f4f4f4;background-color:#c5a059\"><a href=\"https:\/\/sunzentravel.com\/fr\/palawan-paradis-tropical\/\">T\u00c9L\u00c9CHARGEZ VOTRE GUIDE DES CADEAUX<\/a><\/p>\n<\/div>\n<\/div>\n<\/div><\/div>\n\n\n\n<blockquote class=\"wp-block-quote is-layout-flow wp-block-quote-is-layout-flow\">\n<p><\/p>\n<\/blockquote>","protected":false},"excerpt":{"rendered":"<p>Conoce a los fundadores de SunZen Travel: Expertos en viajes de autor y bienestar Fuera de lo predecible, la \u00fanica br\u00fajula es la emoci\u00f3n Durante a\u00f1os escuchamos y vimos lo mismo: viajeros ilusionados que terminaban agotados. Vimos hoteles que no invitan a descansar. Sufrimos la falta de privacidad. Observamos a grupos movi\u00e9ndose como reba\u00f1os tras [&hellip;]<\/p>\n","protected":false},"author":1,"featured_media":0,"parent":0,"menu_order":0,"comment_status":"closed","ping_status":"closed","template":"","meta":{"_uag_custom_page_level_css":"","site-sidebar-layout":"no-sidebar","site-content-layout":"plain-container","ast-site-content-layout":"full-width-container","site-content-style":"unboxed","site-sidebar-style":"unboxed","ast-global-header-display":"","ast-banner-title-visibility":"","ast-main-header-display":"","ast-hfb-above-header-display":"","ast-hfb-below-header-display":"","ast-hfb-mobile-header-display":"","site-post-title":"disabled","ast-breadcrumbs-content":"","ast-featured-img":"disabled","footer-sml-layout":"","ast-disable-related-posts":"","theme-transparent-header-meta":"enabled","adv-header-id-meta":"","stick-header-meta":"","header-above-stick-meta":"","header-main-stick-meta":"","header-below-stick-meta":"","astra-migrate-meta-layouts":"set","ast-page-background-enabled":"default","ast-page-background-meta":{"desktop":{"background-color":"","background-image":"","background-repeat":"repeat","background-position":"center center","background-size":"auto","background-attachment":"scroll","background-type":"","background-media":"","overlay-type":"","overlay-color":"","overlay-opacity":"","overlay-gradient":""},"tablet":{"background-color":"","background-image":"","background-repeat":"repeat","background-position":"center center","background-size":"auto","background-attachment":"scroll","background-type":"","background-media":"","overlay-type":"","overlay-color":"","overlay-opacity":"","overlay-gradient":""},"mobile":{"background-color":"","background-image":"","background-repeat":"repeat","background-position":"center center","background-size":"auto","background-attachment":"scroll","background-type":"","background-media":"","overlay-type":"","overlay-color":"","overlay-opacity":"","overlay-gradient":""}},"ast-content-background-meta":{"desktop":{"background-color":"var(--ast-global-color-5)","background-image":"","background-repeat":"repeat","background-position":"center center","background-size":"auto","background-attachment":"scroll","background-type":"","background-media":"","overlay-type":"","overlay-color":"","overlay-opacity":"","overlay-gradient":""},"tablet":{"background-color":"var(--ast-global-color-5)","background-image":"","background-repeat":"repeat","background-position":"center center","background-size":"auto","background-attachment":"scroll","background-type":"","background-media":"","overlay-type":"","overlay-color":"","overlay-opacity":"","overlay-gradient":""},"mobile":{"background-color":"var(--ast-global-color-5)","background-image":"","background-repeat":"repeat","background-position":"center center","background-size":"auto","background-attachment":"scroll","background-type":"","background-media":"","overlay-type":"","overlay-color":"","overlay-opacity":"","overlay-gradient":""}},"footnotes":""},"folder":[19],"class_list":["post-9792","page","type-page","status-publish","hentry"],"uagb_featured_image_src":{"full":false,"thumbnail":false,"medium":false,"medium_large":false,"large":false,"1536x1536":false,"2048x2048":false,"trp-custom-language-flag":false},"uagb_author_info":{"display_name":"sunzentravel","author_link":"https:\/\/sunzentravel.com\/fr\/author\/toni_a23live-com\/"},"uagb_comment_info":0,"uagb_excerpt":"Conoce a los fundadores de SunZen Travel: Expertos en viajes de autor y bienestar Fuera de lo predecible, la \u00fanica br\u00fajula es la emoci\u00f3n Durante a\u00f1os escuchamos y vimos lo mismo: viajeros ilusionados que terminaban agotados. Vimos hoteles que no invitan a descansar. Sufrimos la falta de privacidad. Observamos a grupos movi\u00e9ndose como reba\u00f1os tras\u2026","_links":{"self":[{"href":"https:\/\/sunzentravel.com\/fr\/wp-json\/wp\/v2\/pages\/9792","targetHints":{"allow":["GET"]}}],"collection":[{"href":"https:\/\/sunzentravel.com\/fr\/wp-json\/wp\/v2\/pages"}],"about":[{"href":"https:\/\/sunzentravel.com\/fr\/wp-json\/wp\/v2\/types\/page"}],"author":[{"embeddable":true,"href":"https:\/\/sunzentravel.com\/fr\/wp-json\/wp\/v2\/users\/1"}],"replies":[{"embeddable":true,"href":"https:\/\/sunzentravel.com\/fr\/wp-json\/wp\/v2\/comments?post=9792"}],"version-history":[{"count":35,"href":"https:\/\/sunzentravel.com\/fr\/wp-json\/wp\/v2\/pages\/9792\/revisions"}],"predecessor-version":[{"id":10175,"href":"https:\/\/sunzentravel.com\/fr\/wp-json\/wp\/v2\/pages\/9792\/revisions\/10175"}],"wp:attachment":[{"href":"https:\/\/sunzentravel.com\/fr\/wp-json\/wp\/v2\/media?parent=9792"}],"wp:term":[{"taxonomy":"folder","embeddable":true,"href":"https:\/\/sunzentravel.com\/fr\/wp-json\/wp\/v2\/folder?post=9792"}],"curies":[{"name":"wp","href":"https:\/\/api.w.org\/{rel}","templated":true}]}}