{"id":6136,"date":"2025-11-16T16:39:13","date_gmt":"2025-11-16T16:39:13","guid":{"rendered":"https:\/\/sunzentravel.com\/?page_id=6136"},"modified":"2026-04-11T17:59:05","modified_gmt":"2026-04-11T17:59:05","slug":"viajes-grupo-tailandia","status":"publish","type":"page","link":"https:\/\/sunzentravel.com\/fr\/voyages-de-groupe-en-thailande\/","title":{"rendered":"voyages de groupe en thailande"},"content":{"rendered":"<div class=\"wp-block-uagb-container uagb-block-c1e2fce7 alignwide uagb-is-root-container\">\n<h1 class=\"wp-block-heading alignfull has-text-align-center titulo-destacado has-ast-global-color-4-color has-text-color has-link-color wp-elements-a7120a9a14cb509e417518370c5de3cf\" style=\"padding-top:var(--wp--preset--spacing--20);padding-right:0;padding-bottom:var(--wp--preset--spacing--20);padding-left:0;font-size:50px\">VOYAGES DE GROUPE EN THA\u00cfLANDE<\/h1>\n<\/div>\n\n\n\n<div style=\"height:100px\" aria-hidden=\"true\" class=\"wp-block-spacer\"><\/div>\n\n\n\n<div class=\"wp-block-uagb-container uagb-block-7ac6427e alignfull uagb-is-root-container\"><div class=\"uagb-container-inner-blocks-wrap\">\n<h2 class=\"wp-block-heading\" style=\"text-transform:none\">Plus qu'un itin\u00e9raire, une v\u00e9ritable connexion avec l'essence de la Tha\u00eflande<\/h2>\n\n\n\n<h3 class=\"wp-block-heading\" style=\"text-transform:none\">Notre <strong>voyages de groupe Tha\u00eflande<\/strong> sont con\u00e7us pour ceux qui cherchent \u00e0 d\u00e9couvrir l'essence du pays du sourire d'une mani\u00e8re authentique et d\u00e9tendue.<\/h3>\n<\/div><\/div>\n\n\n\n<div class=\"wp-block-uagb-container uagb-block-6551e418 alignfull uagb-is-root-container\"><div class=\"uagb-container-inner-blocks-wrap\">\n<div style=\"height:100px\" aria-hidden=\"true\" class=\"wp-block-spacer\"><\/div>\n<\/div><\/div>\n\n\n\n<div class=\"wp-block-uagb-container uagb-block-debf1640 alignfull uagb-is-root-container\"><div class=\"uagb-container-inner-blocks-wrap\">\n<div class=\"wp-block-columns is-layout-flex wp-container-core-columns-is-layout-28f84493 wp-block-columns-is-layout-flex\">\n<div class=\"wp-block-column is-layout-flow wp-block-column-is-layout-flow\">\n<div class=\"wp-block-cover\"><img loading=\"lazy\" decoding=\"async\" width=\"450\" height=\"310\" class=\"wp-block-cover__image-background wp-image-4972\" alt=\"vue aerienne de la plage de sai nuan koh tao thailande\" src=\"https:\/\/sunzentravel.com\/wp-content\/uploads\/2025\/10\/137764422-vista-aerea-de-la-playa-de-sai-nuan-koh-tao-tailandia.webp\" data-object-fit=\"cover\" srcset=\"https:\/\/sunzentravel.com\/wp-content\/uploads\/2025\/10\/137764422-vista-aerea-de-la-playa-de-sai-nuan-koh-tao-tailandia.webp 450w, https:\/\/sunzentravel.com\/wp-content\/uploads\/2025\/10\/137764422-vista-aerea-de-la-playa-de-sai-nuan-koh-tao-tailandia-300x207.webp 300w\" sizes=\"auto, (max-width: 450px) 100vw, 450px\" \/><span aria-hidden=\"true\" class=\"wp-block-cover__background has-background-dim\"><\/span><div class=\"wp-block-cover__inner-container is-layout-flow wp-block-cover-is-layout-flow\">\n<p class=\"has-text-align-center has-white-color has-text-color has-link-color has-large-font-size wp-elements-c69ecd97721bdbe035614868c73bdeac\">Tha\u00eflande<\/p>\n\n\n\n<div class=\"wp-block-buttons is-content-justification-center is-layout-flex wp-container-core-buttons-is-layout-a89b3969 wp-block-buttons-is-layout-flex\">\n<div class=\"wp-block-button\"><a class=\"wp-block-button__link has-medium-font-size has-custom-font-size wp-element-button\" href=\"https:\/\/sunzentravel.com\/fr\/voyage-thailande-aout-2\/\">Voyage ao\u00fbt 2026<\/a><\/div>\n<\/div>\n<\/div><\/div>\n<\/div>\n\n\n\n<div class=\"wp-block-column is-layout-flow wp-block-column-is-layout-flow\">\n<div class=\"wp-block-cover\"><img loading=\"lazy\" decoding=\"async\" width=\"450\" height=\"310\" class=\"wp-block-cover__image-background wp-image-4972\" alt=\"vue aerienne de la plage de sai nuan koh tao thailande\" src=\"https:\/\/sunzentravel.com\/wp-content\/uploads\/2025\/10\/137764422-vista-aerea-de-la-playa-de-sai-nuan-koh-tao-tailandia.webp\" data-object-fit=\"cover\" srcset=\"https:\/\/sunzentravel.com\/wp-content\/uploads\/2025\/10\/137764422-vista-aerea-de-la-playa-de-sai-nuan-koh-tao-tailandia.webp 450w, https:\/\/sunzentravel.com\/wp-content\/uploads\/2025\/10\/137764422-vista-aerea-de-la-playa-de-sai-nuan-koh-tao-tailandia-300x207.webp 300w\" sizes=\"auto, (max-width: 450px) 100vw, 450px\" \/><span aria-hidden=\"true\" class=\"wp-block-cover__background has-background-dim\"><\/span><div class=\"wp-block-cover__inner-container is-layout-flow wp-block-cover-is-layout-flow\">\n<p class=\"has-text-align-center has-white-color has-text-color has-link-color has-large-font-size wp-elements-c69ecd97721bdbe035614868c73bdeac\">Tha\u00eflande<\/p>\n\n\n\n<div class=\"wp-block-buttons is-content-justification-center is-layout-flex wp-container-core-buttons-is-layout-a89b3969 wp-block-buttons-is-layout-flex\">\n<div class=\"wp-block-button\"><a class=\"wp-block-button__link has-medium-font-size has-custom-font-size wp-element-button\" href=\"https:\/\/sunzentravel.com\/fr\/voyage-thailande-septembre-2\/\">VOYAGE SEPTEMBRE 2026<\/a><\/div>\n<\/div>\n<\/div><\/div>\n<\/div>\n\n\n\n<div class=\"wp-block-column is-layout-flow wp-block-column-is-layout-flow\">\n<div class=\"wp-block-cover\"><img loading=\"lazy\" decoding=\"async\" width=\"450\" height=\"310\" class=\"wp-block-cover__image-background wp-image-4972\" alt=\"vue aerienne de la plage de sai nuan koh tao thailande\" src=\"https:\/\/sunzentravel.com\/wp-content\/uploads\/2025\/10\/137764422-vista-aerea-de-la-playa-de-sai-nuan-koh-tao-tailandia.webp\" data-object-fit=\"cover\" srcset=\"https:\/\/sunzentravel.com\/wp-content\/uploads\/2025\/10\/137764422-vista-aerea-de-la-playa-de-sai-nuan-koh-tao-tailandia.webp 450w, https:\/\/sunzentravel.com\/wp-content\/uploads\/2025\/10\/137764422-vista-aerea-de-la-playa-de-sai-nuan-koh-tao-tailandia-300x207.webp 300w\" sizes=\"auto, (max-width: 450px) 100vw, 450px\" \/><span aria-hidden=\"true\" class=\"wp-block-cover__background has-background-dim\"><\/span><div class=\"wp-block-cover__inner-container is-layout-flow wp-block-cover-is-layout-flow\">\n<p class=\"has-text-align-center has-white-color has-text-color has-link-color has-large-font-size wp-elements-c69ecd97721bdbe035614868c73bdeac\">Tha\u00eflande<\/p>\n\n\n\n<div class=\"wp-block-buttons is-content-justification-center is-layout-flex wp-container-core-buttons-is-layout-a89b3969 wp-block-buttons-is-layout-flex\">\n<div class=\"wp-block-button\"><a class=\"wp-block-button__link has-medium-font-size has-custom-font-size wp-element-button\" href=\"https:\/\/sunzentravel.com\/fr\/voyage-thailande-octobre-2\/\">VOYAGE OCTOBRE 2026<\/a><\/div>\n<\/div>\n<\/div><\/div>\n<\/div>\n<\/div>\n<\/div><\/div>\n\n\n\n<div class=\"wp-block-uagb-container uagb-block-6f559b4f alignfull uagb-is-root-container\"><div class=\"uagb-container-inner-blocks-wrap\">\n<div class=\"wp-block-uagb-advanced-heading uagb-block-9997db04\"><h2 class=\"uagb-heading-text\">AVANTAGES DU VOYAGE SUN-ZEN<\/h2><p class=\"uagb-desc-text\">NATURE, AVENTURE, CULTURE, ZEN ET PLAGE<\/p><\/div>\n\n\n<div class=\"wp-block-uagb-faq uagb-faq__outer-wrap uagb-block-a92893ac uagb-faq-icon-row-reverse uagb-faq-layout-accordion uagb-faq-expand-first-false uagb-faq-inactive-other-true uagb-faq__wrap uagb-buttons-layout-wrap uagb-faq-equal-height\" data-faqtoggle=\"true\" role=\"tablist\"><div class=\"wp-block-uagb-faq-child uagb-faq-child__outer-wrap uagb-faq-item uagb-block-b60c1de3\" role=\"tab\" tabindex=\"0\"><div class=\"uagb-faq-questions-button uagb-faq-questions\">\t\t\t<span class=\"uagb-icon uagb-faq-icon-wrap\">\n\t\t\t\t\t\t\t\t<svg xmlns=\"https:\/\/www.w3.org\/2000\/svg\" viewbox= \"0 0 448 512\"><path d=\"M432 256c0 17.69-14.33 32.01-32 32.01H256v144c0 17.69-14.33 31.99-32 31.99s-32-14.3-32-31.99v-144H48c-17.67 0-32-14.32-32-32.01s14.33-31.99 32-31.99H192v-144c0-17.69 14.33-32.01 32-32.01s32 14.32 32 32.01v144h144C417.7 224 432 238.3 432 256z\"><\/path><\/svg>\n\t\t\t\t\t\t\t<\/span>\n\t\t\t\t\t\t<span class=\"uagb-icon-active uagb-faq-icon-wrap\">\n\t\t\t\t\t\t\t\t<svg xmlns=\"https:\/\/www.w3.org\/2000\/svg\" viewbox= \"0 0 448 512\"><path d=\"M400 288h-352c-17.69 0-32-14.32-32-32.01s14.31-31.99 32-31.99h352c17.69 0 32 14.3 32 31.99S417.7 288 400 288z\"><\/path><\/svg>\n\t\t\t\t\t\t\t<\/span>\n\t\t\t<span class=\"uagb-question\">SunZen Travel<\/span><\/div><div class=\"uagb-faq-content\"><p>Chaque voyageur a besoin de quelque chose de diff\u00e9rent : conna\u00eetre le meilleur de l'endroit, s'amuser, se d\u00e9tendre, rencontrer des gens, vivre de nouvelles exp\u00e9riences, des liens authentiques, la libert\u00e9, la connexion, l'aventure.... dans nos voyages, avec une bonne \u00e9nergie et un grand groupe.... ce que vous faites pendant le voyage reste pendant le voyage.<\/p><\/div><\/div><div class=\"wp-block-uagb-faq-child uagb-faq-child__outer-wrap uagb-faq-item uagb-block-7b345a3a\" role=\"tab\" tabindex=\"0\"><div class=\"uagb-faq-questions-button uagb-faq-questions\">\t\t\t<span class=\"uagb-icon uagb-faq-icon-wrap\">\n\t\t\t\t\t\t\t<\/span>\n\t\t\t\t\t\t<span class=\"uagb-icon-active uagb-faq-icon-wrap\">\n\t\t\t\t\t\t\t\t<svg xmlns=\"https:\/\/www.w3.org\/2000\/svg\" viewbox= \"0 0 320 512\"><path d=\"M9.39 265.4l127.1-128C143.6 131.1 151.8 128 160 128s16.38 3.125 22.63 9.375l127.1 128c9.156 9.156 11.9 22.91 6.943 34.88S300.9 320 287.1 320H32.01c-12.94 0-24.62-7.781-29.58-19.75S.2333 274.5 9.39 265.4z\"><\/path><\/svg>\n\t\t\t\t\t\t\t<\/span>\n\t\t\t<span class=\"uagb-question\">Sant\u00e9 physique et mentale<\/span><\/div><div class=\"uagb-faq-content\"><p>La nature r\u00e9duit le stress, l'anxi\u00e9t\u00e9 et la d\u00e9pression. Il am\u00e9liore notre concentration, notre humeur et la qualit\u00e9 de notre sommeil. La lumi\u00e8re naturelle r\u00e9gule nos rythmes circadiens, et l'air frais et l'exercice en plein air renforcent notre corps.<\/p><\/div><\/div><div class=\"wp-block-uagb-faq-child uagb-faq-child__outer-wrap uagb-faq-item uagb-block-c0ede2d4\" role=\"tab\" tabindex=\"0\"><div class=\"uagb-faq-questions-button uagb-faq-questions\">\t\t\t<span class=\"uagb-icon uagb-faq-icon-wrap\">\n\t\t\t\t\t\t\t<\/span>\n\t\t\t\t\t\t<span class=\"uagb-icon-active uagb-faq-icon-wrap\">\n\t\t\t\t\t\t\t\t<svg xmlns=\"https:\/\/www.w3.org\/2000\/svg\" viewbox= \"0 0 320 512\"><path d=\"M9.39 265.4l127.1-128C143.6 131.1 151.8 128 160 128s16.38 3.125 22.63 9.375l127.1 128c9.156 9.156 11.9 22.91 6.943 34.88S300.9 320 287.1 320H32.01c-12.94 0-24.62-7.781-29.58-19.75S.2333 274.5 9.39 265.4z\"><\/path><\/svg>\n\t\t\t\t\t\t\t<\/span>\n\t\t\t<span class=\"uagb-question\">Vacances, f\u00eates, plaisir, d\u00e9connexion et calme.<\/span><\/div><div class=\"uagb-faq-content\"><p>Dans nos exp\u00e9ditions, la libert\u00e9 fait partie de l'itin\u00e9raire. Nous savons qu'il n'y a pas de formule unique pour retrouver son \u00e9nergie : de la joie du partage et de l'amusement au silence de la d\u00e9connexion vitale.<\/p><\/div><\/div><div class=\"wp-block-uagb-faq-child uagb-faq-child__outer-wrap uagb-faq-item uagb-block-99aac894\" role=\"tab\" tabindex=\"0\"><div class=\"uagb-faq-questions-button uagb-faq-questions\">\t\t\t<span class=\"uagb-icon uagb-faq-icon-wrap\">\n\t\t\t\t\t\t\t<\/span>\n\t\t\t\t\t\t<span class=\"uagb-icon-active uagb-faq-icon-wrap\">\n\t\t\t\t\t\t\t\t<svg xmlns=\"https:\/\/www.w3.org\/2000\/svg\" viewbox= \"0 0 320 512\"><path d=\"M9.39 265.4l127.1-128C143.6 131.1 151.8 128 160 128s16.38 3.125 22.63 9.375l127.1 128c9.156 9.156 11.9 22.91 6.943 34.88S300.9 320 287.1 320H32.01c-12.94 0-24.62-7.781-29.58-19.75S.2333 274.5 9.39 265.4z\"><\/path><\/svg>\n\t\t\t\t\t\t\t<\/span>\n\t\t\t<span class=\"uagb-question\">Une connexion profonde<\/span><\/div><div class=\"uagb-faq-content\"><p>Le sentiment de faire partie d'un tout, d'\u00eatre interconnect\u00e9 avec tous les \u00e9l\u00e9ments de l'univers.<\/p><\/div><\/div><div class=\"wp-block-uagb-faq-child uagb-faq-child__outer-wrap uagb-faq-item uagb-block-e7754ee4\" role=\"tab\" tabindex=\"0\"><div class=\"uagb-faq-questions-button uagb-faq-questions\">\t\t\t<span class=\"uagb-icon uagb-faq-icon-wrap\">\n\t\t\t\t\t\t\t<\/span>\n\t\t\t\t\t\t<span class=\"uagb-icon-active uagb-faq-icon-wrap\">\n\t\t\t\t\t\t\t\t<svg xmlns=\"https:\/\/www.w3.org\/2000\/svg\" viewbox= \"0 0 320 512\"><path d=\"M9.39 265.4l127.1-128C143.6 131.1 151.8 128 160 128s16.38 3.125 22.63 9.375l127.1 128c9.156 9.156 11.9 22.91 6.943 34.88S300.9 320 287.1 320H32.01c-12.94 0-24.62-7.781-29.58-19.75S.2333 274.5 9.39 265.4z\"><\/path><\/svg>\n\t\t\t\t\t\t\t<\/span>\n\t\t\t<span class=\"uagb-question\">Les bienfaits de la nature<\/span><\/div><div class=\"uagb-faq-content\"><p>La nature, avec son immense beaut\u00e9, transmet une positivit\u00e9 inh\u00e9rente qui nourrit notre vitalit\u00e9 en restaurant l'\u00e9nergie physique et mentale, et favorise un bien-\u00eatre profond en reliant le corps et l'esprit en \u00e9quilibre.<\/p><\/div><\/div><div class=\"wp-block-uagb-faq-child uagb-faq-child__outer-wrap uagb-faq-item uagb-block-cf9b9cec\" role=\"tab\" tabindex=\"0\"><div class=\"uagb-faq-questions-button uagb-faq-questions\">\t\t\t<span class=\"uagb-icon uagb-faq-icon-wrap\">\n\t\t\t\t\t\t\t<\/span>\n\t\t\t\t\t\t<span class=\"uagb-icon-active uagb-faq-icon-wrap\">\n\t\t\t\t\t\t\t\t<svg xmlns=\"https:\/\/www.w3.org\/2000\/svg\" viewbox= \"0 0 320 512\"><path d=\"M9.39 265.4l127.1-128C143.6 131.1 151.8 128 160 128s16.38 3.125 22.63 9.375l127.1 128c9.156 9.156 11.9 22.91 6.943 34.88S300.9 320 287.1 320H32.01c-12.94 0-24.62-7.781-29.58-19.75S.2333 274.5 9.39 265.4z\"><\/path><\/svg>\n\t\t\t\t\t\t\t<\/span>\n\t\t\t<span class=\"uagb-question\">Instances \u00e9l\u00e9gantes, modernes et enveloppantes<\/span><\/div><div class=\"uagb-faq-content\"><p>En alliant le confort de la modernit\u00e9 \u00e0 la paix d'un environnement paradisiaque, en revitalisant le corps et l'esprit en toute harmonie, nous recherchons le b\u00e9n\u00e9fice d'un bien-\u00eatre total.<\/p><\/div><\/div><\/div><\/div><\/div>","protected":false},"excerpt":{"rendered":"<p>VIAJES EN GRUPO A TAILANDIA M\u00e1s que un itinerario, una conexi\u00f3n real con la esencia de Tailandia Nuestros viajes en grupo Tailandia est\u00e1n dise\u00f1ados para quienes buscan descubrir la esencia del pa\u00eds de la sonrisa de una forma aut\u00e9ntica y relajada. BENEFICIOS SUN-ZEN TRAVEL NATURALEZA, AVENTURA, CULTURA, ZEN Y PLAYA<\/p>","protected":false},"author":1,"featured_media":0,"parent":0,"menu_order":0,"comment_status":"closed","ping_status":"closed","template":"","meta":{"_uag_custom_page_level_css":"","site-sidebar-layout":"no-sidebar","site-content-layout":"plain-container","ast-site-content-layout":"full-width-container","site-content-style":"unboxed","site-sidebar-style":"unboxed","ast-global-header-display":"","ast-banner-title-visibility":"","ast-main-header-display":"","ast-hfb-above-header-display":"","ast-hfb-below-header-display":"","ast-hfb-mobile-header-display":"","site-post-title":"disabled","ast-breadcrumbs-content":"","ast-featured-img":"disabled","footer-sml-layout":"","ast-disable-related-posts":"","theme-transparent-header-meta":"enabled","adv-header-id-meta":"","stick-header-meta":"","header-above-stick-meta":"","header-main-stick-meta":"","header-below-stick-meta":"","astra-migrate-meta-layouts":"set","ast-page-background-enabled":"default","ast-page-background-meta":{"desktop":{"background-color":"","background-image":"","background-repeat":"repeat","background-position":"center center","background-size":"auto","background-attachment":"scroll","background-type":"","background-media":"","overlay-type":"","overlay-color":"","overlay-opacity":"","overlay-gradient":""},"tablet":{"background-color":"","background-image":"","background-repeat":"repeat","background-position":"center center","background-size":"auto","background-attachment":"scroll","background-type":"","background-media":"","overlay-type":"","overlay-color":"","overlay-opacity":"","overlay-gradient":""},"mobile":{"background-color":"","background-image":"","background-repeat":"repeat","background-position":"center center","background-size":"auto","background-attachment":"scroll","background-type":"","background-media":"","overlay-type":"","overlay-color":"","overlay-opacity":"","overlay-gradient":""}},"ast-content-background-meta":{"desktop":{"background-color":"var(--ast-global-color-5)","background-image":"","background-repeat":"repeat","background-position":"center center","background-size":"auto","background-attachment":"scroll","background-type":"","background-media":"","overlay-type":"","overlay-color":"","overlay-opacity":"","overlay-gradient":""},"tablet":{"background-color":"var(--ast-global-color-5)","background-image":"","background-repeat":"repeat","background-position":"center center","background-size":"auto","background-attachment":"scroll","background-type":"","background-media":"","overlay-type":"","overlay-color":"","overlay-opacity":"","overlay-gradient":""},"mobile":{"background-color":"var(--ast-global-color-5)","background-image":"","background-repeat":"repeat","background-position":"center center","background-size":"auto","background-attachment":"scroll","background-type":"","background-media":"","overlay-type":"","overlay-color":"","overlay-opacity":"","overlay-gradient":""}},"footnotes":""},"folder":[7],"class_list":["post-6136","page","type-page","status-publish","hentry"],"uagb_featured_image_src":{"full":false,"thumbnail":false,"medium":false,"medium_large":false,"large":false,"1536x1536":false,"2048x2048":false,"trp-custom-language-flag":false},"uagb_author_info":{"display_name":"sunzentravel","author_link":"https:\/\/sunzentravel.com\/fr\/author\/toni_a23live-com\/"},"uagb_comment_info":0,"uagb_excerpt":"VIAJES EN GRUPO A TAILANDIA M\u00e1s que un itinerario, una conexi\u00f3n real con la esencia de Tailandia Nuestros viajes en grupo Tailandia est\u00e1n dise\u00f1ados para quienes buscan descubrir la esencia del pa\u00eds de la sonrisa de una forma aut\u00e9ntica y relajada. BENEFICIOS SUN-ZEN TRAVEL NATURALEZA, AVENTURA, CULTURA, ZEN Y PLAYA","_links":{"self":[{"href":"https:\/\/sunzentravel.com\/fr\/wp-json\/wp\/v2\/pages\/6136","targetHints":{"allow":["GET"]}}],"collection":[{"href":"https:\/\/sunzentravel.com\/fr\/wp-json\/wp\/v2\/pages"}],"about":[{"href":"https:\/\/sunzentravel.com\/fr\/wp-json\/wp\/v2\/types\/page"}],"author":[{"embeddable":true,"href":"https:\/\/sunzentravel.com\/fr\/wp-json\/wp\/v2\/users\/1"}],"replies":[{"embeddable":true,"href":"https:\/\/sunzentravel.com\/fr\/wp-json\/wp\/v2\/comments?post=6136"}],"version-history":[{"count":43,"href":"https:\/\/sunzentravel.com\/fr\/wp-json\/wp\/v2\/pages\/6136\/revisions"}],"predecessor-version":[{"id":10043,"href":"https:\/\/sunzentravel.com\/fr\/wp-json\/wp\/v2\/pages\/6136\/revisions\/10043"}],"wp:attachment":[{"href":"https:\/\/sunzentravel.com\/fr\/wp-json\/wp\/v2\/media?parent=6136"}],"wp:term":[{"taxonomy":"folder","embeddable":true,"href":"https:\/\/sunzentravel.com\/fr\/wp-json\/wp\/v2\/folder?post=6136"}],"curies":[{"name":"wp","href":"https:\/\/api.w.org\/{rel}","templated":true}]}}