{"id":220,"date":"2025-07-07T09:54:20","date_gmt":"2025-07-07T09:54:20","guid":{"rendered":"https:\/\/sunzentravel.com\/contact\/"},"modified":"2026-04-12T21:24:50","modified_gmt":"2026-04-12T21:24:50","slug":"contact","status":"publish","type":"page","link":"https:\/\/sunzentravel.com\/fr\/contact\/","title":{"rendered":"Contact"},"content":{"rendered":"\n<div class=\"wp-block-uagb-container uagb-block-2f179a9d alignwide uagb-is-root-container\">\n<h1 class=\"wp-block-heading alignfull has-text-align-center titulo-destacado has-white-color has-text-color has-link-color wp-elements-51bafd10e4a2d86aa7e6e604f00c9c27\" style=\"font-size:50px\">CONTACTA Y CU\u00c9NTANOS QU\u00c9 NECESITAS<\/h1>\n\n\n\n<h2 class=\"wp-block-heading has-text-align-center has-white-color has-text-color has-link-color wp-elements-3117f859b0032c646ae28f65ce1fad28\" style=\"text-transform:none\">Estamos aqu\u00ed para ayudarte a dise\u00f1ar tu pr\u00f3xima experiencia de bienestar<\/h2>\n<\/div>\n\n\n\n<div class=\"wp-block-uagb-container uagb-block-30b50287 alignfull uagb-is-root-container\"><div class=\"uagb-container-inner-blocks-wrap\">\n<div class=\"wp-block-uagb-container uagb-block-d31e172d\">\n<div style=\"height:50px\" aria-hidden=\"true\" class=\"wp-block-spacer\"><\/div>\n<\/div>\n\n\n\n<p class=\"has-text-align-center\" style=\"font-size:25px\">Escribe tus dudas o consultas en el formulario y te contestaremos en la mayor brevedad posible, \u00a1estamos encantados de ayudarte!<\/p>\n<\/div><\/div>\n\n\n\n<div class=\"wp-block-uagb-container uagb-block-0452d32b alignfull uagb-is-root-container\"><div class=\"uagb-container-inner-blocks-wrap\">\n<div class=\"wp-block-uagb-container uagb-block-3c2aa714\">\n<div class=\"wp-block-uagb-advanced-heading uagb-block-aedfbc40\"><h2 class=\"uagb-heading-text\">Enviar datos<\/h2><\/div>\n\n\n<div class='fluentform ff-default fluentform_wrapper_3 ffs_default_wrap'><form data-form_id=\"3\" id=\"fluentform_3\" class=\"frm-fluent-form fluent_form_3 ff-el-form-top ff_form_instance_3_1 ff-form-loading ffs_default\" data-form_instance=\"ff_form_instance_3_1\" method=\"POST\" ><fieldset  style=\"border: none!important;margin: 0!important;padding: 0!important;background-color: transparent!important;box-shadow: none!important;outline: none!important; min-inline-size: 100%;\">\n                    <legend class=\"ff_screen_reader_title\" style=\"display: block; margin: 0!important;padding: 0!important;height: 0!important;text-indent: -999999px;width: 0!important;overflow:hidden;\">Contac-privado<\/legend><input type='hidden' name='__fluent_form_embded_post_id' value='220' \/><input type=\"hidden\" id=\"_fluentform_3_fluentformnonce\" name=\"_fluentform_3_fluentformnonce\" value=\"c788c7ea6a\" \/><input type=\"hidden\" name=\"_wp_http_referer\" value=\"\/fr\/wp-json\/wp\/v2\/pages\/220\" \/><div data-type=\"name-element\" data-name=\"names\" class=\" ff-field_container ff-name-field-wrapper\" ><div class='ff-t-container'><div class='ff-t-cell '><div class='ff-el-group ff-el-form-top'><div class=\"ff-el-input--label ff-el-is-required asterisk-right\"><label for='ff_3_names_first_name_' id='label_ff_3_names_first_name_' >Nombre<\/label><\/div><div class='ff-el-input--content'><input type=\"text\" name=\"names[first_name]\" id=\"ff_3_names_first_name_\" class=\"ff-el-form-control\" placeholder=\"Introduce tu nombre\" aria-invalid=\"false\" aria-required=true><\/div><\/div><\/div><\/div><\/div><div class='ff-el-group'><div class=\"ff-el-input--label ff-el-is-required asterisk-right\"><label for='ff_3_email' id='label_ff_3_email' aria-label=\"Correo electr\u00f3nico\">Correo electr\u00f3nico<\/label><\/div><div class='ff-el-input--content'><input type=\"email\" name=\"email\" id=\"ff_3_email\" class=\"ff-el-form-control\" placeholder=\"Correo electr\u00f3nico\" data-name=\"email\"  aria-invalid=\"false\" aria-required=true><\/div><\/div><div class='ff-el-group'><div class=\"ff-el-input--label asterisk-right\"><label for='ff_3_input_mask' id='label_ff_3_input_mask' aria-label=\"Tel\u00e9fono\">Tel\u00e9fono<\/label><\/div><div class='ff-el-input--content'><input type=\"text\" name=\"input_mask\" class=\"ff-el-form-control\" data-name=\"input_mask\" id=\"ff_3_input_mask\"  aria-invalid=\"false\" aria-required=false><\/div><\/div><div class='ff-el-group'><div class=\"ff-el-input--label ff-el-is-required asterisk-right\"><label for='ff_3_dropdown' id='label_ff_3_dropdown' aria-label=\"Asunto\">Asunto<\/label><\/div><div class='ff-el-input--content'><select name=\"dropdown\" id=\"ff_3_dropdown\" class=\"ff-el-form-control\" data-name=\"dropdown\" data-calc_value=\"0\"  aria-invalid=\"false\" aria-required=\"true\" aria-labelledby=\"label_ff_3_dropdown\"><option value=\"Viajes en grupo\"  >Viajes en grupo<\/option><option value=\"Viajes personalizados\"  >Viajes personalizados<\/option><option value=\"Otras consultas\"  >Otras consultas<\/option><\/select><\/div><\/div><div class='ff-el-group'><div class=\"ff-el-input--label asterisk-right\"><label for='ff_3_description' id='label_ff_3_description' aria-label=\"Mensaje\">Mensaje<\/label><\/div><div class='ff-el-input--content'><textarea aria-required=\"false\" aria-labelledby=\"label_ff_3_description\" name=\"description\" id=\"ff_3_description\" class=\"ff-el-form-control\" rows=\"3\" cols=\"2\" data-name=\"description\" ><\/textarea><\/div><\/div><div class='ff-el-group    ff-el-input--content'><div class='ff-el-form-check ff-el-tc'><label aria-label='Terms and Conditions: He le\u00eddo y acepto la pol\u00edtica de privacidad Contains 1 link. Use tab navigation to review.' class='ff-el-form-check-label ff_tc_label' for=terms-n-condition_d7d9ff487335cf01b2d4a92c635066f9><span class='ff_tc_checkbox'><input type=\"checkbox\" name=\"terms-n-condition\" class=\"ff-el-form-check-input\" data-name=\"terms-n-condition\" id=\"terms-n-condition_d7d9ff487335cf01b2d4a92c635066f9\"  value='on' aria-invalid='false' aria-required=true><\/span> <div class='ff_t_c'><p>He le\u00eddo y acepto la<a href=\"https:\/\/sunzentravel.com\/politica-de-privacidad\/\"> pol\u00edtica de privacidad<\/a><\/p><\/div><\/label><\/div><\/div><div class='ff-el-group    ff-el-input--content'><div class='ff-el-form-check ff-el-tc'><label aria-label='Acepto que Sunzentravel guarde mis datos y me env\u00ede emails sobre el fascinante mundo de los viajes.' class='ff-el-form-check-label ff_tc_label' for=terms-n-condition_1_b79791b47cd3e7a8c2acfe97adfb9158><span class='ff_tc_checkbox'><input type=\"checkbox\" name=\"terms-n-condition_1\" class=\"ff-el-form-check-input\" data-name=\"terms-n-condition_1\" id=\"terms-n-condition_1_b79791b47cd3e7a8c2acfe97adfb9158\"  value='on' aria-invalid='false' aria-required=false><\/span> <div class='ff_t_c'><p>Acepto que Sunzentravel guarde mis datos y me env\u00ede emails sobre el fascinante mundo de los viajes.<\/p><\/div><\/label><\/div><\/div><div class='ff-el-group ff-text-left ff_submit_btn_wrapper'><button type=\"submit\" class=\"ff-btn ff-btn-submit ff-btn-lg ff_btn_style\"  aria-label=\"Enviar\">Enviar<\/button><\/div><\/fieldset><\/form><div id='fluentform_3_errors' class='ff-errors-in-stack ff_form_instance_3_1 ff-form-loading_errors ff_form_instance_3_1_errors'><\/div><\/div>            <script type=\"text\/javascript\">\n                window.fluent_form_ff_form_instance_3_1 = {\"id\":\"3\",\"settings\":{\"layout\":{\"labelPlacement\":\"top\",\"asteriskPlacement\":\"asterisk-right\",\"helpMessagePlacement\":\"with_label\",\"errorMessagePlacement\":\"inline\",\"cssClassName\":\"\"},\"restrictions\":{\"denyEmptySubmission\":{\"enabled\":false}}},\"form_instance\":\"ff_form_instance_3_1\",\"form_id_selector\":\"fluentform_3\",\"rules\":{\"names[first_name]\":{\"required\":{\"value\":true,\"message\":\"Ce champ est obligatoire\",\"global_message\":\"Este campo es obligatorio\",\"global\":true}},\"names[middle_name]\":{\"required\":{\"value\":false,\"message\":\"Ce champ est obligatoire\",\"global_message\":\"Este campo es obligatorio\",\"global\":true}},\"names[last_name]\":{\"required\":{\"value\":false,\"message\":\"Ce champ est obligatoire\",\"global_message\":\"Este campo es obligatorio\",\"global\":true}},\"email\":{\"required\":{\"value\":true,\"message\":\"Ce champ est obligatoire\",\"global_message\":\"Este campo es obligatorio\",\"global\":true},\"email\":{\"value\":true,\"message\":\"Ce champ doit contenir un e-mail valide\",\"global_message\":\"Este campo debe contener un correo electr\\u00f3nico v\\u00e1lido\",\"global\":true}},\"input_mask\":{\"required\":{\"value\":false,\"message\":\"Ce champ est obligatoire\",\"global_message\":\"Este campo es obligatorio\",\"global\":true}},\"dropdown\":{\"required\":{\"value\":true,\"message\":\"Ce champ est obligatoire\",\"global_message\":\"Este campo es obligatorio\",\"global\":true}},\"description\":{\"required\":{\"value\":false,\"message\":\"Ce champ est obligatoire\",\"global_message\":\"Este campo es obligatorio\",\"global\":true}},\"terms-n-condition\":{\"required\":{\"value\":true,\"message\":\"Ce champ est obligatoire\",\"global_message\":\"Este campo es obligatorio\",\"global\":true}},\"terms-n-condition_1\":{\"required\":{\"value\":false,\"message\":\"Ce champ est obligatoire\",\"global_message\":\"Este campo es obligatorio\",\"global\":true}}},\"debounce_time\":300};\n                            <\/script>\n            \n<\/div>\n<\/div><\/div>\n\n\n\n<div class=\"wp-block-uagb-container uagb-block-0c451302 alignfull uagb-is-root-container\"><div class=\"uagb-container-inner-blocks-wrap\">\n<h2 class=\"wp-block-heading has-text-align-center has-large-font-size\" style=\"text-transform:none\"><em><strong>Tambi\u00e9n tienes la opci\u00f3n de email o tel\u00e9fono<\/strong><\/em><\/h2>\n\n\n\n<div class=\"wp-block-columns is-layout-flex wp-container-core-columns-is-layout-28f84493 wp-block-columns-is-layout-flex\">\n<div class=\"wp-block-column has-border-color is-layout-flow wp-block-column-is-layout-flow\" style=\"border-color:#c5a059;border-width:5px;border-radius:13px;flex-basis:40%\">\n<div class=\"wp-block-uagb-container uagb-block-f682220c\">      \n\t\t\t<div class=\"uagb-icon-wrapper uagb-block-b6441d9f      \"\n\t\t\tstyle=\"\" >\n\t\t\t\t\t\t\t\t\t<span class=\"uagb-svg-wrapper\" \n\t\t\t\t\t aria-label=\"envelope\"\t\t\t\t\ttabindex=\"0\">\t\t\n\t\t\t\t\t\t\t\t\t\t<svg xmlns=\"https:\/\/www.w3.org\/2000\/svg\" viewBox= \"0 0 512 512\" role=\"graphics-symbol\" aria-hidden=\"false\" aria-label=\"\"><path d=\"M464 64C490.5 64 512 85.49 512 112C512 127.1 504.9 141.3 492.8 150.4L275.2 313.6C263.8 322.1 248.2 322.1 236.8 313.6L19.2 150.4C7.113 141.3 0 127.1 0 112C0 85.49 21.49 64 48 64H464zM217.6 339.2C240.4 356.3 271.6 356.3 294.4 339.2L512 176V384C512 419.3 483.3 448 448 448H64C28.65 448 0 419.3 0 384V176L217.6 339.2z\"><\/path><\/svg>\n\t\t\t\t\t\t\t\t\t<\/span>\n\t\t\t\t\t\t\t<\/div>\n\t\t\t\n\n\n<h3 class=\"wp-block-heading has-text-align-center has-ast-global-color-2-color has-text-color has-link-color wp-elements-4768afdec277f8790c41567b48934a83\" style=\"font-size:25px;text-transform:none\"><a href=\"#\"><\/a><strong>info@sunzentravel.com<\/strong><\/h3>\n<\/div>\n<\/div>\n\n\n\n<div class=\"wp-block-column has-border-color is-layout-flow wp-block-column-is-layout-flow\" style=\"border-color:#c5a059;border-width:5px;border-radius:13px;flex-basis:40%\">      \n\t\t\t<div class=\"uagb-icon-wrapper uagb-block-a7760665      \"\n\t\t\tstyle=\"\" >\n\t\t\t\t\t\t\t\t\t<span class=\"uagb-svg-wrapper\" \n\t\t\t\t\t aria-label=\"phone-volume\"\t\t\t\t\ttabindex=\"0\">\t\t\n\t\t\t\t\t\t\t\t\t\t<svg xmlns=\"https:\/\/www.w3.org\/2000\/svg\" viewBox= \"0 0 512 512\" role=\"graphics-symbol\" aria-hidden=\"false\" aria-label=\"\"><path d=\"M284.6 181.9c-10.28-8.344-25.41-6.875-33.75 3.406C242.4 195.6 243.9 210.7 254.2 219.1c11.31 9.25 17.81 22.69 17.81 36.87c0 14.19-6.5 27.62-17.81 36.87c-10.28 8.406-11.78 23.53-3.375 33.78c4.719 5.812 11.62 8.812 18.56 8.812c5.344 0 10.75-1.781 15.19-5.406c22.53-18.44 35.44-45.4 35.44-74.05S307.1 200.4 284.6 181.9zM345.1 107.1c-10.22-8.344-25.34-6.907-33.78 3.343c-8.406 10.25-6.906 25.37 3.344 33.78c33.88 27.78 53.31 68.18 53.31 110.9s-19.44 83.09-53.31 110.9c-10.25 8.406-11.75 23.53-3.344 33.78c4.75 5.781 11.62 8.781 18.56 8.781c5.375 0 10.75-1.781 15.22-5.438C390.2 367.1 416 313.1 416 255.1S390.2 144.9 345.1 107.1zM406.4 33.15c-10.22-8.344-25.34-6.875-33.78 3.344c-8.406 10.25-6.906 25.37 3.344 33.78C431.9 116.1 464 183.8 464 255.1s-32.09 139.9-88.06 185.7c-10.25 8.406-11.75 23.53-3.344 33.78c4.75 5.781 11.62 8.781 18.56 8.781c5.375 0 10.75-1.781 15.22-5.438C473.5 423.8 512 342.6 512 255.1S473.5 88.15 406.4 33.15zM151.3 174.6C161.1 175.6 172.1 169.5 176 159.6l33.75-84.38C214 64.35 209.1 51.1 200.2 45.86l-67.47-42.17C123.2-2.289 110.9-.8945 102.9 7.08C-34.32 144.3-34.31 367.7 102.9 504.9c7.982 7.984 20.22 9.379 29.75 3.402l67.48-42.19c9.775-6.104 13.9-18.47 9.598-29.3L176 352.5c-3.945-9.963-14.14-16.11-24.73-14.97l-53.24 5.314C78.89 286.7 78.89 225.4 98.06 169.3L151.3 174.6z\"><\/path><\/svg>\n\t\t\t\t\t\t\t\t\t<\/span>\n\t\t\t\t\t\t\t<\/div>\n\t\t\t\n\n\n<p class=\"has-text-align-center has-ast-global-color-2-color has-text-color has-link-color wp-elements-fa3ad24d2c215c75d6a7e11cdcb635af\" style=\"font-size:25px\"><strong>(34) 604928172<\/strong><\/p>\n<\/div>\n<\/div>\n\n\n\n<div style=\"height:100px\" aria-hidden=\"true\" class=\"wp-block-spacer\"><\/div>\n<\/div><\/div>\n\n\n\n<div class=\"wp-block-uagb-container uagb-block-952ac107 alignfull uagb-is-root-container\"><div class=\"uagb-container-inner-blocks-wrap\">\n<div class=\"wp-block-columns is-layout-flex wp-container-core-columns-is-layout-28f84493 wp-block-columns-is-layout-flex\">\n<div class=\"wp-block-column is-layout-flow wp-block-column-is-layout-flow\">\n<h2 class=\"wp-block-heading alignwide has-text-align-center\" style=\"font-size:30px;text-transform:none\">Descarga tu gu\u00eda de viajes exclusiva<\/h2>\n\n\n\n<h3 class=\"wp-block-heading\" style=\"text-transform:none\">\u2728 Descubre tu forma m\u00e1s aut\u00e9ntica de viajar<\/h3>\n\n\n\n<p class=\"has-medium-font-size\">\u00bfEst\u00e1s a punto de emprender una nueva aventura?<br>Entonces no te vayas sin antes descargar nuestra <strong><a href=\"https:\/\/darkslategrey-sardine-471998.hostingersite.com\/regalo\/\" target=\"_blank\" rel=\"noopener\">gu\u00eda exclusiva<\/a><\/strong>: una peque\u00f1a joya que hemos preparado con cari\u00f1o para que <strong>viajes mejor, m\u00e1s libre, m\u00e1s t\u00fa<\/strong>.<\/p>\n\n\n\n<p class=\"has-medium-font-size\">En ella encontrar\u00e1s <strong>8 claves <\/strong>que te ayudar\u00e1n a alcanzar el viaje de tus sue\u00f1os, consejos pr\u00e1cticos, inspiraci\u00f3n real y detalles que hacen toda la diferencia entre un viaje cualquiera\u2026 y una experiencia que marca.<\/p>\n\n\n\n<p>\ud83d\udc49 <a href=\"https:\/\/sunzentravel.com\/regalo\/\" data-type=\"page\" data-id=\"2207\"><strong>Desc\u00e1rgala ahora, es gratuita<\/strong> <\/a>y te servir\u00e1 tanto si viajas solo, en pareja o en grupo.<\/p>\n<\/div>\n\n\n\n<div class=\"wp-block-column is-layout-flow wp-block-column-is-layout-flow\">\n<figure class=\"wp-block-gallery has-nested-images columns-default is-cropped wp-block-gallery-1 is-layout-flex wp-block-gallery-is-layout-flex\">\n<figure class=\"wp-block-image alignwide size-large libro-3d\" id=\"Blue-and-White-Modern-Travel-Agency\"><img loading=\"lazy\" decoding=\"async\" width=\"1024\" height=\"576\" data-id=\"4891\" src=\"https:\/\/sunzentravel.com\/wp-content\/uploads\/2025\/10\/Blue-and-White-Modern-Travel-Agency-Presentation-1024x576.webp\" alt=\"blue and white modern travel agency presentation\" class=\"wp-image-4891\" style=\"box-shadow:var(--wp--preset--shadow--deep)\" srcset=\"https:\/\/sunzentravel.com\/wp-content\/uploads\/2025\/10\/Blue-and-White-Modern-Travel-Agency-Presentation-1024x576.webp 1024w, https:\/\/sunzentravel.com\/wp-content\/uploads\/2025\/10\/Blue-and-White-Modern-Travel-Agency-Presentation-300x169.webp 300w, https:\/\/sunzentravel.com\/wp-content\/uploads\/2025\/10\/Blue-and-White-Modern-Travel-Agency-Presentation-768x432.webp 768w, https:\/\/sunzentravel.com\/wp-content\/uploads\/2025\/10\/Blue-and-White-Modern-Travel-Agency-Presentation.webp 1500w\" sizes=\"auto, (max-width: 1024px) 100vw, 1024px\" \/><\/figure>\n<\/figure>\n\n\n\n<p class=\"has-text-align-center has-text-color has-background has-link-color wp-elements-dc3a256d265f0dca8ed5b41679745872\" style=\"border-top-left-radius:7px;border-top-right-radius:7px;border-bottom-left-radius:7px;border-bottom-right-radius:7px;color:#f4f4f4;background-color:#c5a059\"><a href=\"https:\/\/sunzentravel.com\/regalo\/\">DESCARGA TU GU\u00cdA REGALO<\/a><\/p>\n<\/div>\n<\/div>\n<\/div><\/div>\n","protected":false},"excerpt":{"rendered":"<p>CONTACTA Y CU\u00c9NTANOS QU\u00c9 NECESITAS Estamos aqu\u00ed para ayudarte a dise\u00f1ar tu pr\u00f3xima experiencia de bienestar Escribe tus dudas o consultas en el formulario y te contestaremos en la mayor brevedad posible, \u00a1estamos encantados de ayudarte! Enviar datos Tambi\u00e9n tienes la opci\u00f3n de email o tel\u00e9fono info@sunzentravel.com (34) 604928172 Descarga tu gu\u00eda de viajes exclusiva [&hellip;]<\/p>\n","protected":false},"author":1,"featured_media":0,"parent":0,"menu_order":0,"comment_status":"closed","ping_status":"closed","template":"","meta":{"_uag_custom_page_level_css":"","site-sidebar-layout":"no-sidebar","site-content-layout":"plain-container","ast-site-content-layout":"full-width-container","site-content-style":"unboxed","site-sidebar-style":"unboxed","ast-global-header-display":"","ast-banner-title-visibility":"","ast-main-header-display":"","ast-hfb-above-header-display":"","ast-hfb-below-header-display":"","ast-hfb-mobile-header-display":"","site-post-title":"disabled","ast-breadcrumbs-content":"","ast-featured-img":"","footer-sml-layout":"","ast-disable-related-posts":"","theme-transparent-header-meta":"enabled","adv-header-id-meta":"","stick-header-meta":"","header-above-stick-meta":"","header-main-stick-meta":"","header-below-stick-meta":"","astra-migrate-meta-layouts":"set","ast-page-background-enabled":"default","ast-page-background-meta":{"desktop":{"background-color":"","background-image":"","background-repeat":"repeat","background-position":"center center","background-size":"auto","background-attachment":"scroll","background-type":"","background-media":"","overlay-type":"","overlay-color":"","overlay-opacity":"","overlay-gradient":""},"tablet":{"background-color":"","background-image":"","background-repeat":"repeat","background-position":"center center","background-size":"auto","background-attachment":"scroll","background-type":"","background-media":"","overlay-type":"","overlay-color":"","overlay-opacity":"","overlay-gradient":""},"mobile":{"background-color":"","background-image":"","background-repeat":"repeat","background-position":"center center","background-size":"auto","background-attachment":"scroll","background-type":"","background-media":"","overlay-type":"","overlay-color":"","overlay-opacity":"","overlay-gradient":""}},"ast-content-background-meta":{"desktop":{"background-color":"var(--ast-global-color-5)","background-image":"","background-repeat":"repeat","background-position":"center center","background-size":"auto","background-attachment":"scroll","background-type":"","background-media":"","overlay-type":"","overlay-color":"","overlay-opacity":"","overlay-gradient":""},"tablet":{"background-color":"var(--ast-global-color-5)","background-image":"","background-repeat":"repeat","background-position":"center center","background-size":"auto","background-attachment":"scroll","background-type":"","background-media":"","overlay-type":"","overlay-color":"","overlay-opacity":"","overlay-gradient":""},"mobile":{"background-color":"var(--ast-global-color-5)","background-image":"","background-repeat":"repeat","background-position":"center center","background-size":"auto","background-attachment":"scroll","background-type":"","background-media":"","overlay-type":"","overlay-color":"","overlay-opacity":"","overlay-gradient":""}},"footnotes":""},"folder":[],"class_list":["post-220","page","type-page","status-publish","hentry"],"uagb_featured_image_src":{"full":false,"thumbnail":false,"medium":false,"medium_large":false,"large":false,"1536x1536":false,"2048x2048":false,"trp-custom-language-flag":false},"uagb_author_info":{"display_name":"sunzentravel","author_link":"https:\/\/sunzentravel.com\/fr\/author\/toni_a23live-com\/"},"uagb_comment_info":0,"uagb_excerpt":"CONTACTA Y CU\u00c9NTANOS QU\u00c9 NECESITAS Estamos aqu\u00ed para ayudarte a dise\u00f1ar tu pr\u00f3xima experiencia de bienestar Escribe tus dudas o consultas en el formulario y te contestaremos en la mayor brevedad posible, \u00a1estamos encantados de ayudarte! Enviar datos Tambi\u00e9n tienes la opci\u00f3n de email o tel\u00e9fono info@sunzentravel.com (34) 604928172 Descarga tu gu\u00eda de viajes exclusiva\u2026","_links":{"self":[{"href":"https:\/\/sunzentravel.com\/fr\/wp-json\/wp\/v2\/pages\/220","targetHints":{"allow":["GET"]}}],"collection":[{"href":"https:\/\/sunzentravel.com\/fr\/wp-json\/wp\/v2\/pages"}],"about":[{"href":"https:\/\/sunzentravel.com\/fr\/wp-json\/wp\/v2\/types\/page"}],"author":[{"embeddable":true,"href":"https:\/\/sunzentravel.com\/fr\/wp-json\/wp\/v2\/users\/1"}],"replies":[{"embeddable":true,"href":"https:\/\/sunzentravel.com\/fr\/wp-json\/wp\/v2\/comments?post=220"}],"version-history":[{"count":73,"href":"https:\/\/sunzentravel.com\/fr\/wp-json\/wp\/v2\/pages\/220\/revisions"}],"predecessor-version":[{"id":10177,"href":"https:\/\/sunzentravel.com\/fr\/wp-json\/wp\/v2\/pages\/220\/revisions\/10177"}],"wp:attachment":[{"href":"https:\/\/sunzentravel.com\/fr\/wp-json\/wp\/v2\/media?parent=220"}],"wp:term":[{"taxonomy":"folder","embeddable":true,"href":"https:\/\/sunzentravel.com\/fr\/wp-json\/wp\/v2\/folder?post=220"}],"curies":[{"name":"wp","href":"https:\/\/api.w.org\/{rel}","templated":true}]}}