{"id":9551,"date":"2026-03-22T19:39:59","date_gmt":"2026-03-22T19:39:59","guid":{"rendered":"https:\/\/sunzentravel.com\/?page_id=9551"},"modified":"2026-04-11T16:35:05","modified_gmt":"2026-04-11T16:35:05","slug":"formulario-sri-lanka","status":"publish","type":"page","link":"https:\/\/sunzentravel.com\/en\/sri-lanka-booking\/","title":{"rendered":"FORM SRI LANKA"},"content":{"rendered":"\n<div class=\"wp-block-uagb-container uagb-block-07933978 alignfull uagb-is-root-container\"><div class=\"uagb-container-inner-blocks-wrap\">\n<div class=\"wp-block-uagb-container uagb-block-175e1c6f\">\n<h1 class=\"wp-block-heading has-text-align-center titulo-destacado has-ast-global-color-5-color has-text-color has-link-color wp-elements-258ee22d3bf420f83667dc6951168645\" style=\"font-size:50px\"><strong>FORMULARIO VIAJE A <\/strong>SRI LANKA<\/h1>\n\n\n\n<h2 class=\"wp-block-heading has-white-color has-text-color has-link-color wp-elements-8ab6a079bbf125527cd9b1597e59e43f\">Hay viajes que se sienten incluso antes de hacer la maleta.<br>Si est\u00e1s aqu\u00ed, quiz\u00e1 este sea uno de ellos.<\/h2>\n\n\n\n<h2 class=\"wp-block-heading has-text-align-left has-white-color has-text-color has-link-color has-medium-font-size wp-elements-f16a51f7aad15a881ec14a9ae368aaa3\">\ud83d\udcdd <strong>Rellenar el formulario no implica ning\u00fan compromiso econ\u00f3mico.<\/strong> Es simplemente el primer paso para conocerte y descubrir si este viaje encaja contigo\u2026 y t\u00fa con la energ\u00eda del grupo.<\/h2>\n\n\n\n<div class=\"wp-block-columns is-layout-flex wp-container-core-columns-is-layout-28f84493 wp-block-columns-is-layout-flex\">\n<div class=\"wp-block-column has-border-color is-layout-flow wp-block-column-is-layout-flow\" style=\"border-color:#c5a059;border-width:3px;border-radius:17px;padding-top:0;padding-right:0;padding-bottom:0;padding-left:0;flex-basis:25%\">      \n\t\t\t<div class=\"uagb-icon-wrapper uagb-block-8a829a79      \"\n\t\t\tstyle=\"\" >\n\t\t\t\t\t\t\t\t\t<span class=\"uagb-svg-wrapper\" \n\t\t\t\t\t aria-label=\"1\"\t\t\t\t\ttabindex=\"0\">\t\t\n\t\t\t\t\t\t\t\t\t\t<svg xmlns=\"https:\/\/www.w3.org\/2000\/svg\" viewBox= \"0 0 256 512\" role=\"graphics-symbol\" aria-hidden=\"false\" aria-label=\"\"><path d=\"M256 448c0 17.67-14.33 32-32 32H32c-17.67 0-32-14.33-32-32s14.33-32 32-32h64V123.8L49.75 154.6C35.02 164.5 15.19 160.4 5.375 145.8C-4.422 131.1-.4531 111.2 14.25 101.4l96-64c9.828-6.547 22.45-7.187 32.84-1.594C153.5 41.37 160 52.22 160 64.01v352h64C241.7 416 256 430.3 256 448z\"><\/path><\/svg>\n\t\t\t\t\t\t\t\t\t<\/span>\n\t\t\t\t\t\t\t<\/div>\n\t\t\t\n\n\n<h3 class=\"wp-block-heading has-text-align-center has-white-color has-text-color has-link-color wp-elements-fd5b889657d1f0dd80f2178d666babd3\" style=\"font-size:25px\">Rellena el formulario<\/h3>\n\n\n\n<p class=\"has-text-align-center has-white-color has-text-color has-link-color wp-elements-ea86bd6d24293501ca76af14211edabd\" style=\"font-size:25px\">Queremos saber qui\u00e9n eres, qu\u00e9 te mueve y qu\u00e9 buscas en esta experiencia.<\/p>\n\n\n\n<p><\/p>\n<\/div>\n\n\n\n<div class=\"wp-block-column has-border-color is-layout-flow wp-block-column-is-layout-flow\" style=\"border-color:#c5a059;border-width:3px;border-radius:17px;flex-basis:25%\">      \n\t\t\t<div class=\"uagb-icon-wrapper uagb-block-adf781eb      \"\n\t\t\tstyle=\"\" >\n\t\t\t\t\t\t\t\t\t<span class=\"uagb-svg-wrapper\" \n\t\t\t\t\t aria-label=\"2\"\t\t\t\t\ttabindex=\"0\">\t\t\n\t\t\t\t\t\t\t\t\t\t<svg xmlns=\"https:\/\/www.w3.org\/2000\/svg\" viewBox= \"0 0 320 512\" role=\"graphics-symbol\" aria-hidden=\"false\" aria-label=\"\"><path d=\"M320 448c0 17.67-14.33 32-32 32H32c-13.08 0-24.83-7.953-29.7-20.09c-4.859-12.12-1.859-26 7.594-35.03l193.6-185.1c31.36-30.17 33.95-80 5.812-113.4c-14.91-17.69-35.86-28.12-58.97-29.38C127.4 95.83 105.3 103.9 88.53 119.9L53.52 151.7c-13.08 11.91-33.33 10.89-45.2-2.172C-3.563 136.5-2.594 116.2 10.48 104.3l34.45-31.3c28.67-27.34 68.39-42.11 108.9-39.88c40.33 2.188 78.39 21.16 104.4 52.03c49.8 59.05 45.2 147.3-10.45 200.8l-136 130H288C305.7 416 320 430.3 320 448z\"><\/path><\/svg>\n\t\t\t\t\t\t\t\t\t<\/span>\n\t\t\t\t\t\t\t<\/div>\n\t\t\t\n\n\n<h3 class=\"wp-block-heading has-text-align-center has-white-color has-text-color has-link-color wp-elements-5b45ed3cbfc945488dd3aa50f66ea913\" style=\"font-size:25px\"><strong>Agenda tu llamada<\/strong><\/h3>\n\n\n\n<p class=\"has-text-align-center has-white-color has-text-color has-link-color wp-elements-751965fd21d2f41c8711dbe9c72575ba\" style=\"font-size:25px\">Al enviarlo, acceder\u00e1s directamente a una p\u00e1gina donde podr\u00e1s elegir el d\u00eda y la hora que mejor te vengan.<\/p>\n<\/div>\n\n\n\n<div class=\"wp-block-column has-border-color is-layout-flow wp-block-column-is-layout-flow\" style=\"border-color:#c5a059;border-radius:17px;flex-basis:25%\">      \n\t\t\t<div class=\"uagb-icon-wrapper uagb-block-78d9c8ec      \"\n\t\t\tstyle=\"\" >\n\t\t\t\t\t\t\t\t\t<span class=\"uagb-svg-wrapper\" \n\t\t\t\t\t aria-label=\"3\"\t\t\t\t\ttabindex=\"0\">\t\t\n\t\t\t\t\t\t\t\t\t\t<svg xmlns=\"https:\/\/www.w3.org\/2000\/svg\" viewBox= \"0 0 320 512\" role=\"graphics-symbol\" aria-hidden=\"false\" aria-label=\"\"><path d=\"M320 344c0 74.98-61.02 136-136 136H103.6c-46.34 0-87.31-29.53-101.1-73.48c-5.594-16.77 3.484-34.88 20.25-40.47c16.75-5.609 34.89 3.484 40.47 20.25c5.922 17.77 22.48 29.7 41.23 29.7H184c39.7 0 72-32.3 72-72s-32.3-72-72-72H80c-13.2 0-25.05-8.094-29.83-20.41C45.39 239.3 48.66 225.3 58.38 216.4l131.4-120.4H32c-17.67 0-32-14.33-32-32s14.33-32 32-32h240c13.2 0 25.05 8.094 29.83 20.41c4.781 12.3 1.516 26.27-8.203 35.19l-131.4 120.4H184C258.1 208 320 269 320 344z\"><\/path><\/svg>\n\t\t\t\t\t\t\t\t\t<\/span>\n\t\t\t\t\t\t\t<\/div>\n\t\t\t\n\n\n<h2 class=\"wp-block-heading has-text-align-center has-white-color has-text-color has-link-color wp-elements-dd234eab7220b568c06ad4a6e8965132\" style=\"font-size:25px\">Hablamos con calma<\/h2>\n\n\n\n<p class=\"has-text-align-center has-white-color has-text-color has-link-color wp-elements-23470c45dc605a019a899ef02109a9fd\" style=\"font-size:25px\">Tendremos una conversaci\u00f3n tranquila para resolver dudas, explicarte c\u00f3mo funciona el viaje y asegurarnos de que encaja contigo.<\/p>\n<\/div>\n\n\n\n<div class=\"wp-block-column has-border-color is-layout-flow wp-block-column-is-layout-flow\" style=\"border-color:#c5a059;border-width:3px;border-radius:17px;flex-basis:25%\">      \n\t\t\t<div class=\"uagb-icon-wrapper uagb-block-d3b6a514      \"\n\t\t\tstyle=\"\" >\n\t\t\t\t\t\t\t\t\t<span class=\"uagb-svg-wrapper\" \n\t\t\t\t\t aria-label=\"4\"\t\t\t\t\ttabindex=\"0\">\t\t\n\t\t\t\t\t\t\t\t\t\t<svg xmlns=\"https:\/\/www.w3.org\/2000\/svg\" viewBox= \"0 0 384 512\" role=\"graphics-symbol\" aria-hidden=\"false\" aria-label=\"\"><path d=\"M384 334.2c0 17.67-14.33 32-32 32h-32v81.78c0 17.67-14.33 32-32 32s-32-14.33-32-32v-81.78H32c-10.97 0-21.17-5.625-27.05-14.89c-5.859-9.266-6.562-20.89-1.875-30.81l128-270.2C138.6 34.33 157.8 27.56 173.7 35.09c15.97 7.562 22.78 26.66 15.22 42.63L82.56 302.2H256V160c0-17.67 14.33-32 32-32s32 14.33 32 32v142.2h32C369.7 302.2 384 316.6 384 334.2z\"><\/path><\/svg>\n\t\t\t\t\t\t\t\t\t<\/span>\n\t\t\t\t\t\t\t<\/div>\n\t\t\t\n\n\n<h3 class=\"wp-block-heading has-text-align-center has-white-color has-text-color has-link-color wp-elements-2613939bfef6dc904a87cd00da6ab6da\" style=\"font-size:25px\"><strong>Si sientes que es para ti\u2026<\/strong><\/h3>\n\n\n\n<p class=\"has-text-align-center has-white-color has-text-color has-link-color wp-elements-412d0d471fddb86568b12e7a25d93958\" style=\"font-size:25px\">Entonces podr\u00e1s reservar tu plaza y unirte al grupo.<\/p>\n<\/div>\n<\/div>\n<\/div>\n<\/div><\/div>\n\n\n\n<div class=\"wp-block-uagb-container uagb-block-a0282dd5 alignfull uagb-is-root-container\"><div class=\"uagb-container-inner-blocks-wrap\">\n<div style=\"height:100px\" aria-hidden=\"true\" class=\"wp-block-spacer\"><\/div>\n\n\n\n<p class=\"has-medium-font-size\"><strong>\u00bfPor qu\u00e9 hacerlo as\u00ed?<\/strong> Porque cada persona es \u00fanica, y cada viaje tambi\u00e9n deber\u00eda serlo. Queremos formar un grupo con intereses comunes, donde todos compartamos la misma energ\u00eda y ganas de vivir algo especial.<\/p>\n\n\n\n<blockquote class=\"wp-block-quote is-layout-flow wp-block-quote-is-layout-flow\">\n<p class=\"has-medium-font-size\">Octubre es uno de los mejores meses para viajar a Sri Lanka: clima estable, paisajes verdes y una energ\u00eda perfecta para conectar con el grupo. Si ya has le\u00eddo toda la informaci\u00f3n del viaje, este formulario es el siguiente paso para reservar tu plaza y unirte a la experiencia.<\/p>\n<\/blockquote>\n\n\n\n<p class=\"has-medium-font-size\">Rellenar el formulario te llevar\u00e1 menos de 2 minutos\u2026 y puede ser el comienzo de algo inolvidable.<\/p>\n\n\n<div class='fluentform ff-default fluentform_wrapper_30 ffs_default_wrap'><form data-form_id=\"30\" id=\"fluentform_30\" class=\"frm-fluent-form fluent_form_30 ff-el-form-top ff_form_instance_30_1 ff-form-loading ffs_default\" data-form_instance=\"ff_form_instance_30_1\" method=\"POST\" ><fieldset  style=\"border: none!important;margin: 0!important;padding: 0!important;background-color: transparent!important;box-shadow: none!important;outline: none!important; min-inline-size: 100%;\">\n                    <legend class=\"ff_screen_reader_title\" style=\"display: block; margin: 0!important;padding: 0!important;height: 0!important;text-indent: -999999px;width: 0!important;overflow:hidden;\">SRI LANKA<\/legend><input type='hidden' name='__fluent_form_embded_post_id' value='9551' \/><input type=\"hidden\" id=\"_fluentform_30_fluentformnonce\" name=\"_fluentform_30_fluentformnonce\" value=\"c788c7ea6a\" \/><input type=\"hidden\" name=\"_wp_http_referer\" value=\"\/en\/wp-json\/wp\/v2\/pages\/9551\" \/><div data-name=\"ff_cn_id_1\"  class='ff-t-container ff-column-container ff_columns_total_2 '><div class='ff-t-cell ff-t-column-1' style='flex-basis: 50%;'><div data-type=\"name-element\" data-name=\"names_2\" class=\" ff-field_container ff-name-field-wrapper\" ><div class='ff-t-container'><div class='ff-t-cell '><div class='ff-el-group ff-el-form-top'><div class=\"ff-el-input--label ff-el-is-required asterisk-right\"><label for='ff_30_names_2_first_name_' id='label_ff_30_names_2_first_name_' >Nombre<\/label><\/div><div class='ff-el-input--content'><input type=\"text\" name=\"names_2[first_name]\" id=\"ff_30_names_2_first_name_\" class=\"ff-el-form-control\" aria-invalid=\"false\" aria-required=true><\/div><\/div><\/div><\/div><\/div><\/div><div class='ff-t-cell ff-t-column-2' style='flex-basis: 50%;'><div class='ff-el-group'><div class=\"ff-el-input--label ff-el-is-required asterisk-right\"><label for='ff_30_email_1' id='label_ff_30_email_1' aria-label=\"Correo electr\u00f3nico\">Correo electr\u00f3nico<\/label><\/div><div class='ff-el-input--content'><input type=\"email\" name=\"email_1\" id=\"ff_30_email_1\" class=\"ff-el-form-control\" data-name=\"email_1\"  aria-invalid=\"false\" aria-required=true><\/div><\/div><\/div><\/div><div data-name=\"ff_cn_id_2\"  class='ff-t-container ff-column-container ff_columns_total_2 '><div class='ff-t-cell ff-t-column-1' style='flex-basis: 50%;'><div class='ff-el-group'><div class=\"ff-el-input--label ff-el-is-required asterisk-right\"><label for='ff_30_phone_1' id='label_ff_30_phone_1' aria-label=\"N\u00famero de tel\u00e9fono\">N\u00famero de tel\u00e9fono<\/label><\/div><div class='ff-el-input--content'><input name=\"phone_1\" class=\"ff-el-form-control ff-el-phone\" type=\"tel\" data-name=\"phone_1\" id=\"ff_30_phone_1\" inputmode=\"tel\"  aria-invalid='false' aria-required=true><\/div><\/div><\/div><div class='ff-t-cell ff-t-column-2' style='flex-basis: 50%;'><div class='ff-el-group'><div class=\"ff-el-input--label asterisk-right\"><label for='ff_30_input_text_1' id='label_ff_30_input_text_1' aria-label=\"\u00bfAlguna preferencia en el alojamiento?\">\u00bfAlguna preferencia en el alojamiento?<\/label><\/div><div class='ff-el-input--content'><input type=\"text\" name=\"input_text_1\" class=\"ff-el-form-control\" data-name=\"input_text_1\" id=\"ff_30_input_text_1\"  aria-invalid=\"false\" aria-required=false><\/div><\/div><\/div><\/div><div class='ff-el-group'><div class=\"ff-el-input--label asterisk-right\"><label for='ff_30_input_text' id='label_ff_30_input_text' aria-label=\"Si tuvieras que elegir entre &quot;playa y relax&quot; o &quot;monta\u00f1a y senderismo&quot;, \u00bfcu\u00e1l eliges?\">Si tuvieras que elegir entre \"playa y relax\" o \"monta\u00f1a y senderismo\", \u00bfcu\u00e1l eliges?<\/label><\/div><div class='ff-el-input--content'><input type=\"text\" name=\"input_text\" class=\"ff-el-form-control\" data-name=\"input_text\" id=\"ff_30_input_text\"  aria-invalid=\"false\" aria-required=false><\/div><\/div><div class='ff-el-group'><div class=\"ff-el-input--label asterisk-right\"><label for='ff_30_input_text_2' id='label_ff_30_input_text_2' aria-label=\"\u00bfQu\u00e9 viaje se adapta m\u00e1s a tus gustos?\">\u00bfQu\u00e9 viaje se adapta m\u00e1s a tus gustos?<\/label><\/div><div class='ff-el-input--content'><input type=\"text\" name=\"input_text_2\" class=\"ff-el-form-control\" data-name=\"input_text_2\" id=\"ff_30_input_text_2\"  aria-invalid=\"false\" aria-required=false><\/div><\/div><div class='ff-el-group'><div class=\"ff-el-input--label asterisk-right\"><label for='ff_30_description_2' id='label_ff_30_description_2' aria-label=\"\u00bfQu\u00e9 tipo de actividades te resultan m\u00e1s atractivas al viajar?\">\u00bfQu\u00e9 tipo de actividades te resultan m\u00e1s atractivas al viajar?<\/label><\/div><div class='ff-el-input--content'><textarea aria-required=\"false\" aria-labelledby=\"label_ff_30_description_2\" name=\"description_2\" id=\"ff_30_description_2\" class=\"ff-el-form-control\" rows=\"3\" cols=\"2\" data-name=\"description_2\" ><\/textarea><\/div><\/div><div class='ff-el-group'><div class=\"ff-el-input--label asterisk-right\"><label for='ff_30_description_1' id='label_ff_30_description_1' aria-label=\"\u00bfQu\u00e9 es lo que no puede faltar en tu itinerario?\">\u00bfQu\u00e9 es lo que no puede faltar en tu itinerario?<\/label><\/div><div class='ff-el-input--content'><textarea aria-required=\"false\" aria-labelledby=\"label_ff_30_description_1\" name=\"description_1\" id=\"ff_30_description_1\" class=\"ff-el-form-control\" rows=\"3\" cols=\"2\" data-name=\"description_1\" ><\/textarea><\/div><\/div><div class='ff-el-group'><div class=\"ff-el-input--label asterisk-right\"><label for='ff_30_description' id='label_ff_30_description' aria-label=\"\u00bfC\u00f3mo te adaptas a los imprevistos de un viaje?\">\u00bfC\u00f3mo te adaptas a los imprevistos de un viaje?<\/label><\/div><div class='ff-el-input--content'><textarea aria-required=\"false\" aria-labelledby=\"label_ff_30_description\" name=\"description\" id=\"ff_30_description\" class=\"ff-el-form-control\" rows=\"3\" cols=\"2\" data-name=\"description\" ><\/textarea><\/div><\/div><div class='ff-el-group'><div class=\"ff-el-input--label asterisk-right\"><label for='ff_30_description_3' id='label_ff_30_description_3' aria-label=\"\u00bfComo vives las diferencias de otro pa\u00eds? Idioma, cultura, gastronom\u00eda, forma de vivir...\">\u00bfComo vives las diferencias de otro pa\u00eds? Idioma, cultura, gastronom\u00eda, forma de vivir...<\/label><\/div><div class='ff-el-input--content'><textarea aria-required=\"false\" aria-labelledby=\"label_ff_30_description_3\" name=\"description_3\" id=\"ff_30_description_3\" class=\"ff-el-form-control\" rows=\"3\" cols=\"2\" data-name=\"description_3\" ><\/textarea><\/div><\/div><div class='ff-el-group'><div class=\"ff-el-input--label asterisk-right\"><label for='ff_30_description_4' id='label_ff_30_description_4' aria-label=\"La vida que deseas est\u00e1 al otro lado del miedo. \u00bfTienes alg\u00fan miedo\/duda sobre el viaje?\">La vida que deseas est\u00e1 al otro lado del miedo. \u00bfTienes alg\u00fan miedo\/duda sobre el viaje?<\/label><\/div><div class='ff-el-input--content'><textarea aria-required=\"false\" aria-labelledby=\"label_ff_30_description_4\" name=\"description_4\" id=\"ff_30_description_4\" class=\"ff-el-form-control\" rows=\"3\" cols=\"2\" data-name=\"description_4\" ><\/textarea><\/div><\/div><div class='ff-el-group'><div class=\"ff-el-input--label asterisk-right\"><label for='ff_30_description_5' id='label_ff_30_description_5' aria-label=\"Este es tu apartado, \u00bfalgo que desees compartir?\">Este es tu apartado, \u00bfalgo que desees compartir?<\/label><\/div><div class='ff-el-input--content'><textarea aria-required=\"false\" aria-labelledby=\"label_ff_30_description_5\" name=\"description_5\" id=\"ff_30_description_5\" class=\"ff-el-form-control\" rows=\"3\" cols=\"2\" data-name=\"description_5\" ><\/textarea><\/div><\/div><div class='ff-el-group    ff-el-input--content'><div class='ff-el-form-check ff-el-tc'><label aria-label='He le\u00eddo y acepto la pol\u00edtica de privacidad' class='ff-el-form-check-label ff_tc_label' for=terms-n-condition_2da2a59ff8a30db96e7fa35599a19377><span class='ff_tc_checkbox'><input type=\"checkbox\" name=\"terms-n-condition\" class=\"ff-el-form-check-input\" data-name=\"terms-n-condition\" id=\"terms-n-condition_2da2a59ff8a30db96e7fa35599a19377\"  value='on' aria-invalid='false' aria-required=true><\/span> <div class='ff_t_c'><p>He le\u00eddo y acepto la pol\u00edtica de privacidad<\/p><\/div><\/label><\/div><\/div><div class='ff-el-group ff-text-center ff_submit_btn_wrapper'><button type=\"submit\" class=\"ff-btn ff-btn-submit ff-btn-lg ff_btn_style\"  aria-label=\"FORMULARIO PARA OPTAR AL VIAJE\">FORMULARIO PARA OPTAR AL VIAJE<\/button><\/div><\/fieldset><\/form><div id='fluentform_30_errors' class='ff-errors-in-stack ff_form_instance_30_1 ff-form-loading_errors ff_form_instance_30_1_errors'><\/div><\/div>            <script type=\"text\/javascript\">\n                window.fluent_form_ff_form_instance_30_1 = {\"id\":\"30\",\"settings\":{\"layout\":{\"labelPlacement\":\"top\",\"asteriskPlacement\":\"asterisk-right\",\"helpMessagePlacement\":\"with_label\",\"errorMessagePlacement\":\"inline\",\"cssClassName\":\"\"},\"restrictions\":{\"denyEmptySubmission\":{\"enabled\":false}}},\"form_instance\":\"ff_form_instance_30_1\",\"form_id_selector\":\"fluentform_30\",\"rules\":{\"names_2[first_name]\":{\"required\":{\"value\":true,\"message\":\"This field is required\",\"global_message\":\"Este campo es obligatorio\",\"global\":true}},\"names_2[middle_name]\":{\"required\":{\"value\":false,\"message\":\"This field is required\",\"global_message\":\"Este campo es obligatorio\",\"global\":true}},\"names_2[last_name]\":{\"required\":{\"value\":false,\"message\":\"This field is required\",\"global_message\":\"Este campo es obligatorio\",\"global\":true}},\"email_1\":{\"required\":{\"value\":true,\"message\":\"This field is required\",\"global_message\":\"Este campo es obligatorio\",\"global\":true},\"email\":{\"value\":true,\"message\":\"This field must contain a valid email\",\"global_message\":\"Este campo debe contener un correo electr\\u00f3nico v\\u00e1lido\",\"global\":true}},\"phone_1\":{\"required\":{\"value\":true,\"global\":true,\"message\":\"This field is required\",\"global_message\":\"Este campo es obligatorio\"},\"valid_phone_number\":{\"value\":false,\"global\":true,\"message\":\"Phone number is not valid\",\"global_message\":\"El n\\u00famero de tel\\u00e9fono no es v\\u00e1lido \"}},\"input_text_1\":{\"required\":{\"value\":false,\"message\":\"This field is required\",\"global_message\":\"Este campo es obligatorio\",\"global\":true}},\"input_text\":{\"required\":{\"value\":false,\"message\":\"This field is required\",\"global_message\":\"Este campo es obligatorio\",\"global\":true}},\"input_text_2\":{\"required\":{\"value\":false,\"message\":\"This field is required\",\"global_message\":\"Este campo es obligatorio\",\"global\":true}},\"description_2\":{\"required\":{\"value\":false,\"message\":\"This field is required\",\"global_message\":\"Este campo es obligatorio\",\"global\":true}},\"description_1\":{\"required\":{\"value\":false,\"message\":\"This field is required\",\"global_message\":\"Este campo es obligatorio\",\"global\":true}},\"description\":{\"required\":{\"value\":false,\"message\":\"This field is required\",\"global_message\":\"Este campo es obligatorio\",\"global\":true}},\"description_3\":{\"required\":{\"value\":false,\"message\":\"This field is required\",\"global_message\":\"Este campo es obligatorio\",\"global\":true}},\"description_4\":{\"required\":{\"value\":false,\"message\":\"This field is required\",\"global_message\":\"Este campo es obligatorio\",\"global\":true}},\"description_5\":{\"required\":{\"value\":false,\"message\":\"This field is required\",\"global_message\":\"Este campo es obligatorio\",\"global\":true}},\"terms-n-condition\":{\"required\":{\"value\":true,\"message\":\"This field is required\",\"global_message\":\"Este campo es obligatorio\",\"global\":true}}},\"debounce_time\":300};\n                            <\/script>\n            \n\n\n\n<p class=\"has-medium-font-size\"><strong>Gracias por dedicar este momento.<\/strong><\/p>\n\n\n\n<p class=\"has-medium-font-size\"> Cuando env\u00edes el formulario, acceder\u00e1s directamente a una p\u00e1gina donde podr\u00e1s <strong>agendar tu llamada<\/strong> en el d\u00eda y hora que mejor te venga.<\/p>\n\n\n\n<p class=\"has-medium-font-size\">Adem\u00e1s, recibir\u00e1s un email de confirmaci\u00f3n con todos los detalles (si no lo ves, revisa la carpeta de spam o correo no deseado).<\/p>\n\n\n\n<p class=\"has-medium-font-size\">Este es solo el primer paso para conocernos y asegurarnos de que este viaje encaja contigo.<\/p>\n<\/div><\/div>\n","protected":false},"excerpt":{"rendered":"<p>FORMULARIO VIAJE A SRI LANKA Hay viajes que se sienten incluso antes de hacer la maleta.Si est\u00e1s aqu\u00ed, quiz\u00e1 este sea uno de ellos. \ud83d\udcdd Rellenar el formulario no implica ning\u00fan compromiso econ\u00f3mico. Es simplemente el primer paso para conocerte y descubrir si este viaje encaja contigo\u2026 y t\u00fa con la energ\u00eda del grupo. Rellena [&hellip;]<\/p>\n","protected":false},"author":1,"featured_media":0,"parent":0,"menu_order":0,"comment_status":"closed","ping_status":"closed","template":"","meta":{"_uag_custom_page_level_css":"h1, h2, h3, h4, h5, h6 {\n  text-transform: none !important;\n}","site-sidebar-layout":"no-sidebar","site-content-layout":"plain-container","ast-site-content-layout":"full-width-container","site-content-style":"unboxed","site-sidebar-style":"unboxed","ast-global-header-display":"","ast-banner-title-visibility":"","ast-main-header-display":"","ast-hfb-above-header-display":"","ast-hfb-below-header-display":"","ast-hfb-mobile-header-display":"","site-post-title":"disabled","ast-breadcrumbs-content":"","ast-featured-img":"disabled","footer-sml-layout":"","ast-disable-related-posts":"","theme-transparent-header-meta":"enabled","adv-header-id-meta":"","stick-header-meta":"","header-above-stick-meta":"","header-main-stick-meta":"","header-below-stick-meta":"","astra-migrate-meta-layouts":"set","ast-page-background-enabled":"default","ast-page-background-meta":{"desktop":{"background-color":"","background-image":"","background-repeat":"repeat","background-position":"center center","background-size":"auto","background-attachment":"scroll","background-type":"","background-media":"","overlay-type":"","overlay-color":"","overlay-opacity":"","overlay-gradient":""},"tablet":{"background-color":"","background-image":"","background-repeat":"repeat","background-position":"center center","background-size":"auto","background-attachment":"scroll","background-type":"","background-media":"","overlay-type":"","overlay-color":"","overlay-opacity":"","overlay-gradient":""},"mobile":{"background-color":"","background-image":"","background-repeat":"repeat","background-position":"center center","background-size":"auto","background-attachment":"scroll","background-type":"","background-media":"","overlay-type":"","overlay-color":"","overlay-opacity":"","overlay-gradient":""}},"ast-content-background-meta":{"desktop":{"background-color":"var(--ast-global-color-5)","background-image":"","background-repeat":"repeat","background-position":"center center","background-size":"auto","background-attachment":"scroll","background-type":"","background-media":"","overlay-type":"","overlay-color":"","overlay-opacity":"","overlay-gradient":""},"tablet":{"background-color":"var(--ast-global-color-5)","background-image":"","background-repeat":"repeat","background-position":"center center","background-size":"auto","background-attachment":"scroll","background-type":"","background-media":"","overlay-type":"","overlay-color":"","overlay-opacity":"","overlay-gradient":""},"mobile":{"background-color":"var(--ast-global-color-5)","background-image":"","background-repeat":"repeat","background-position":"center center","background-size":"auto","background-attachment":"scroll","background-type":"","background-media":"","overlay-type":"","overlay-color":"","overlay-opacity":"","overlay-gradient":""}},"footnotes":""},"folder":[20],"class_list":["post-9551","page","type-page","status-publish","hentry"],"uagb_featured_image_src":{"full":false,"thumbnail":false,"medium":false,"medium_large":false,"large":false,"1536x1536":false,"2048x2048":false,"trp-custom-language-flag":false},"uagb_author_info":{"display_name":"sunzentravel","author_link":"https:\/\/sunzentravel.com\/en\/author\/toni_a23live-com\/"},"uagb_comment_info":0,"uagb_excerpt":"FORMULARIO VIAJE A SRI LANKA Hay viajes que se sienten incluso antes de hacer la maleta.Si est\u00e1s aqu\u00ed, quiz\u00e1 este sea uno de ellos. \ud83d\udcdd Rellenar el formulario no implica ning\u00fan compromiso econ\u00f3mico. Es simplemente el primer paso para conocerte y descubrir si este viaje encaja contigo\u2026 y t\u00fa con la energ\u00eda del grupo. Rellena&hellip;","_links":{"self":[{"href":"https:\/\/sunzentravel.com\/en\/wp-json\/wp\/v2\/pages\/9551","targetHints":{"allow":["GET"]}}],"collection":[{"href":"https:\/\/sunzentravel.com\/en\/wp-json\/wp\/v2\/pages"}],"about":[{"href":"https:\/\/sunzentravel.com\/en\/wp-json\/wp\/v2\/types\/page"}],"author":[{"embeddable":true,"href":"https:\/\/sunzentravel.com\/en\/wp-json\/wp\/v2\/users\/1"}],"replies":[{"embeddable":true,"href":"https:\/\/sunzentravel.com\/en\/wp-json\/wp\/v2\/comments?post=9551"}],"version-history":[{"count":2,"href":"https:\/\/sunzentravel.com\/en\/wp-json\/wp\/v2\/pages\/9551\/revisions"}],"predecessor-version":[{"id":10008,"href":"https:\/\/sunzentravel.com\/en\/wp-json\/wp\/v2\/pages\/9551\/revisions\/10008"}],"wp:attachment":[{"href":"https:\/\/sunzentravel.com\/en\/wp-json\/wp\/v2\/media?parent=9551"}],"wp:term":[{"taxonomy":"folder","embeddable":true,"href":"https:\/\/sunzentravel.com\/en\/wp-json\/wp\/v2\/folder?post=9551"}],"curies":[{"name":"wp","href":"https:\/\/api.w.org\/{rel}","templated":true}]}}