{"id":9792,"date":"2026-04-08T10:52:03","date_gmt":"2026-04-08T10:52:03","guid":{"rendered":"https:\/\/sunzentravel.com\/?page_id=9792"},"modified":"2026-04-12T21:18:10","modified_gmt":"2026-04-12T21:18:10","slug":"acerca-de-nosotros","status":"publish","type":"page","link":"https:\/\/sunzentravel.com\/de\/uber-uns\/","title":{"rendered":"\u00dcber uns"},"content":{"rendered":"<div class=\"wp-block-uagb-container uagb-block-f6474934 alignfull uagb-is-root-container\"><div class=\"uagb-container-inner-blocks-wrap\">\n<h1 class=\"sr-only\">Lernen Sie die Gr\u00fcnder von SunZen Travel kennen: Experten f\u00fcr Erlebnisreisen und Wohlbefinden<\/h1>\n\n\n\n<h1 class=\"wp-block-heading alignfull titulo-destacado has-white-color has-text-color has-link-color has-large-font-size wp-elements-fd48a65e03bb8e1ea717b2cf68f654ad\" style=\"margin-right:0;margin-left:0;text-transform:none\">Au\u00dferhalb des Vorhersehbaren ist der einzige Kompass das Gef\u00fchl.<\/h1>\n<\/div><\/div>\n\n\n\n<div class=\"wp-block-uagb-container uagb-block-d1090499 alignfull uagb-is-root-container\"><div class=\"uagb-container-inner-blocks-wrap\">\n<div style=\"height:100px\" aria-hidden=\"true\" class=\"wp-block-spacer\"><\/div>\n\n\n\n<div class=\"wp-block-uagb-container uagb-block-7cbb401c\">\n<h2 class=\"wp-block-heading\" style=\"text-transform:none\">Jahrelang haben wir das Gleiche geh\u00f6rt und gesehen: <strong>aufgeregte Reisende, die am Ende ersch\u00f6pft waren.<\/strong><\/h2>\n\n\n\n<div style=\"height:100px\" aria-hidden=\"true\" class=\"wp-block-spacer\"><\/div>\n\n\n\n<p class=\"has-medium-font-size\">Wir haben Hotels gesehen, die nicht zum Ausruhen einladen.<\/p>\n\n\n\n<p class=\"has-medium-font-size\">Wir leiden unter einem Mangel an Privatsph\u00e4re.<\/p>\n\n\n\n<p class=\"has-medium-font-size\">Wir beobachten Gruppen, die sich wie Herden hinter einem Regenschirm bewegen, die eine Liste von Denkm\u00e4lern abarbeiten, aber keine Momente erleben.<\/p>\n\n\n\n<div style=\"height:15px\" aria-hidden=\"true\" class=\"wp-block-spacer\"><\/div>\n\n\n\n<p style=\"font-size:22px\">Weil wir sie als Reisende erlebt und als Freunde geh\u00f6rt haben:<strong> echter Luxus ist nicht das, was man sieht, sondern wie man ihn erlebt.<\/strong><\/p>\n<\/div>\n\n\n\n<div style=\"height:100px\" aria-hidden=\"true\" class=\"wp-block-spacer\"><\/div>\n\n\n\n<div class=\"wp-block-uagb-container uagb-block-9d98da6d\">\n<h2 class=\"wp-block-heading\" style=\"text-transform:none\">Unsere Art des Reisens ist sinnvoll, aber nicht f\u00fcr jeden geeignet.<\/h2>\n\n\n\n<p class=\"has-medium-font-size\">Wir konzipieren keine Reisen, um Busse zu f\u00fcllen. Wir ziehen es vor, die Wahl derjenigen zu sein, denen ihre Zeit und Energie wichtiger sind als ein Rabatt. Wenn Sie \u00abdas Billigste\u00bb suchen, sind Sie bei uns nicht an der richtigen Adresse. Aber wenn Sie Wert auf echtes Wohlbefinden legen, sind Sie bei uns richtig.<br><\/p>\n\n\n\n<div style=\"height:15px\" aria-hidden=\"true\" class=\"wp-block-spacer\"><\/div>\n\n\n\n<p class=\"has-medium-font-size\"><strong>Abenteuer ja. Unbehagen nein.<\/strong> <strong>Natur ja. \u00dcberbev\u00f6lkerung nein.<\/strong> <strong>Wohlbefinden ja. Sich selbst verleugnen, niemals.<\/strong><\/p>\n<\/div>\n\n\n\n<div style=\"height:100px\" aria-hidden=\"true\" class=\"wp-block-spacer\"><\/div>\n<\/div><\/div>\n\n\n\n<div class=\"wp-block-uagb-container uagb-block-9b50d7fa alignfull uagb-is-root-container\"><div class=\"uagb-container-inner-blocks-wrap\">\n<div class=\"wp-block-uagb-container uagb-block-7b2e4b4b\">\n<h2 class=\"wp-block-heading\" style=\"text-transform:none\">Der Ursprung einer sinnvolleren Art des Reisens<\/h2>\n<\/div>\n\n\n\n<div style=\"height:100px\" aria-hidden=\"true\" class=\"wp-block-spacer\"><\/div>\n\n\n\n<div class=\"wp-block-columns is-layout-flex wp-container-core-columns-is-layout-28f84493 wp-block-columns-is-layout-flex\">\n<div class=\"wp-block-column is-layout-flow wp-block-column-is-layout-flow\">\n<figure class=\"wp-block-gallery has-nested-images columns-default is-cropped wp-block-gallery-1 is-layout-flex wp-block-gallery-is-layout-flex\">\n<figure class=\"wp-block-image size-large\"><img loading=\"lazy\" decoding=\"async\" width=\"768\" height=\"1024\" data-id=\"5399\" src=\"https:\/\/sunzentravel.com\/wp-content\/uploads\/2025\/10\/20230506_104717-768x1024.webp\" alt=\"Rakel und Toni\" class=\"wp-image-5399\" srcset=\"https:\/\/sunzentravel.com\/wp-content\/uploads\/2025\/10\/20230506_104717-768x1024.webp 768w, https:\/\/sunzentravel.com\/wp-content\/uploads\/2025\/10\/20230506_104717-225x300.webp 225w, https:\/\/sunzentravel.com\/wp-content\/uploads\/2025\/10\/20230506_104717-1152x1536.webp 1152w, https:\/\/sunzentravel.com\/wp-content\/uploads\/2025\/10\/20230506_104717-1536x2048.webp 1536w, https:\/\/sunzentravel.com\/wp-content\/uploads\/2025\/10\/20230506_104717-scaled.webp 1920w\" sizes=\"auto, (max-width: 768px) 100vw, 768px\" \/><\/figure>\n<\/figure>\n<\/div>\n\n\n\n<div class=\"wp-block-column has-medium-font-size is-layout-flow wp-block-column-is-layout-flow\">\n<p class=\"has-medium-font-size\"><strong>Wir sind Toni und Raquel - oder Raquel und Toni,<\/strong> Das spielt keine Rolle, denn in unserem Fall \u00e4ndert die Reihenfolge der Faktoren nichts am Produkt. Wir sind weder Mathematiker noch Philosophen, nur zwei Menschen, die gelernt haben, das Leben zu genie\u00dfen. Und ja, wir wissen, dass das nicht immer einfach ist... aber wer w\u00fcrde das nicht gerne tun?<\/p>\n\n\n\n<p class=\"has-medium-font-size\"><strong>Im Laufe der Jahre haben wir immer wieder dasselbe gesehen, erlebt und geh\u00f6rt: ersch\u00f6pfte Reisende, Erlebnisse, die viel versprachen und wenig hielten, Routen, die wie Fotokopien voneinander aussahen, und Reisen, die so schnell vergessen wurden, wie sie bezahlt worden waren.<\/strong><\/p>\n\n\n\n<p class=\"has-medium-font-size\"><strong>Dies f\u00fchrte uns zu einer Schlussfolgerung, die alles ver\u00e4nderte:<\/strong><strong><br><\/strong><strong> Wenn der Weg, auf dem Sie sich befinden, Sie nicht mehr an Ihr Ziel f\u00fchrt, ist es an der Zeit, die Richtung zu \u00e4ndern.<\/strong><\/p>\n\n\n\n<p class=\"has-medium-font-size\"><strong>PERSPEKTIVEN.<\/strong><strong><br><\/strong><strong> Ein einfaches, aber wirkungsvolles Wort.<\/strong><strong><br><\/strong><strong> Angewandt auf Ihr Leben - und Ihre Reisen - kann sie alles ver\u00e4ndern.<\/strong><\/p>\n\n\n\n<p class=\"has-medium-font-size\"><strong>Aus diesem Grund haben wir SunZen Travel gegr\u00fcndet:<\/strong><\/p>\n\n\n\n<p class=\"has-medium-font-size\"><strong>Wir sind ein Sonnen- und Reiseb\u00fcro, weil wir die Sonne und das Reisen lieben, und wir tun es, um Erlebnisse anzubieten, die Ihnen helfen, diese Perspektive wiederzuerlangen, mit Enthusiasmus, mit Ideen und mit echtem Engagement, um Reisen zu gestalten, die sich authentisch, umsorgt und voller Bedeutung anf\u00fchlen.<\/strong><\/p>\n\n\n\n<p class=\"has-medium-font-size\"><strong>Wir geben nicht vor, eine konventionelle Agentur zu sein.<br> Wir versuchen, Erfahrungen zu schaffen, bei denen jede Entscheidung einen Grund hat... und wahrgenommen wird.<\/strong><\/p>\n<\/div>\n<\/div>\n\n\n\n<div style=\"height:100px\" aria-hidden=\"true\" class=\"wp-block-spacer\"><\/div>\n\n\n\n<div class=\"wp-block-uagb-container uagb-block-e8cb4f68\">\n<h2 class=\"wp-block-heading\" style=\"text-transform:none\"><strong>Es geht nicht darum, mehr zu reisen. Es geht darum, besser zu reisen.<\/strong><\/h2>\n\n\n\n<p class=\"has-medium-font-size\">Aufh\u00f6ren, Orte zu sammeln, und anfangen, Momente zu sammeln, die wirklich wichtig sind. Zu sp\u00fcren, dass jeder Tag einen Sinn hat, dass jede Erfahrung z\u00e4hlt und dass jede Entscheidung getroffen wurde, um Ihre Energie zu sch\u00fctzen.<\/p>\n\n\n\n<div style=\"height:15px\" aria-hidden=\"true\" class=\"wp-block-spacer\"><\/div>\n\n\n\n<p class=\"has-medium-font-size\"><strong>Ihre n\u00e4chste Reise sollte nicht einfach nur eine weitere Reise sein. Es sollte die Reise sein, an die Sie sich noch Jahre sp\u00e4ter erinnern. Eine, die Sie nicht erkl\u00e4ren m\u00fcssen... weil man sie sieht.<\/strong><\/p>\n<\/div>\n\n\n\n<div style=\"height:100px\" aria-hidden=\"true\" class=\"wp-block-spacer\"><\/div>\n\n\n\n<figure class=\"wp-block-gallery has-nested-images columns-5 is-cropped galeria-movil-scroll wp-block-gallery-2 is-layout-flex wp-block-gallery-is-layout-flex\">\n<figure class=\"wp-block-image size-full\"><img loading=\"lazy\" decoding=\"async\" width=\"1000\" height=\"1333\" data-id=\"4894\" src=\"https:\/\/sunzentravel.com\/wp-content\/uploads\/2025\/10\/20230811_200456.webp\" alt=\"20230811 200456\" class=\"wp-image-4894\" srcset=\"https:\/\/sunzentravel.com\/wp-content\/uploads\/2025\/10\/20230811_200456.webp 1000w, https:\/\/sunzentravel.com\/wp-content\/uploads\/2025\/10\/20230811_200456-225x300.webp 225w, https:\/\/sunzentravel.com\/wp-content\/uploads\/2025\/10\/20230811_200456-768x1024.webp 768w\" sizes=\"auto, (max-width: 1000px) 100vw, 1000px\" \/><\/figure>\n\n\n\n<figure class=\"wp-block-image size-full\"><img loading=\"lazy\" decoding=\"async\" width=\"1500\" height=\"2000\" data-id=\"7193\" src=\"https:\/\/sunzentravel.com\/wp-content\/uploads\/2025\/12\/Copia-de-20250517_142449-1.webp\" alt=\"\" class=\"wp-image-7193\" srcset=\"https:\/\/sunzentravel.com\/wp-content\/uploads\/2025\/12\/Copia-de-20250517_142449-1.webp 1500w, https:\/\/sunzentravel.com\/wp-content\/uploads\/2025\/12\/Copia-de-20250517_142449-1-225x300.webp 225w, https:\/\/sunzentravel.com\/wp-content\/uploads\/2025\/12\/Copia-de-20250517_142449-1-768x1024.webp 768w, https:\/\/sunzentravel.com\/wp-content\/uploads\/2025\/12\/Copia-de-20250517_142449-1-1152x1536.webp 1152w\" sizes=\"auto, (max-width: 1500px) 100vw, 1500px\" \/><\/figure>\n\n\n\n<figure class=\"wp-block-image size-full\"><img loading=\"lazy\" decoding=\"async\" width=\"1201\" height=\"1600\" data-id=\"4211\" src=\"https:\/\/sunzentravel.com\/wp-content\/uploads\/2025\/09\/IMG-20240721-WA0015.jpg\" alt=\"img 20240721 wa0015\" class=\"wp-image-4211\" srcset=\"https:\/\/sunzentravel.com\/wp-content\/uploads\/2025\/09\/IMG-20240721-WA0015.jpg 1201w, https:\/\/sunzentravel.com\/wp-content\/uploads\/2025\/09\/IMG-20240721-WA0015-225x300.jpg 225w, https:\/\/sunzentravel.com\/wp-content\/uploads\/2025\/09\/IMG-20240721-WA0015-769x1024.jpg 769w, https:\/\/sunzentravel.com\/wp-content\/uploads\/2025\/09\/IMG-20240721-WA0015-768x1023.jpg 768w, https:\/\/sunzentravel.com\/wp-content\/uploads\/2025\/09\/IMG-20240721-WA0015-1153x1536.jpg 1153w\" sizes=\"auto, (max-width: 1201px) 100vw, 1201px\" \/><\/figure>\n<\/figure>\n\n\n\n<div style=\"height:100px\" aria-hidden=\"true\" class=\"wp-block-spacer\"><\/div>\n\n\n\n<div class=\"wp-block-uagb-container uagb-block-a1b75837\">\n<h2 class=\"wp-block-heading\" style=\"text-transform:none\">Sind Sie bereit, nicht mehr mit dem Strom zu schwimmen?<\/h2>\n\n\n\n<div style=\"height:15px\" aria-hidden=\"true\" class=\"wp-block-spacer\"><\/div>\n\n\n\n<p class=\"has-medium-font-size\">&nbsp;<em><strong>Ihre Ver\u00e4nderung beginnt mit einer Entscheidung.<\/strong><\/em><\/p>\n\n\n\n<div class=\"wp-block-buttons is-content-justification-space-between is-layout-flex wp-container-core-buttons-is-layout-b2891da8 wp-block-buttons-is-layout-flex\">\n<div class=\"wp-block-button\"><a class=\"wp-block-button__link has-medium-font-size has-custom-font-size wp-element-button\" href=\"https:\/\/sunzentravel.com\/de\/gruppenreisen\/\">ENTDECKEN SIE UNSERE KOMMENDEN REISEN<\/a><\/div>\n\n\n\n<div class=\"wp-block-button\"><a class=\"wp-block-button__link has-medium-font-size has-custom-font-size wp-element-button\" href=\"https:\/\/sunzentravel.com\/de\/startseite-sunzen-travel\/\">ENTWERFEN SIE IHRE MASSGESCHNEIDERTE REISE<\/a><\/div>\n<\/div>\n<\/div>\n\n\n\n<div style=\"height:100px\" aria-hidden=\"true\" class=\"wp-block-spacer\"><\/div>\n\n\n\n<div class=\"wp-block-uagb-blockquote uagb-block-837871a1 uagb-blockquote__skin-border uagb-blockquote__stack-img-none\"><blockquote class=\"uagb-blockquote\"><div class=\"uagb-blockquote__content\">\u00abEine Reise wird besser in Freunden als in Meilen gemessen\u00bb.\u00bb<\/div><footer><div class=\"uagb-blockquote__author-wrap uagb-blockquote__author-at-left\"><cite class=\"uagb-blockquote__author\">Tim Cahill<\/cite><\/div><\/footer><\/blockquote><\/div>\n\n\n\n<div style=\"height:100px\" aria-hidden=\"true\" class=\"wp-block-spacer\"><\/div>\n\n\n\n<div class=\"wp-block-columns is-layout-flex wp-container-core-columns-is-layout-28f84493 wp-block-columns-is-layout-flex\">\n<div class=\"wp-block-column is-layout-flow wp-block-column-is-layout-flow\">\n<h2 class=\"wp-block-heading alignwide has-text-align-center\" style=\"font-size:30px;text-transform:none\">Laden Sie Ihren exklusiven Reisef\u00fchrer herunter<\/h2>\n\n\n\n<h3 class=\"wp-block-heading\" style=\"text-transform:none\">\u2728 Entdecken Sie Ihre authentischste Art zu reisen<\/h3>\n\n\n\n<p class=\"has-medium-font-size\">Sind Sie dabei, sich in ein neues Abenteuer zu st\u00fcrzen?<br>Dann gehen Sie nicht, ohne sich unser <strong><a href=\"https:\/\/sunzentravel.com\/de\/palawan-inselparadies\/\">exklusiver F\u00fchrer<\/a><\/strong>ein kleines Juwel, das wir liebevoll f\u00fcr Sie vorbereitet haben. <strong>besser, freier, mehr Sie reisen<\/strong>.<\/p>\n\n\n\n<p class=\"has-medium-font-size\">Hier finden Sie <strong>8 Tasten <\/strong>die Ihnen dabei helfen, die Reise Ihrer Tr\u00e4ume zu verwirklichen, praktische Ratschl\u00e4ge, echte Inspiration und Details, die den Unterschied zwischen einer gew\u00f6hnlichen Reise und einem Erlebnis ausmachen, das den Unterschied ausmacht...<\/p>\n\n\n\n<p class=\"has-text-align-center has-medium-font-size\">\ud83d\udc49 <a href=\"https:\/\/sunzentravel.com\/de\/palawan-inselparadies\/\" data-type=\"page\" data-id=\"2207\"><strong>Jetzt herunterladen, es ist kostenlos<\/strong> <\/a>und ist f\u00fcr Sie geeignet, egal ob Sie allein, zu zweit oder in einer Gruppe reisen.<\/p>\n<\/div>\n\n\n\n<div class=\"wp-block-column is-layout-flow wp-block-column-is-layout-flow\">\n<figure class=\"wp-block-gallery has-nested-images columns-default is-cropped wp-block-gallery-3 is-layout-flex wp-block-gallery-is-layout-flex\">\n<figure class=\"wp-block-image alignwide size-large libro-3d\"><a href=\"https:\/\/sunzentravel.com\/de\/palawan-inselparadies\/\"><img loading=\"lazy\" decoding=\"async\" width=\"1024\" height=\"576\" data-id=\"4891\" src=\"https:\/\/sunzentravel.com\/wp-content\/uploads\/2025\/10\/Blue-and-White-Modern-Travel-Agency-Presentation-1024x576.webp\" alt=\"Blaue und wei\u00dfe moderne Reiseb\u00fcropr\u00e4sentation\" class=\"wp-image-4891\" srcset=\"https:\/\/sunzentravel.com\/wp-content\/uploads\/2025\/10\/Blue-and-White-Modern-Travel-Agency-Presentation-1024x576.webp 1024w, https:\/\/sunzentravel.com\/wp-content\/uploads\/2025\/10\/Blue-and-White-Modern-Travel-Agency-Presentation-300x169.webp 300w, https:\/\/sunzentravel.com\/wp-content\/uploads\/2025\/10\/Blue-and-White-Modern-Travel-Agency-Presentation-768x432.webp 768w, https:\/\/sunzentravel.com\/wp-content\/uploads\/2025\/10\/Blue-and-White-Modern-Travel-Agency-Presentation.webp 1500w\" sizes=\"auto, (max-width: 1024px) 100vw, 1024px\" \/><\/a><\/figure>\n<\/figure>\n\n\n\n<p class=\"has-text-align-center has-text-color has-background has-link-color wp-elements-dc3a256d265f0dca8ed5b41679745872\" style=\"border-top-left-radius:7px;border-top-right-radius:7px;border-bottom-left-radius:7px;border-bottom-right-radius:7px;color:#f4f4f4;background-color:#c5a059\"><a href=\"https:\/\/sunzentravel.com\/de\/palawan-inselparadies\/\">DOWNLOADEN SIE IHREN GESCHENKF\u00dcHRER<\/a><\/p>\n<\/div>\n<\/div>\n<\/div><\/div>\n\n\n\n<blockquote class=\"wp-block-quote is-layout-flow wp-block-quote-is-layout-flow\">\n<p><\/p>\n<\/blockquote>","protected":false},"excerpt":{"rendered":"<p>Conoce a los fundadores de SunZen Travel: Expertos en viajes de autor y bienestar Fuera de lo predecible, la \u00fanica br\u00fajula es la emoci\u00f3n Durante a\u00f1os escuchamos y vimos lo mismo: viajeros ilusionados que terminaban agotados. Vimos hoteles que no invitan a descansar. Sufrimos la falta de privacidad. Observamos a grupos movi\u00e9ndose como reba\u00f1os tras [&hellip;]<\/p>\n","protected":false},"author":1,"featured_media":0,"parent":0,"menu_order":0,"comment_status":"closed","ping_status":"closed","template":"","meta":{"_uag_custom_page_level_css":"","site-sidebar-layout":"no-sidebar","site-content-layout":"plain-container","ast-site-content-layout":"full-width-container","site-content-style":"unboxed","site-sidebar-style":"unboxed","ast-global-header-display":"","ast-banner-title-visibility":"","ast-main-header-display":"","ast-hfb-above-header-display":"","ast-hfb-below-header-display":"","ast-hfb-mobile-header-display":"","site-post-title":"disabled","ast-breadcrumbs-content":"","ast-featured-img":"disabled","footer-sml-layout":"","ast-disable-related-posts":"","theme-transparent-header-meta":"enabled","adv-header-id-meta":"","stick-header-meta":"","header-above-stick-meta":"","header-main-stick-meta":"","header-below-stick-meta":"","astra-migrate-meta-layouts":"set","ast-page-background-enabled":"default","ast-page-background-meta":{"desktop":{"background-color":"","background-image":"","background-repeat":"repeat","background-position":"center center","background-size":"auto","background-attachment":"scroll","background-type":"","background-media":"","overlay-type":"","overlay-color":"","overlay-opacity":"","overlay-gradient":""},"tablet":{"background-color":"","background-image":"","background-repeat":"repeat","background-position":"center center","background-size":"auto","background-attachment":"scroll","background-type":"","background-media":"","overlay-type":"","overlay-color":"","overlay-opacity":"","overlay-gradient":""},"mobile":{"background-color":"","background-image":"","background-repeat":"repeat","background-position":"center center","background-size":"auto","background-attachment":"scroll","background-type":"","background-media":"","overlay-type":"","overlay-color":"","overlay-opacity":"","overlay-gradient":""}},"ast-content-background-meta":{"desktop":{"background-color":"var(--ast-global-color-5)","background-image":"","background-repeat":"repeat","background-position":"center center","background-size":"auto","background-attachment":"scroll","background-type":"","background-media":"","overlay-type":"","overlay-color":"","overlay-opacity":"","overlay-gradient":""},"tablet":{"background-color":"var(--ast-global-color-5)","background-image":"","background-repeat":"repeat","background-position":"center center","background-size":"auto","background-attachment":"scroll","background-type":"","background-media":"","overlay-type":"","overlay-color":"","overlay-opacity":"","overlay-gradient":""},"mobile":{"background-color":"var(--ast-global-color-5)","background-image":"","background-repeat":"repeat","background-position":"center center","background-size":"auto","background-attachment":"scroll","background-type":"","background-media":"","overlay-type":"","overlay-color":"","overlay-opacity":"","overlay-gradient":""}},"footnotes":""},"folder":[19],"class_list":["post-9792","page","type-page","status-publish","hentry"],"uagb_featured_image_src":{"full":false,"thumbnail":false,"medium":false,"medium_large":false,"large":false,"1536x1536":false,"2048x2048":false,"trp-custom-language-flag":false},"uagb_author_info":{"display_name":"sunzentravel","author_link":"https:\/\/sunzentravel.com\/de\/author\/toni_a23live-com\/"},"uagb_comment_info":0,"uagb_excerpt":"Conoce a los fundadores de SunZen Travel: Expertos en viajes de autor y bienestar Fuera de lo predecible, la \u00fanica br\u00fajula es la emoci\u00f3n Durante a\u00f1os escuchamos y vimos lo mismo: viajeros ilusionados que terminaban agotados. Vimos hoteles que no invitan a descansar. Sufrimos la falta de privacidad. Observamos a grupos movi\u00e9ndose como reba\u00f1os tras&hellip;","_links":{"self":[{"href":"https:\/\/sunzentravel.com\/de\/wp-json\/wp\/v2\/pages\/9792","targetHints":{"allow":["GET"]}}],"collection":[{"href":"https:\/\/sunzentravel.com\/de\/wp-json\/wp\/v2\/pages"}],"about":[{"href":"https:\/\/sunzentravel.com\/de\/wp-json\/wp\/v2\/types\/page"}],"author":[{"embeddable":true,"href":"https:\/\/sunzentravel.com\/de\/wp-json\/wp\/v2\/users\/1"}],"replies":[{"embeddable":true,"href":"https:\/\/sunzentravel.com\/de\/wp-json\/wp\/v2\/comments?post=9792"}],"version-history":[{"count":35,"href":"https:\/\/sunzentravel.com\/de\/wp-json\/wp\/v2\/pages\/9792\/revisions"}],"predecessor-version":[{"id":10175,"href":"https:\/\/sunzentravel.com\/de\/wp-json\/wp\/v2\/pages\/9792\/revisions\/10175"}],"wp:attachment":[{"href":"https:\/\/sunzentravel.com\/de\/wp-json\/wp\/v2\/media?parent=9792"}],"wp:term":[{"taxonomy":"folder","embeddable":true,"href":"https:\/\/sunzentravel.com\/de\/wp-json\/wp\/v2\/folder?post=9792"}],"curies":[{"name":"wp","href":"https:\/\/api.w.org\/{rel}","templated":true}]}}