{"id":7879,"date":"2026-01-27T14:18:47","date_gmt":"2026-01-27T14:18:47","guid":{"rendered":"https:\/\/sunzentravel.com\/?page_id=7879"},"modified":"2026-04-11T16:42:01","modified_gmt":"2026-04-11T16:42:01","slug":"formulario-retiro-la-india","status":"publish","type":"page","link":"https:\/\/sunzentravel.com\/de\/indien-retreat-reise\/","title":{"rendered":"R\u00fccknahmeformular Indien"},"content":{"rendered":"\n<div class=\"wp-block-uagb-container uagb-block-2f179a9d alignwide uagb-is-root-container\">\n<h1 class=\"wp-block-heading alignfull has-text-align-center titulo-destacado has-text-color has-link-color wp-elements-9c213d17600dbd66d3947c6aa0cbc181\" style=\"color:#40e0d0;font-size:50px\"><strong>Yoga \u00b7 Ayurveda \u00b7 Meditaci\u00f3n \u00b7 Mar<\/strong><\/h1>\n<\/div>\n\n\n\n<div class=\"wp-block-uagb-container uagb-block-30b50287 alignfull uagb-is-root-container\"><div class=\"uagb-container-inner-blocks-wrap\">\n<div class=\"wp-block-uagb-container uagb-block-d31e172d\">\n<div style=\"height:50px\" aria-hidden=\"true\" class=\"wp-block-spacer\"><\/div>\n<\/div>\n<\/div><\/div>\n\n\n\n<div class=\"wp-block-uagb-container uagb-block-ae6e1e66 alignfull uagb-is-root-container\"><div class=\"uagb-container-inner-blocks-wrap\">\n<h2 class=\"wp-block-heading has-text-color has-link-color has-large-font-size wp-elements-3ef1da374845bf222b37a7166510e4a1\" style=\"color:#40e0d0;text-transform:none\">Del ruido al silencio: Un viaje de retorno a tu esencia<\/h2>\n\n\n\n<p class=\"has-text-align-left has-medium-font-size\" style=\"line-height:2.3\"><em>Has manifestado este momento. Reg\u00e1late un espacio sagrado para alinear tu energ\u00eda, sanar con la sabidur\u00eda del Ayurveda y reconectar con tu poder personal frente a la inmensidad del oc\u00e9ano.<\/em><\/p>\n\n\n\n<p class=\"has-medium-font-size\">Kerala es uno de los destinos m\u00e1s aut\u00e9nticos para vivir un retiro de Ayurveda, yoga y meditaci\u00f3n. Sus centros tradicionales, su naturaleza tropical y su energ\u00eda tranquila lo convierten en el lugar ideal para una experiencia profunda durante cualquier \u00e9poca del a\u00f1o. Si ya has le\u00eddo toda la informaci\u00f3n del retiro, este formulario es el siguiente paso para reservar tu plaza y unirte a la experiencia.<\/p>\n\n\n\n<div style=\"height:25px\" aria-hidden=\"true\" class=\"wp-block-spacer\"><\/div>\n\n\n\n<p class=\"has-medium-font-size\" style=\"margin-top:0;margin-bottom:0;line-height:1.8\"><strong><em>Completa este formulario para iniciar tu proceso de inscripci\u00f3n. Las plazas son limitadas para garantizar una experiencia energ\u00e9tica \u00edntima y profunda.<\/em><\/strong><\/p>\n<\/div><\/div>\n\n\n\n<div class=\"wp-block-uagb-container uagb-block-0452d32b alignfull uagb-is-root-container\"><div class=\"uagb-container-inner-blocks-wrap\">\n<div class=\"wp-block-uagb-container uagb-block-3c2aa714\">\n<div class=\"wp-block-uagb-advanced-heading uagb-block-aedfbc40\"><h2 class=\"uagb-heading-text\">Enviar datos<\/h2><\/div>\n\n\n<div class='fluentform ff-default fluentform_wrapper_36 ffs_default_wrap'><form data-form_id=\"36\" id=\"fluentform_36\" class=\"frm-fluent-form fluent_form_36 ff-el-form-top ff_form_instance_36_1 ff-form-loading ffs_default\" data-form_instance=\"ff_form_instance_36_1\" method=\"POST\" ><fieldset  style=\"border: none!important;margin: 0!important;padding: 0!important;background-color: transparent!important;box-shadow: none!important;outline: none!important; min-inline-size: 100%;\">\n                    <legend class=\"ff_screen_reader_title\" style=\"display: block; margin: 0!important;padding: 0!important;height: 0!important;text-indent: -999999px;width: 0!important;overflow:hidden;\">Retiro Ayurveda India<\/legend><input type='hidden' name='__fluent_form_embded_post_id' value='7879' \/><input type=\"hidden\" id=\"_fluentform_36_fluentformnonce\" name=\"_fluentform_36_fluentformnonce\" value=\"c788c7ea6a\" \/><input type=\"hidden\" name=\"_wp_http_referer\" value=\"\/de\/wp-json\/wp\/v2\/pages\/7879\" \/><div data-type=\"name-element\" data-name=\"names\" class=\" ff-field_container ff-name-field-wrapper\" ><div class='ff-t-container'><div class='ff-t-cell '><div class='ff-el-group ff-el-form-top'><div class=\"ff-el-input--label ff-el-is-required asterisk-right\"><label for='ff_36_names_first_name_' id='label_ff_36_names_first_name_' >Nombre<\/label><\/div><div class='ff-el-input--content'><input type=\"text\" name=\"names[first_name]\" id=\"ff_36_names_first_name_\" class=\"ff-el-form-control\" placeholder=\"Introduce tu nombre\" aria-invalid=\"false\" aria-required=true><\/div><\/div><\/div><\/div><\/div><div class='ff-el-group'><div class=\"ff-el-input--label ff-el-is-required asterisk-right\"><label for='ff_36_email' id='label_ff_36_email' aria-label=\"Correo electr\u00f3nico\">Correo electr\u00f3nico<\/label><\/div><div class='ff-el-input--content'><input type=\"email\" name=\"email\" id=\"ff_36_email\" class=\"ff-el-form-control\" placeholder=\"Correo electr\u00f3nico\" data-name=\"email\"  aria-invalid=\"false\" aria-required=true><\/div><\/div><div class='ff-el-group'><div class=\"ff-el-input--label asterisk-right\"><label for='ff_36_input_mask' id='label_ff_36_input_mask' aria-label=\"Tel\u00e9fono\">Tel\u00e9fono<\/label><\/div><div class='ff-el-input--content'><input type=\"text\" name=\"input_mask\" class=\"ff-el-form-control\" data-name=\"input_mask\" id=\"ff_36_input_mask\"  aria-invalid=\"false\" aria-required=false><\/div><\/div><div class='ff-el-group'><div class=\"ff-el-input--label ff-el-is-required asterisk-right\"><label for='ff_36_dropdown' id='label_ff_36_dropdown' aria-label=\"Asunto\">Asunto<\/label><\/div><div class='ff-el-input--content'><select name=\"dropdown\" id=\"ff_36_dropdown\" class=\"ff-el-form-control\" data-name=\"dropdown\" data-calc_value=\"0\"  aria-invalid=\"false\" aria-required=\"true\" aria-labelledby=\"label_ff_36_dropdown\"><option value=\"Viajes en grupo\"  >Viajes en grupo<\/option><option value=\"Viajes personalizados\"  >Viajes personalizados<\/option><option value=\"Otras consultas\"  >Otras consultas<\/option><\/select><\/div><\/div><div class='ff-el-group'><div class=\"ff-el-input--label asterisk-right\"><label for='ff_36_description' id='label_ff_36_description' aria-label=\"Mensaje\">Mensaje<\/label><\/div><div class='ff-el-input--content'><textarea aria-required=\"false\" aria-labelledby=\"label_ff_36_description\" name=\"description\" id=\"ff_36_description\" class=\"ff-el-form-control\" rows=\"3\" cols=\"2\" data-name=\"description\" ><\/textarea><\/div><\/div><div class='ff-el-group    ff-el-input--content'><div class='ff-el-form-check ff-el-tc'><label aria-label='Terms and Conditions: He le\u00eddo y acepto la pol\u00edtica de privacidad Contains 1 link. Use tab navigation to review.' class='ff-el-form-check-label ff_tc_label' for=terms-n-condition_886cbb07655062589296eadc4373c39a><span class='ff_tc_checkbox'><input type=\"checkbox\" name=\"terms-n-condition\" class=\"ff-el-form-check-input\" data-name=\"terms-n-condition\" id=\"terms-n-condition_886cbb07655062589296eadc4373c39a\"  value='on' aria-invalid='false' aria-required=true><\/span> <div class='ff_t_c'><p>He le\u00eddo y acepto la<a href=\"https:\/\/sunzentravel.com\/politica-de-privacidad\/\"> pol\u00edtica de privacidad<\/a><\/p><\/div><\/label><\/div><\/div><div class='ff-el-group    ff-el-input--content'><div class='ff-el-form-check ff-el-tc'><label aria-label='Acepto que Sunzentravel guarde mis datos y me env\u00ede emails sobre el fascinante mundo de los viajes.' class='ff-el-form-check-label ff_tc_label' for=terms-n-condition_1_bb90a249ee9241f01ab7f7544b2d4785><span class='ff_tc_checkbox'><input type=\"checkbox\" name=\"terms-n-condition_1\" class=\"ff-el-form-check-input\" data-name=\"terms-n-condition_1\" id=\"terms-n-condition_1_bb90a249ee9241f01ab7f7544b2d4785\"  value='on' aria-invalid='false' aria-required=false><\/span> <div class='ff_t_c'><p>Acepto que Sunzentravel guarde mis datos y me env\u00ede emails sobre el fascinante mundo de los viajes.<\/p><\/div><\/label><\/div><\/div><div class='ff-el-group ff-text-left ff_submit_btn_wrapper'><button type=\"submit\" class=\"ff-btn ff-btn-submit ff-btn-lg ff_btn_style\"  aria-label=\"Enviar\">Enviar<\/button><\/div><\/fieldset><\/form><div id='fluentform_36_errors' class='ff-errors-in-stack ff_form_instance_36_1 ff-form-loading_errors ff_form_instance_36_1_errors'><\/div><\/div>            <script type=\"text\/javascript\">\n                window.fluent_form_ff_form_instance_36_1 = {\"id\":\"36\",\"settings\":{\"layout\":{\"labelPlacement\":\"top\",\"asteriskPlacement\":\"asterisk-right\",\"helpMessagePlacement\":\"with_label\",\"errorMessagePlacement\":\"inline\",\"cssClassName\":\"\"},\"restrictions\":{\"denyEmptySubmission\":{\"enabled\":false}}},\"form_instance\":\"ff_form_instance_36_1\",\"form_id_selector\":\"fluentform_36\",\"rules\":{\"names[first_name]\":{\"required\":{\"value\":true,\"message\":\"Dieses Feld ist erforderlich\",\"global_message\":\"Este campo es obligatorio\",\"global\":true}},\"names[middle_name]\":{\"required\":{\"value\":false,\"message\":\"Dieses Feld ist erforderlich\",\"global_message\":\"Este campo es obligatorio\",\"global\":true}},\"names[last_name]\":{\"required\":{\"value\":false,\"message\":\"Dieses Feld ist erforderlich\",\"global_message\":\"Este campo es obligatorio\",\"global\":true}},\"email\":{\"required\":{\"value\":true,\"message\":\"Dieses Feld ist erforderlich\",\"global_message\":\"Este campo es obligatorio\",\"global\":true},\"email\":{\"value\":true,\"message\":\"Dieses Feld muss eine g\\u00fcltige E-Mail-Adresse enthalten\",\"global_message\":\"Este campo debe contener un correo electr\\u00f3nico v\\u00e1lido\",\"global\":true}},\"input_mask\":{\"required\":{\"value\":false,\"message\":\"Dieses Feld ist erforderlich\",\"global_message\":\"Este campo es obligatorio\",\"global\":true}},\"dropdown\":{\"required\":{\"value\":true,\"message\":\"Dieses Feld ist erforderlich\",\"global_message\":\"Este campo es obligatorio\",\"global\":true}},\"description\":{\"required\":{\"value\":false,\"message\":\"Dieses Feld ist erforderlich\",\"global_message\":\"Este campo es obligatorio\",\"global\":true}},\"terms-n-condition\":{\"required\":{\"value\":true,\"message\":\"Dieses Feld ist erforderlich\",\"global_message\":\"Este campo es obligatorio\",\"global\":true}},\"terms-n-condition_1\":{\"required\":{\"value\":false,\"message\":\"Dieses Feld ist erforderlich\",\"global_message\":\"Este campo es obligatorio\",\"global\":true}}},\"debounce_time\":300};\n                            <\/script>\n            \n<\/div>\n<\/div><\/div>\n\n\n\n<div class=\"wp-block-uagb-container uagb-block-952ac107 alignfull uagb-is-root-container\"><div class=\"uagb-container-inner-blocks-wrap\">\n<div class=\"wp-block-columns is-layout-flex wp-container-core-columns-is-layout-28f84493 wp-block-columns-is-layout-flex\">\n<div class=\"wp-block-column is-layout-flow wp-block-column-is-layout-flow\">\n<h2 class=\"wp-block-heading alignwide has-text-align-center\" style=\"font-size:30px;text-transform:none\">Descarga tu gu\u00eda de viajes exclusiva<\/h2>\n\n\n\n<h3 class=\"wp-block-heading\" style=\"text-transform:none\">\u2728 Descubre tu forma m\u00e1s aut\u00e9ntica de viajar<\/h3>\n\n\n\n<p class=\"has-medium-font-size\">\u00bfEst\u00e1s a punto de emprender una nueva aventura?<br>Entonces no te vayas sin antes descargar nuestra <strong><a href=\"https:\/\/darkslategrey-sardine-471998.hostingersite.com\/regalo\/\" target=\"_blank\" rel=\"noopener\">gu\u00eda exclusiva<\/a><\/strong>: una peque\u00f1a joya que hemos preparado con cari\u00f1o para que <strong>viajes mejor, m\u00e1s libre, m\u00e1s t\u00fa<\/strong>.<\/p>\n\n\n\n<p class=\"has-medium-font-size\">En ella encontrar\u00e1s <strong>8 claves <\/strong>que te ayudar\u00e1n a alcanzar el viaje de tus sue\u00f1os, consejos pr\u00e1cticos, inspiraci\u00f3n real y detalles que hacen toda la diferencia entre un viaje cualquiera\u2026 y una experiencia que marca.<\/p>\n<\/div>\n\n\n\n<div class=\"wp-block-column is-layout-flow wp-block-column-is-layout-flow\">\n<figure class=\"wp-block-gallery has-nested-images columns-default is-cropped wp-block-gallery-1 is-layout-flex wp-block-gallery-is-layout-flex\">\n<figure class=\"wp-block-image alignwide size-large\"><a href=\"https:\/\/darkslategrey-sardine-471998.hostingersite.com\/regalo\/\" target=\"_blank\" rel=\"noopener\"><img loading=\"lazy\" decoding=\"async\" width=\"1024\" height=\"576\" data-id=\"4891\" src=\"https:\/\/darkslategrey-sardine-471998.hostingersite.com\/wp-content\/uploads\/2025\/10\/Blue-and-White-Modern-Travel-Agency-Presentation-1024x576.webp\" alt=\"blue and white modern travel agency presentation\" class=\"wp-image-4891\" style=\"box-shadow:var(--wp--preset--shadow--deep)\" srcset=\"https:\/\/sunzentravel.com\/wp-content\/uploads\/2025\/10\/Blue-and-White-Modern-Travel-Agency-Presentation-1024x576.webp 1024w, https:\/\/sunzentravel.com\/wp-content\/uploads\/2025\/10\/Blue-and-White-Modern-Travel-Agency-Presentation-300x169.webp 300w, https:\/\/sunzentravel.com\/wp-content\/uploads\/2025\/10\/Blue-and-White-Modern-Travel-Agency-Presentation-768x432.webp 768w, https:\/\/sunzentravel.com\/wp-content\/uploads\/2025\/10\/Blue-and-White-Modern-Travel-Agency-Presentation.webp 1500w\" sizes=\"auto, (max-width: 1024px) 100vw, 1024px\" \/><\/a><\/figure>\n<\/figure>\n\n\n\n<p class=\"has-text-align-center has-medium-font-size\">\ud83d\udc49 <a href=\"https:\/\/darkslategrey-sardine-471998.hostingersite.com\/regalo\/\" data-type=\"page\" data-id=\"2207\" target=\"_blank\" rel=\"noopener\"><strong>Desc\u00e1rgala ahora, es gratuita<\/strong> <\/a>y te servir\u00e1 tanto si viajas solo, en pareja o en grupo.<\/p>\n<\/div>\n<\/div>\n<\/div><\/div>\n","protected":false},"excerpt":{"rendered":"<p>Yoga \u00b7 Ayurveda \u00b7 Meditaci\u00f3n \u00b7 Mar Del ruido al silencio: Un viaje de retorno a tu esencia Has manifestado este momento. Reg\u00e1late un espacio sagrado para alinear tu energ\u00eda, sanar con la sabidur\u00eda del Ayurveda y reconectar con tu poder personal frente a la inmensidad del oc\u00e9ano. Kerala es uno de los destinos m\u00e1s [&hellip;]<\/p>\n","protected":false},"author":1,"featured_media":0,"parent":0,"menu_order":0,"comment_status":"closed","ping_status":"closed","template":"","meta":{"_uag_custom_page_level_css":"","site-sidebar-layout":"no-sidebar","site-content-layout":"plain-container","ast-site-content-layout":"full-width-container","site-content-style":"unboxed","site-sidebar-style":"unboxed","ast-global-header-display":"","ast-banner-title-visibility":"","ast-main-header-display":"","ast-hfb-above-header-display":"","ast-hfb-below-header-display":"","ast-hfb-mobile-header-display":"","site-post-title":"disabled","ast-breadcrumbs-content":"","ast-featured-img":"","footer-sml-layout":"","ast-disable-related-posts":"","theme-transparent-header-meta":"enabled","adv-header-id-meta":"","stick-header-meta":"","header-above-stick-meta":"","header-main-stick-meta":"","header-below-stick-meta":"","astra-migrate-meta-layouts":"set","ast-page-background-enabled":"default","ast-page-background-meta":{"desktop":{"background-color":"","background-image":"","background-repeat":"repeat","background-position":"center center","background-size":"auto","background-attachment":"scroll","background-type":"","background-media":"","overlay-type":"","overlay-color":"","overlay-opacity":"","overlay-gradient":""},"tablet":{"background-color":"","background-image":"","background-repeat":"repeat","background-position":"center center","background-size":"auto","background-attachment":"scroll","background-type":"","background-media":"","overlay-type":"","overlay-color":"","overlay-opacity":"","overlay-gradient":""},"mobile":{"background-color":"","background-image":"","background-repeat":"repeat","background-position":"center center","background-size":"auto","background-attachment":"scroll","background-type":"","background-media":"","overlay-type":"","overlay-color":"","overlay-opacity":"","overlay-gradient":""}},"ast-content-background-meta":{"desktop":{"background-color":"var(--ast-global-color-5)","background-image":"","background-repeat":"repeat","background-position":"center center","background-size":"auto","background-attachment":"scroll","background-type":"","background-media":"","overlay-type":"","overlay-color":"","overlay-opacity":"","overlay-gradient":""},"tablet":{"background-color":"var(--ast-global-color-5)","background-image":"","background-repeat":"repeat","background-position":"center center","background-size":"auto","background-attachment":"scroll","background-type":"","background-media":"","overlay-type":"","overlay-color":"","overlay-opacity":"","overlay-gradient":""},"mobile":{"background-color":"var(--ast-global-color-5)","background-image":"","background-repeat":"repeat","background-position":"center center","background-size":"auto","background-attachment":"scroll","background-type":"","background-media":"","overlay-type":"","overlay-color":"","overlay-opacity":"","overlay-gradient":""}},"footnotes":""},"folder":[20],"class_list":["post-7879","page","type-page","status-publish","hentry"],"uagb_featured_image_src":{"full":false,"thumbnail":false,"medium":false,"medium_large":false,"large":false,"1536x1536":false,"2048x2048":false,"trp-custom-language-flag":false},"uagb_author_info":{"display_name":"sunzentravel","author_link":"https:\/\/sunzentravel.com\/de\/author\/toni_a23live-com\/"},"uagb_comment_info":0,"uagb_excerpt":"Yoga \u00b7 Ayurveda \u00b7 Meditaci\u00f3n \u00b7 Mar Del ruido al silencio: Un viaje de retorno a tu esencia Has manifestado este momento. Reg\u00e1late un espacio sagrado para alinear tu energ\u00eda, sanar con la sabidur\u00eda del Ayurveda y reconectar con tu poder personal frente a la inmensidad del oc\u00e9ano. Kerala es uno de los destinos m\u00e1s&hellip;","_links":{"self":[{"href":"https:\/\/sunzentravel.com\/de\/wp-json\/wp\/v2\/pages\/7879","targetHints":{"allow":["GET"]}}],"collection":[{"href":"https:\/\/sunzentravel.com\/de\/wp-json\/wp\/v2\/pages"}],"about":[{"href":"https:\/\/sunzentravel.com\/de\/wp-json\/wp\/v2\/types\/page"}],"author":[{"embeddable":true,"href":"https:\/\/sunzentravel.com\/de\/wp-json\/wp\/v2\/users\/1"}],"replies":[{"embeddable":true,"href":"https:\/\/sunzentravel.com\/de\/wp-json\/wp\/v2\/comments?post=7879"}],"version-history":[{"count":12,"href":"https:\/\/sunzentravel.com\/de\/wp-json\/wp\/v2\/pages\/7879\/revisions"}],"predecessor-version":[{"id":10011,"href":"https:\/\/sunzentravel.com\/de\/wp-json\/wp\/v2\/pages\/7879\/revisions\/10011"}],"wp:attachment":[{"href":"https:\/\/sunzentravel.com\/de\/wp-json\/wp\/v2\/media?parent=7879"}],"wp:term":[{"taxonomy":"folder","embeddable":true,"href":"https:\/\/sunzentravel.com\/de\/wp-json\/wp\/v2\/folder?post=7879"}],"curies":[{"name":"wp","href":"https:\/\/api.w.org\/{rel}","templated":true}]}}