{"id":6334,"date":"2025-11-19T07:08:18","date_gmt":"2025-11-19T07:08:18","guid":{"rendered":"https:\/\/sunzentravel.com\/?page_id=6334"},"modified":"2026-04-08T22:27:57","modified_gmt":"2026-04-08T22:27:57","slug":"viajes-grupo-bali","status":"publish","type":"page","link":"https:\/\/sunzentravel.com\/de\/reisegruppe-bali\/","title":{"rendered":"Reisegruppe BALI"},"content":{"rendered":"<div class=\"wp-block-uagb-container uagb-block-c1e2fce7 alignfull uagb-is-root-container\"><div class=\"uagb-container-inner-blocks-wrap\">\n<h1 class=\"wp-block-heading has-white-color has-text-color has-link-color wp-elements-a6bf12d09529f1790ace88aec231c103\">VIAJES EN GRUPO BALI<\/h1>\n<\/div><\/div>\n\n\n\n<div style=\"height:50px\" aria-hidden=\"true\" class=\"wp-block-spacer\"><\/div>\n\n\n\n<div class=\"wp-block-uagb-container uagb-block-b25cd3b3 alignfull uagb-is-root-container\"><div class=\"uagb-container-inner-blocks-wrap\">\n<h2 class=\"wp-block-heading\" style=\"text-transform:none\">Unser <strong>viajes en grupo Bali<\/strong> est\u00e1n pensados para quienes sienten que el arte y la meditaci\u00f3n son el camino para volver a casa<\/h2>\n<\/div><\/div>\n\n\n\n<div style=\"height:50px\" aria-hidden=\"true\" class=\"wp-block-spacer\"><\/div>\n\n\n\n<div class=\"wp-block-uagb-container uagb-block-39bbbcbd alignfull uagb-is-root-container\"><div class=\"uagb-container-inner-blocks-wrap\">\n<div class=\"wp-block-uagb-container uagb-block-242da5bd\">\n<h2 class=\"wp-block-heading has-text-align-center\">BALI<\/h2>\n\n\n\n<figure class=\"wp-block-gallery has-nested-images columns-default is-cropped wp-block-gallery-1 is-layout-flex wp-block-gallery-is-layout-flex\">\n<figure class=\"wp-block-image size-full\"><img loading=\"lazy\" decoding=\"async\" width=\"784\" height=\"523\" data-id=\"5050\" src=\"https:\/\/sunzentravel.com\/wp-content\/uploads\/2025\/10\/bali-plajlari1.webp\" alt=\"bali plajlari1\" class=\"wp-image-5050\" srcset=\"https:\/\/sunzentravel.com\/wp-content\/uploads\/2025\/10\/bali-plajlari1.webp 784w, https:\/\/sunzentravel.com\/wp-content\/uploads\/2025\/10\/bali-plajlari1-300x200.webp 300w, https:\/\/sunzentravel.com\/wp-content\/uploads\/2025\/10\/bali-plajlari1-768x512.webp 768w\" sizes=\"auto, (max-width: 784px) 100vw, 784px\" \/><\/figure>\n<\/figure>\n\n\n\n<div class=\"wp-block-uagb-marketing-button uagb-marketing-btn__align-center uagb-marketing-btn__align-text-center uagb-marketing-btn__icon-after uagb-block-2c7a815e wp-block-button\"><a href=\"https:\/\/sunzentravel.com\/de\/bali-juni\/\" class=\"uagb-marketing-btn__link wp-block-button__link\" target=\"\" rel=\"noopener noreferrer\"><span class=\"uagb-marketing-btn__title\">viaje junio 2026<\/span><svg xmlns=\"https:\/\/www.w3.org\/2000\/svg\" viewbox=\"0 0 640 512\"><path d=\"M484.6 62C502.6 52.8 522.6 48 542.8 48H600.2C627.2 48 645.9 74.95 636.4 100.2C618.2 148.9 582.1 188.9 535.6 212.2L262.8 348.6C258.3 350.8 253.4 352 248.4 352H110.7C101.4 352 92.5 347.9 86.42 340.8L13.34 255.6C6.562 247.7 9.019 235.5 18.33 230.8L50.49 214.8C59.05 210.5 69.06 210.2 77.8 214.1L135.1 239.1L234.6 189.7L87.64 95.2C77.21 88.49 78.05 72.98 89.14 67.43L135 44.48C150.1 36.52 169.5 35.55 186.1 41.8L381 114.9L484.6 62zM0 480C0 462.3 14.33 448 32 448H608C625.7 448 640 462.3 640 480C640 497.7 625.7 512 608 512H32C14.33 512 0 497.7 0 480z\"><\/path><\/svg><p class=\"uagb-marketing-btn__prefix\">haz click y descubre toda la informaci\u00f3n<\/p><\/a><\/div>\n<\/div>\n\n\n\n<div class=\"wp-block-uagb-container uagb-block-627a4f9f\">\n<h2 class=\"wp-block-heading has-text-align-center\">BALI<\/h2>\n\n\n\n<figure class=\"wp-block-gallery has-nested-images columns-default is-cropped wp-block-gallery-2 is-layout-flex wp-block-gallery-is-layout-flex\">\n<figure class=\"wp-block-image size-full\"><img loading=\"lazy\" decoding=\"async\" width=\"784\" height=\"523\" data-id=\"5050\" src=\"https:\/\/sunzentravel.com\/wp-content\/uploads\/2025\/10\/bali-plajlari1.webp\" alt=\"bali plajlari1\" class=\"wp-image-5050\" srcset=\"https:\/\/sunzentravel.com\/wp-content\/uploads\/2025\/10\/bali-plajlari1.webp 784w, https:\/\/sunzentravel.com\/wp-content\/uploads\/2025\/10\/bali-plajlari1-300x200.webp 300w, https:\/\/sunzentravel.com\/wp-content\/uploads\/2025\/10\/bali-plajlari1-768x512.webp 768w\" sizes=\"auto, (max-width: 784px) 100vw, 784px\" \/><\/figure>\n<\/figure>\n\n\n\n<div class=\"wp-block-uagb-marketing-button uagb-marketing-btn__align-center uagb-marketing-btn__align-text-center uagb-marketing-btn__icon-after uagb-block-63df46ca wp-block-button\"><a href=\"https:\/\/sunzentravel.com\/de\/bali-juni\/\" class=\"uagb-marketing-btn__link wp-block-button__link\" target=\"\" rel=\"noopener noreferrer\"><span class=\"uagb-marketing-btn__title\">viaje fin de a\u00f1o 2026<\/span><svg xmlns=\"https:\/\/www.w3.org\/2000\/svg\" viewbox=\"0 0 640 512\"><path d=\"M484.6 62C502.6 52.8 522.6 48 542.8 48H600.2C627.2 48 645.9 74.95 636.4 100.2C618.2 148.9 582.1 188.9 535.6 212.2L262.8 348.6C258.3 350.8 253.4 352 248.4 352H110.7C101.4 352 92.5 347.9 86.42 340.8L13.34 255.6C6.562 247.7 9.019 235.5 18.33 230.8L50.49 214.8C59.05 210.5 69.06 210.2 77.8 214.1L135.1 239.1L234.6 189.7L87.64 95.2C77.21 88.49 78.05 72.98 89.14 67.43L135 44.48C150.1 36.52 169.5 35.55 186.1 41.8L381 114.9L484.6 62zM0 480C0 462.3 14.33 448 32 448H608C625.7 448 640 462.3 640 480C640 497.7 625.7 512 608 512H32C14.33 512 0 497.7 0 480z\"><\/path><\/svg><p class=\"uagb-marketing-btn__prefix\">haz click y descubre toda la informaci\u00f3n<\/p><\/a><\/div>\n<\/div>\n\n\n\n<div class=\"wp-block-uagb-container uagb-block-b7bfc37e\">\n<figure class=\"wp-block-gallery has-nested-images columns-default is-cropped wp-block-gallery-3 is-layout-flex wp-block-gallery-is-layout-flex\"><\/figure>\n<\/div>\n<\/div><\/div>\n\n\n\n<div class=\"wp-block-uagb-container uagb-block-6f559b4f alignfull uagb-is-root-container\"><div class=\"uagb-container-inner-blocks-wrap\">\n<div class=\"wp-block-uagb-advanced-heading uagb-block-9997db04\"><h2 class=\"uagb-heading-text\">SUN-ZEN REISEVORTEILE<\/h2><p class=\"uagb-desc-text\">NATURALEZA, AVENTURA, CULTURA. ZEN Y PLAYA<\/p><\/div>\n\n\n<div class=\"wp-block-uagb-faq uagb-faq__outer-wrap uagb-block-a92893ac uagb-faq-icon-row-reverse uagb-faq-layout-accordion uagb-faq-expand-first-false uagb-faq-inactive-other-true uagb-faq__wrap uagb-buttons-layout-wrap uagb-faq-equal-height\" data-faqtoggle=\"true\" role=\"tablist\"><div class=\"wp-block-uagb-faq-child uagb-faq-child__outer-wrap uagb-faq-item uagb-block-b60c1de3\" role=\"tab\" tabindex=\"0\"><div class=\"uagb-faq-questions-button uagb-faq-questions\">\t\t\t<span class=\"uagb-icon uagb-faq-icon-wrap\">\n\t\t\t\t\t\t\t\t<svg xmlns=\"https:\/\/www.w3.org\/2000\/svg\" viewbox= \"0 0 448 512\"><path d=\"M432 256c0 17.69-14.33 32.01-32 32.01H256v144c0 17.69-14.33 31.99-32 31.99s-32-14.3-32-31.99v-144H48c-17.67 0-32-14.32-32-32.01s14.33-31.99 32-31.99H192v-144c0-17.69 14.33-32.01 32-32.01s32 14.32 32 32.01v144h144C417.7 224 432 238.3 432 256z\"><\/path><\/svg>\n\t\t\t\t\t\t\t<\/span>\n\t\t\t\t\t\t<span class=\"uagb-icon-active uagb-faq-icon-wrap\">\n\t\t\t\t\t\t\t\t<svg xmlns=\"https:\/\/www.w3.org\/2000\/svg\" viewbox= \"0 0 448 512\"><path d=\"M400 288h-352c-17.69 0-32-14.32-32-32.01s14.31-31.99 32-31.99h352c17.69 0 32 14.3 32 31.99S417.7 288 400 288z\"><\/path><\/svg>\n\t\t\t\t\t\t\t<\/span>\n\t\t\t<span class=\"uagb-question\">SunZen Reisen<\/span><\/div><div class=\"uagb-faq-content\"><p>Jeder Reisende braucht etwas anderes, das Beste des Ortes kennenlernen, Spa\u00df, Entspannung, Leute treffen, neue Erfahrungen, authentische Verbindungen, Freiheit, Verbindung, Abenteuer.... auf unseren Reisen, mit guter Energie und mit einer tollen Gruppe....was man auf der Reise tut, bleibt auf der Reise.<\/p><\/div><\/div><div class=\"wp-block-uagb-faq-child uagb-faq-child__outer-wrap uagb-faq-item uagb-block-7b345a3a\" role=\"tab\" tabindex=\"0\"><div class=\"uagb-faq-questions-button uagb-faq-questions\">\t\t\t<span class=\"uagb-icon uagb-faq-icon-wrap\">\n\t\t\t\t\t\t\t<\/span>\n\t\t\t\t\t\t<span class=\"uagb-icon-active uagb-faq-icon-wrap\">\n\t\t\t\t\t\t\t\t<svg xmlns=\"https:\/\/www.w3.org\/2000\/svg\" viewbox= \"0 0 320 512\"><path d=\"M9.39 265.4l127.1-128C143.6 131.1 151.8 128 160 128s16.38 3.125 22.63 9.375l127.1 128c9.156 9.156 11.9 22.91 6.943 34.88S300.9 320 287.1 320H32.01c-12.94 0-24.62-7.781-29.58-19.75S.2333 274.5 9.39 265.4z\"><\/path><\/svg>\n\t\t\t\t\t\t\t<\/span>\n\t\t\t<span class=\"uagb-question\">K\u00f6rperliche und geistige Gesundheit<\/span><\/div><div class=\"uagb-faq-content\"><p>Der Aufenthalt in der Natur baut Stress, \u00c4ngste und Depressionen ab. Er verbessert unsere Konzentration, Stimmung und Schlafqualit\u00e4t. Nat\u00fcrliches Licht reguliert unseren zirkadianen Rhythmus, und frische Luft und Bewegung im Freien st\u00e4rken unseren K\u00f6rper.<\/p><\/div><\/div><div class=\"wp-block-uagb-faq-child uagb-faq-child__outer-wrap uagb-faq-item uagb-block-c0ede2d4\" role=\"tab\" tabindex=\"0\"><div class=\"uagb-faq-questions-button uagb-faq-questions\">\t\t\t<span class=\"uagb-icon uagb-faq-icon-wrap\">\n\t\t\t\t\t\t\t<\/span>\n\t\t\t\t\t\t<span class=\"uagb-icon-active uagb-faq-icon-wrap\">\n\t\t\t\t\t\t\t\t<svg xmlns=\"https:\/\/www.w3.org\/2000\/svg\" viewbox= \"0 0 320 512\"><path d=\"M9.39 265.4l127.1-128C143.6 131.1 151.8 128 160 128s16.38 3.125 22.63 9.375l127.1 128c9.156 9.156 11.9 22.91 6.943 34.88S300.9 320 287.1 320H32.01c-12.94 0-24.62-7.781-29.58-19.75S.2333 274.5 9.39 265.4z\"><\/path><\/svg>\n\t\t\t\t\t\t\t<\/span>\n\t\t\t<span class=\"uagb-question\">Feiertage, Partys, Spa\u00df, Abwechslung und Ruhe.<\/span><\/div><div class=\"uagb-faq-content\"><p>Auf unseren Expeditionen ist Freiheit Teil des Reiseplans. Wir wissen, dass es f\u00fcr die Wiederherstellung Ihrer Energie kein Patentrezept gibt: von der Freude am Teilen und am Spa\u00df bis hin zur Stille der vitalen Abgeschiedenheit.<\/p><\/div><\/div><div class=\"wp-block-uagb-faq-child uagb-faq-child__outer-wrap uagb-faq-item uagb-block-99aac894\" role=\"tab\" tabindex=\"0\"><div class=\"uagb-faq-questions-button uagb-faq-questions\">\t\t\t<span class=\"uagb-icon uagb-faq-icon-wrap\">\n\t\t\t\t\t\t\t<\/span>\n\t\t\t\t\t\t<span class=\"uagb-icon-active uagb-faq-icon-wrap\">\n\t\t\t\t\t\t\t\t<svg xmlns=\"https:\/\/www.w3.org\/2000\/svg\" viewbox= \"0 0 320 512\"><path d=\"M9.39 265.4l127.1-128C143.6 131.1 151.8 128 160 128s16.38 3.125 22.63 9.375l127.1 128c9.156 9.156 11.9 22.91 6.943 34.88S300.9 320 287.1 320H32.01c-12.94 0-24.62-7.781-29.58-19.75S.2333 274.5 9.39 265.4z\"><\/path><\/svg>\n\t\t\t\t\t\t\t<\/span>\n\t\t\t<span class=\"uagb-question\">Tiefe Verbindung<\/span><\/div><div class=\"uagb-faq-content\"><p>Das Gef\u00fchl, Teil eines Ganzen zu sein, mit jedem Element des Universums verbunden zu sein.<\/p><\/div><\/div><div class=\"wp-block-uagb-faq-child uagb-faq-child__outer-wrap uagb-faq-item uagb-block-e7754ee4\" role=\"tab\" tabindex=\"0\"><div class=\"uagb-faq-questions-button uagb-faq-questions\">\t\t\t<span class=\"uagb-icon uagb-faq-icon-wrap\">\n\t\t\t\t\t\t\t<\/span>\n\t\t\t\t\t\t<span class=\"uagb-icon-active uagb-faq-icon-wrap\">\n\t\t\t\t\t\t\t\t<svg xmlns=\"https:\/\/www.w3.org\/2000\/svg\" viewbox= \"0 0 320 512\"><path d=\"M9.39 265.4l127.1-128C143.6 131.1 151.8 128 160 128s16.38 3.125 22.63 9.375l127.1 128c9.156 9.156 11.9 22.91 6.943 34.88S300.9 320 287.1 320H32.01c-12.94 0-24.62-7.781-29.58-19.75S.2333 274.5 9.39 265.4z\"><\/path><\/svg>\n\t\t\t\t\t\t\t<\/span>\n\t\t\t<span class=\"uagb-question\">Vorteile der Natur<\/span><\/div><div class=\"uagb-faq-content\"><p>Die Natur mit ihrer unermesslichen Sch\u00f6nheit strahlt eine inh\u00e4rente Positivit\u00e4t aus, die unsere Vitalit\u00e4t f\u00f6rdert, indem sie uns k\u00f6rperliche und geistige Energie zur\u00fcckgibt und ein tiefes Wohlbefinden f\u00f6rdert, indem sie K\u00f6rper und Geist in Einklang bringt.<\/p><\/div><\/div><div class=\"wp-block-uagb-faq-child uagb-faq-child__outer-wrap uagb-faq-item uagb-block-cf9b9cec\" role=\"tab\" tabindex=\"0\"><div class=\"uagb-faq-questions-button uagb-faq-questions\">\t\t\t<span class=\"uagb-icon uagb-faq-icon-wrap\">\n\t\t\t\t\t\t\t<\/span>\n\t\t\t\t\t\t<span class=\"uagb-icon-active uagb-faq-icon-wrap\">\n\t\t\t\t\t\t\t\t<svg xmlns=\"https:\/\/www.w3.org\/2000\/svg\" viewbox= \"0 0 320 512\"><path d=\"M9.39 265.4l127.1-128C143.6 131.1 151.8 128 160 128s16.38 3.125 22.63 9.375l127.1 128c9.156 9.156 11.9 22.91 6.943 34.88S300.9 320 287.1 320H32.01c-12.94 0-24.62-7.781-29.58-19.75S.2333 274.5 9.39 265.4z\"><\/path><\/svg>\n\t\t\t\t\t\t\t<\/span>\n\t\t\t<span class=\"uagb-question\">Stilvolle, moderne und einh\u00fcllende Instanzen<\/span><\/div><div class=\"uagb-faq-content\"><p>Wir verbinden den Komfort der Moderne mit der Ruhe einer paradiesischen Umgebung, beleben K\u00f6rper und Geist in v\u00f6lliger Harmonie und streben nach totalem Wohlbefinden.<\/p><\/div><\/div><\/div><\/div><\/div>","protected":false},"excerpt":{"rendered":"<p>VIAJES EN GRUPO BALI Nuestros viajes en grupo Bali est\u00e1n pensados para quienes sienten que el arte y la meditaci\u00f3n son el camino para volver a casa BALI BALI BENEFICIOS SUN-ZEN TRAVEL NATURALEZA, AVENTURA, CULTURA. ZEN Y PLAYA<\/p>","protected":false},"author":1,"featured_media":0,"parent":0,"menu_order":0,"comment_status":"closed","ping_status":"closed","template":"","meta":{"_uag_custom_page_level_css":"","site-sidebar-layout":"no-sidebar","site-content-layout":"plain-container","ast-site-content-layout":"full-width-container","site-content-style":"unboxed","site-sidebar-style":"unboxed","ast-global-header-display":"","ast-banner-title-visibility":"","ast-main-header-display":"","ast-hfb-above-header-display":"","ast-hfb-below-header-display":"","ast-hfb-mobile-header-display":"","site-post-title":"disabled","ast-breadcrumbs-content":"","ast-featured-img":"disabled","footer-sml-layout":"","ast-disable-related-posts":"","theme-transparent-header-meta":"enabled","adv-header-id-meta":"","stick-header-meta":"","header-above-stick-meta":"","header-main-stick-meta":"","header-below-stick-meta":"","astra-migrate-meta-layouts":"set","ast-page-background-enabled":"default","ast-page-background-meta":{"desktop":{"background-color":"","background-image":"","background-repeat":"repeat","background-position":"center center","background-size":"auto","background-attachment":"scroll","background-type":"","background-media":"","overlay-type":"","overlay-color":"","overlay-opacity":"","overlay-gradient":""},"tablet":{"background-color":"","background-image":"","background-repeat":"repeat","background-position":"center center","background-size":"auto","background-attachment":"scroll","background-type":"","background-media":"","overlay-type":"","overlay-color":"","overlay-opacity":"","overlay-gradient":""},"mobile":{"background-color":"","background-image":"","background-repeat":"repeat","background-position":"center center","background-size":"auto","background-attachment":"scroll","background-type":"","background-media":"","overlay-type":"","overlay-color":"","overlay-opacity":"","overlay-gradient":""}},"ast-content-background-meta":{"desktop":{"background-color":"var(--ast-global-color-5)","background-image":"","background-repeat":"repeat","background-position":"center center","background-size":"auto","background-attachment":"scroll","background-type":"","background-media":"","overlay-type":"","overlay-color":"","overlay-opacity":"","overlay-gradient":""},"tablet":{"background-color":"var(--ast-global-color-5)","background-image":"","background-repeat":"repeat","background-position":"center center","background-size":"auto","background-attachment":"scroll","background-type":"","background-media":"","overlay-type":"","overlay-color":"","overlay-opacity":"","overlay-gradient":""},"mobile":{"background-color":"var(--ast-global-color-5)","background-image":"","background-repeat":"repeat","background-position":"center center","background-size":"auto","background-attachment":"scroll","background-type":"","background-media":"","overlay-type":"","overlay-color":"","overlay-opacity":"","overlay-gradient":""}},"footnotes":""},"folder":[11],"class_list":["post-6334","page","type-page","status-publish","hentry"],"uagb_featured_image_src":{"full":false,"thumbnail":false,"medium":false,"medium_large":false,"large":false,"1536x1536":false,"2048x2048":false,"trp-custom-language-flag":false},"uagb_author_info":{"display_name":"sunzentravel","author_link":"https:\/\/sunzentravel.com\/de\/author\/toni_a23live-com\/"},"uagb_comment_info":0,"uagb_excerpt":"VIAJES EN GRUPO BALI Nuestros viajes en grupo Bali est\u00e1n pensados para quienes sienten que el arte y la meditaci\u00f3n son el camino para volver a casa BALI BALI BENEFICIOS SUN-ZEN TRAVEL NATURALEZA, AVENTURA, CULTURA. ZEN Y PLAYA","_links":{"self":[{"href":"https:\/\/sunzentravel.com\/de\/wp-json\/wp\/v2\/pages\/6334","targetHints":{"allow":["GET"]}}],"collection":[{"href":"https:\/\/sunzentravel.com\/de\/wp-json\/wp\/v2\/pages"}],"about":[{"href":"https:\/\/sunzentravel.com\/de\/wp-json\/wp\/v2\/types\/page"}],"author":[{"embeddable":true,"href":"https:\/\/sunzentravel.com\/de\/wp-json\/wp\/v2\/users\/1"}],"replies":[{"embeddable":true,"href":"https:\/\/sunzentravel.com\/de\/wp-json\/wp\/v2\/comments?post=6334"}],"version-history":[{"count":20,"href":"https:\/\/sunzentravel.com\/de\/wp-json\/wp\/v2\/pages\/6334\/revisions"}],"predecessor-version":[{"id":9888,"href":"https:\/\/sunzentravel.com\/de\/wp-json\/wp\/v2\/pages\/6334\/revisions\/9888"}],"wp:attachment":[{"href":"https:\/\/sunzentravel.com\/de\/wp-json\/wp\/v2\/media?parent=6334"}],"wp:term":[{"taxonomy":"folder","embeddable":true,"href":"https:\/\/sunzentravel.com\/de\/wp-json\/wp\/v2\/folder?post=6334"}],"curies":[{"name":"wp","href":"https:\/\/api.w.org\/{rel}","templated":true}]}}