{"id":6136,"date":"2025-11-16T16:39:13","date_gmt":"2025-11-16T16:39:13","guid":{"rendered":"https:\/\/sunzentravel.com\/?page_id=6136"},"modified":"2026-04-11T17:59:05","modified_gmt":"2026-04-11T17:59:05","slug":"viajes-grupo-tailandia","status":"publish","type":"page","link":"https:\/\/sunzentravel.com\/de\/gruppenreisen-thailand\/","title":{"rendered":"gruppenreisen thailand"},"content":{"rendered":"<div class=\"wp-block-uagb-container uagb-block-c1e2fce7 alignwide uagb-is-root-container\">\n<h1 class=\"wp-block-heading alignfull has-text-align-center titulo-destacado has-ast-global-color-4-color has-text-color has-link-color wp-elements-a7120a9a14cb509e417518370c5de3cf\" style=\"padding-top:var(--wp--preset--spacing--20);padding-right:0;padding-bottom:var(--wp--preset--spacing--20);padding-left:0;font-size:50px\">GRUPPENREISEN NACH THAILAND<\/h1>\n<\/div>\n\n\n\n<div style=\"height:100px\" aria-hidden=\"true\" class=\"wp-block-spacer\"><\/div>\n\n\n\n<div class=\"wp-block-uagb-container uagb-block-7ac6427e alignfull uagb-is-root-container\"><div class=\"uagb-container-inner-blocks-wrap\">\n<h2 class=\"wp-block-heading\" style=\"text-transform:none\">Mehr als eine Reiseroute, eine echte Verbindung zur Essenz Thailands<\/h2>\n\n\n\n<h3 class=\"wp-block-heading\" style=\"text-transform:none\">Unser <strong>Gruppenreisen Thailand<\/strong> sind f\u00fcr diejenigen gedacht, die das Land des L\u00e4chelns auf authentische und entspannte Weise entdecken wollen.<\/h3>\n<\/div><\/div>\n\n\n\n<div class=\"wp-block-uagb-container uagb-block-6551e418 alignfull uagb-is-root-container\"><div class=\"uagb-container-inner-blocks-wrap\">\n<div style=\"height:100px\" aria-hidden=\"true\" class=\"wp-block-spacer\"><\/div>\n<\/div><\/div>\n\n\n\n<div class=\"wp-block-uagb-container uagb-block-debf1640 alignfull uagb-is-root-container\"><div class=\"uagb-container-inner-blocks-wrap\">\n<div class=\"wp-block-columns is-layout-flex wp-container-core-columns-is-layout-28f84493 wp-block-columns-is-layout-flex\">\n<div class=\"wp-block-column is-layout-flow wp-block-column-is-layout-flow\">\n<div class=\"wp-block-cover\"><img loading=\"lazy\" decoding=\"async\" width=\"450\" height=\"310\" class=\"wp-block-cover__image-background wp-image-4972\" alt=\"luftaufnahme von sai nuan beach koh tao thailand\" src=\"https:\/\/sunzentravel.com\/wp-content\/uploads\/2025\/10\/137764422-vista-aerea-de-la-playa-de-sai-nuan-koh-tao-tailandia.webp\" data-object-fit=\"cover\" srcset=\"https:\/\/sunzentravel.com\/wp-content\/uploads\/2025\/10\/137764422-vista-aerea-de-la-playa-de-sai-nuan-koh-tao-tailandia.webp 450w, https:\/\/sunzentravel.com\/wp-content\/uploads\/2025\/10\/137764422-vista-aerea-de-la-playa-de-sai-nuan-koh-tao-tailandia-300x207.webp 300w\" sizes=\"auto, (max-width: 450px) 100vw, 450px\" \/><span aria-hidden=\"true\" class=\"wp-block-cover__background has-background-dim\"><\/span><div class=\"wp-block-cover__inner-container is-layout-flow wp-block-cover-is-layout-flow\">\n<p class=\"has-text-align-center has-white-color has-text-color has-link-color has-large-font-size wp-elements-c69ecd97721bdbe035614868c73bdeac\">Thailand<\/p>\n\n\n\n<div class=\"wp-block-buttons is-content-justification-center is-layout-flex wp-container-core-buttons-is-layout-a89b3969 wp-block-buttons-is-layout-flex\">\n<div class=\"wp-block-button\"><a class=\"wp-block-button__link has-medium-font-size has-custom-font-size wp-element-button\" href=\"https:\/\/sunzentravel.com\/de\/thailand-august-reise\/\">Reisen August 2026<\/a><\/div>\n<\/div>\n<\/div><\/div>\n<\/div>\n\n\n\n<div class=\"wp-block-column is-layout-flow wp-block-column-is-layout-flow\">\n<div class=\"wp-block-cover\"><img loading=\"lazy\" decoding=\"async\" width=\"450\" height=\"310\" class=\"wp-block-cover__image-background wp-image-4972\" alt=\"luftaufnahme von sai nuan beach koh tao thailand\" src=\"https:\/\/sunzentravel.com\/wp-content\/uploads\/2025\/10\/137764422-vista-aerea-de-la-playa-de-sai-nuan-koh-tao-tailandia.webp\" data-object-fit=\"cover\" srcset=\"https:\/\/sunzentravel.com\/wp-content\/uploads\/2025\/10\/137764422-vista-aerea-de-la-playa-de-sai-nuan-koh-tao-tailandia.webp 450w, https:\/\/sunzentravel.com\/wp-content\/uploads\/2025\/10\/137764422-vista-aerea-de-la-playa-de-sai-nuan-koh-tao-tailandia-300x207.webp 300w\" sizes=\"auto, (max-width: 450px) 100vw, 450px\" \/><span aria-hidden=\"true\" class=\"wp-block-cover__background has-background-dim\"><\/span><div class=\"wp-block-cover__inner-container is-layout-flow wp-block-cover-is-layout-flow\">\n<p class=\"has-text-align-center has-white-color has-text-color has-link-color has-large-font-size wp-elements-c69ecd97721bdbe035614868c73bdeac\">Thailand<\/p>\n\n\n\n<div class=\"wp-block-buttons is-content-justification-center is-layout-flex wp-container-core-buttons-is-layout-a89b3969 wp-block-buttons-is-layout-flex\">\n<div class=\"wp-block-button\"><a class=\"wp-block-button__link has-medium-font-size has-custom-font-size wp-element-button\" href=\"https:\/\/sunzentravel.com\/de\/thailand-september-reise\/\">REISEN SEPTEMBER 2026<\/a><\/div>\n<\/div>\n<\/div><\/div>\n<\/div>\n\n\n\n<div class=\"wp-block-column is-layout-flow wp-block-column-is-layout-flow\">\n<div class=\"wp-block-cover\"><img loading=\"lazy\" decoding=\"async\" width=\"450\" height=\"310\" class=\"wp-block-cover__image-background wp-image-4972\" alt=\"luftaufnahme von sai nuan beach koh tao thailand\" src=\"https:\/\/sunzentravel.com\/wp-content\/uploads\/2025\/10\/137764422-vista-aerea-de-la-playa-de-sai-nuan-koh-tao-tailandia.webp\" data-object-fit=\"cover\" srcset=\"https:\/\/sunzentravel.com\/wp-content\/uploads\/2025\/10\/137764422-vista-aerea-de-la-playa-de-sai-nuan-koh-tao-tailandia.webp 450w, https:\/\/sunzentravel.com\/wp-content\/uploads\/2025\/10\/137764422-vista-aerea-de-la-playa-de-sai-nuan-koh-tao-tailandia-300x207.webp 300w\" sizes=\"auto, (max-width: 450px) 100vw, 450px\" \/><span aria-hidden=\"true\" class=\"wp-block-cover__background has-background-dim\"><\/span><div class=\"wp-block-cover__inner-container is-layout-flow wp-block-cover-is-layout-flow\">\n<p class=\"has-text-align-center has-white-color has-text-color has-link-color has-large-font-size wp-elements-c69ecd97721bdbe035614868c73bdeac\">Thailand<\/p>\n\n\n\n<div class=\"wp-block-buttons is-content-justification-center is-layout-flex wp-container-core-buttons-is-layout-a89b3969 wp-block-buttons-is-layout-flex\">\n<div class=\"wp-block-button\"><a class=\"wp-block-button__link has-medium-font-size has-custom-font-size wp-element-button\" href=\"https:\/\/sunzentravel.com\/de\/thailand-oktober-reise\/\">REISE OKTOBER 2026<\/a><\/div>\n<\/div>\n<\/div><\/div>\n<\/div>\n<\/div>\n<\/div><\/div>\n\n\n\n<div class=\"wp-block-uagb-container uagb-block-6f559b4f alignfull uagb-is-root-container\"><div class=\"uagb-container-inner-blocks-wrap\">\n<div class=\"wp-block-uagb-advanced-heading uagb-block-9997db04\"><h2 class=\"uagb-heading-text\">SUN-ZEN REISEVORTEILE<\/h2><p class=\"uagb-desc-text\">NATUR, ABENTEUER, KULTUR, ZEN UND STRAND<\/p><\/div>\n\n\n<div class=\"wp-block-uagb-faq uagb-faq__outer-wrap uagb-block-a92893ac uagb-faq-icon-row-reverse uagb-faq-layout-accordion uagb-faq-expand-first-false uagb-faq-inactive-other-true uagb-faq__wrap uagb-buttons-layout-wrap uagb-faq-equal-height\" data-faqtoggle=\"true\" role=\"tablist\"><div class=\"wp-block-uagb-faq-child uagb-faq-child__outer-wrap uagb-faq-item uagb-block-b60c1de3\" role=\"tab\" tabindex=\"0\"><div class=\"uagb-faq-questions-button uagb-faq-questions\">\t\t\t<span class=\"uagb-icon uagb-faq-icon-wrap\">\n\t\t\t\t\t\t\t\t<svg xmlns=\"https:\/\/www.w3.org\/2000\/svg\" viewbox= \"0 0 448 512\"><path d=\"M432 256c0 17.69-14.33 32.01-32 32.01H256v144c0 17.69-14.33 31.99-32 31.99s-32-14.3-32-31.99v-144H48c-17.67 0-32-14.32-32-32.01s14.33-31.99 32-31.99H192v-144c0-17.69 14.33-32.01 32-32.01s32 14.32 32 32.01v144h144C417.7 224 432 238.3 432 256z\"><\/path><\/svg>\n\t\t\t\t\t\t\t<\/span>\n\t\t\t\t\t\t<span class=\"uagb-icon-active uagb-faq-icon-wrap\">\n\t\t\t\t\t\t\t\t<svg xmlns=\"https:\/\/www.w3.org\/2000\/svg\" viewbox= \"0 0 448 512\"><path d=\"M400 288h-352c-17.69 0-32-14.32-32-32.01s14.31-31.99 32-31.99h352c17.69 0 32 14.3 32 31.99S417.7 288 400 288z\"><\/path><\/svg>\n\t\t\t\t\t\t\t<\/span>\n\t\t\t<span class=\"uagb-question\">SunZen Reisen<\/span><\/div><div class=\"uagb-faq-content\"><p>Jeder Reisende braucht etwas anderes, das Beste des Ortes kennenlernen, Spa\u00df, Entspannung, Leute treffen, neue Erfahrungen, authentische Verbindungen, Freiheit, Verbindung, Abenteuer.... auf unseren Reisen, mit guter Energie und mit einer tollen Gruppe....was man auf der Reise tut, bleibt auf der Reise.<\/p><\/div><\/div><div class=\"wp-block-uagb-faq-child uagb-faq-child__outer-wrap uagb-faq-item uagb-block-7b345a3a\" role=\"tab\" tabindex=\"0\"><div class=\"uagb-faq-questions-button uagb-faq-questions\">\t\t\t<span class=\"uagb-icon uagb-faq-icon-wrap\">\n\t\t\t\t\t\t\t<\/span>\n\t\t\t\t\t\t<span class=\"uagb-icon-active uagb-faq-icon-wrap\">\n\t\t\t\t\t\t\t\t<svg xmlns=\"https:\/\/www.w3.org\/2000\/svg\" viewbox= \"0 0 320 512\"><path d=\"M9.39 265.4l127.1-128C143.6 131.1 151.8 128 160 128s16.38 3.125 22.63 9.375l127.1 128c9.156 9.156 11.9 22.91 6.943 34.88S300.9 320 287.1 320H32.01c-12.94 0-24.62-7.781-29.58-19.75S.2333 274.5 9.39 265.4z\"><\/path><\/svg>\n\t\t\t\t\t\t\t<\/span>\n\t\t\t<span class=\"uagb-question\">K\u00f6rperliche und geistige Gesundheit<\/span><\/div><div class=\"uagb-faq-content\"><p>Der Aufenthalt in der Natur baut Stress, \u00c4ngste und Depressionen ab. Er verbessert unsere Konzentration, Stimmung und Schlafqualit\u00e4t. Nat\u00fcrliches Licht reguliert unseren zirkadianen Rhythmus, und frische Luft und Bewegung im Freien st\u00e4rken unseren K\u00f6rper.<\/p><\/div><\/div><div class=\"wp-block-uagb-faq-child uagb-faq-child__outer-wrap uagb-faq-item uagb-block-c0ede2d4\" role=\"tab\" tabindex=\"0\"><div class=\"uagb-faq-questions-button uagb-faq-questions\">\t\t\t<span class=\"uagb-icon uagb-faq-icon-wrap\">\n\t\t\t\t\t\t\t<\/span>\n\t\t\t\t\t\t<span class=\"uagb-icon-active uagb-faq-icon-wrap\">\n\t\t\t\t\t\t\t\t<svg xmlns=\"https:\/\/www.w3.org\/2000\/svg\" viewbox= \"0 0 320 512\"><path d=\"M9.39 265.4l127.1-128C143.6 131.1 151.8 128 160 128s16.38 3.125 22.63 9.375l127.1 128c9.156 9.156 11.9 22.91 6.943 34.88S300.9 320 287.1 320H32.01c-12.94 0-24.62-7.781-29.58-19.75S.2333 274.5 9.39 265.4z\"><\/path><\/svg>\n\t\t\t\t\t\t\t<\/span>\n\t\t\t<span class=\"uagb-question\">Feiertage, Partys, Spa\u00df, Abwechslung und Ruhe.<\/span><\/div><div class=\"uagb-faq-content\"><p>Auf unseren Expeditionen ist Freiheit Teil des Reiseplans. Wir wissen, dass es f\u00fcr die Wiederherstellung Ihrer Energie kein Patentrezept gibt: von der Freude am Teilen und am Spa\u00df bis hin zur Stille der vitalen Abgeschiedenheit.<\/p><\/div><\/div><div class=\"wp-block-uagb-faq-child uagb-faq-child__outer-wrap uagb-faq-item uagb-block-99aac894\" role=\"tab\" tabindex=\"0\"><div class=\"uagb-faq-questions-button uagb-faq-questions\">\t\t\t<span class=\"uagb-icon uagb-faq-icon-wrap\">\n\t\t\t\t\t\t\t<\/span>\n\t\t\t\t\t\t<span class=\"uagb-icon-active uagb-faq-icon-wrap\">\n\t\t\t\t\t\t\t\t<svg xmlns=\"https:\/\/www.w3.org\/2000\/svg\" viewbox= \"0 0 320 512\"><path d=\"M9.39 265.4l127.1-128C143.6 131.1 151.8 128 160 128s16.38 3.125 22.63 9.375l127.1 128c9.156 9.156 11.9 22.91 6.943 34.88S300.9 320 287.1 320H32.01c-12.94 0-24.62-7.781-29.58-19.75S.2333 274.5 9.39 265.4z\"><\/path><\/svg>\n\t\t\t\t\t\t\t<\/span>\n\t\t\t<span class=\"uagb-question\">Tiefe Verbindung<\/span><\/div><div class=\"uagb-faq-content\"><p>Das Gef\u00fchl, Teil eines Ganzen zu sein, mit jedem Element des Universums verbunden zu sein.<\/p><\/div><\/div><div class=\"wp-block-uagb-faq-child uagb-faq-child__outer-wrap uagb-faq-item uagb-block-e7754ee4\" role=\"tab\" tabindex=\"0\"><div class=\"uagb-faq-questions-button uagb-faq-questions\">\t\t\t<span class=\"uagb-icon uagb-faq-icon-wrap\">\n\t\t\t\t\t\t\t<\/span>\n\t\t\t\t\t\t<span class=\"uagb-icon-active uagb-faq-icon-wrap\">\n\t\t\t\t\t\t\t\t<svg xmlns=\"https:\/\/www.w3.org\/2000\/svg\" viewbox= \"0 0 320 512\"><path d=\"M9.39 265.4l127.1-128C143.6 131.1 151.8 128 160 128s16.38 3.125 22.63 9.375l127.1 128c9.156 9.156 11.9 22.91 6.943 34.88S300.9 320 287.1 320H32.01c-12.94 0-24.62-7.781-29.58-19.75S.2333 274.5 9.39 265.4z\"><\/path><\/svg>\n\t\t\t\t\t\t\t<\/span>\n\t\t\t<span class=\"uagb-question\">Vorteile der Natur<\/span><\/div><div class=\"uagb-faq-content\"><p>Die Natur mit ihrer unermesslichen Sch\u00f6nheit strahlt eine inh\u00e4rente Positivit\u00e4t aus, die unsere Vitalit\u00e4t f\u00f6rdert, indem sie uns k\u00f6rperliche und geistige Energie zur\u00fcckgibt und ein tiefes Wohlbefinden f\u00f6rdert, indem sie K\u00f6rper und Geist in Einklang bringt.<\/p><\/div><\/div><div class=\"wp-block-uagb-faq-child uagb-faq-child__outer-wrap uagb-faq-item uagb-block-cf9b9cec\" role=\"tab\" tabindex=\"0\"><div class=\"uagb-faq-questions-button uagb-faq-questions\">\t\t\t<span class=\"uagb-icon uagb-faq-icon-wrap\">\n\t\t\t\t\t\t\t<\/span>\n\t\t\t\t\t\t<span class=\"uagb-icon-active uagb-faq-icon-wrap\">\n\t\t\t\t\t\t\t\t<svg xmlns=\"https:\/\/www.w3.org\/2000\/svg\" viewbox= \"0 0 320 512\"><path d=\"M9.39 265.4l127.1-128C143.6 131.1 151.8 128 160 128s16.38 3.125 22.63 9.375l127.1 128c9.156 9.156 11.9 22.91 6.943 34.88S300.9 320 287.1 320H32.01c-12.94 0-24.62-7.781-29.58-19.75S.2333 274.5 9.39 265.4z\"><\/path><\/svg>\n\t\t\t\t\t\t\t<\/span>\n\t\t\t<span class=\"uagb-question\">Stilvolle, moderne und einh\u00fcllende Instanzen<\/span><\/div><div class=\"uagb-faq-content\"><p>Wir verbinden den Komfort der Moderne mit der Ruhe einer paradiesischen Umgebung, beleben K\u00f6rper und Geist in v\u00f6lliger Harmonie und streben nach totalem Wohlbefinden.<\/p><\/div><\/div><\/div><\/div><\/div>","protected":false},"excerpt":{"rendered":"<p>VIAJES EN GRUPO A TAILANDIA M\u00e1s que un itinerario, una conexi\u00f3n real con la esencia de Tailandia Nuestros viajes en grupo Tailandia est\u00e1n dise\u00f1ados para quienes buscan descubrir la esencia del pa\u00eds de la sonrisa de una forma aut\u00e9ntica y relajada. BENEFICIOS SUN-ZEN TRAVEL NATURALEZA, AVENTURA, CULTURA, ZEN Y PLAYA<\/p>","protected":false},"author":1,"featured_media":0,"parent":0,"menu_order":0,"comment_status":"closed","ping_status":"closed","template":"","meta":{"_uag_custom_page_level_css":"","site-sidebar-layout":"no-sidebar","site-content-layout":"plain-container","ast-site-content-layout":"full-width-container","site-content-style":"unboxed","site-sidebar-style":"unboxed","ast-global-header-display":"","ast-banner-title-visibility":"","ast-main-header-display":"","ast-hfb-above-header-display":"","ast-hfb-below-header-display":"","ast-hfb-mobile-header-display":"","site-post-title":"disabled","ast-breadcrumbs-content":"","ast-featured-img":"disabled","footer-sml-layout":"","ast-disable-related-posts":"","theme-transparent-header-meta":"enabled","adv-header-id-meta":"","stick-header-meta":"","header-above-stick-meta":"","header-main-stick-meta":"","header-below-stick-meta":"","astra-migrate-meta-layouts":"set","ast-page-background-enabled":"default","ast-page-background-meta":{"desktop":{"background-color":"","background-image":"","background-repeat":"repeat","background-position":"center center","background-size":"auto","background-attachment":"scroll","background-type":"","background-media":"","overlay-type":"","overlay-color":"","overlay-opacity":"","overlay-gradient":""},"tablet":{"background-color":"","background-image":"","background-repeat":"repeat","background-position":"center center","background-size":"auto","background-attachment":"scroll","background-type":"","background-media":"","overlay-type":"","overlay-color":"","overlay-opacity":"","overlay-gradient":""},"mobile":{"background-color":"","background-image":"","background-repeat":"repeat","background-position":"center center","background-size":"auto","background-attachment":"scroll","background-type":"","background-media":"","overlay-type":"","overlay-color":"","overlay-opacity":"","overlay-gradient":""}},"ast-content-background-meta":{"desktop":{"background-color":"var(--ast-global-color-5)","background-image":"","background-repeat":"repeat","background-position":"center center","background-size":"auto","background-attachment":"scroll","background-type":"","background-media":"","overlay-type":"","overlay-color":"","overlay-opacity":"","overlay-gradient":""},"tablet":{"background-color":"var(--ast-global-color-5)","background-image":"","background-repeat":"repeat","background-position":"center center","background-size":"auto","background-attachment":"scroll","background-type":"","background-media":"","overlay-type":"","overlay-color":"","overlay-opacity":"","overlay-gradient":""},"mobile":{"background-color":"var(--ast-global-color-5)","background-image":"","background-repeat":"repeat","background-position":"center center","background-size":"auto","background-attachment":"scroll","background-type":"","background-media":"","overlay-type":"","overlay-color":"","overlay-opacity":"","overlay-gradient":""}},"footnotes":""},"folder":[7],"class_list":["post-6136","page","type-page","status-publish","hentry"],"uagb_featured_image_src":{"full":false,"thumbnail":false,"medium":false,"medium_large":false,"large":false,"1536x1536":false,"2048x2048":false,"trp-custom-language-flag":false},"uagb_author_info":{"display_name":"sunzentravel","author_link":"https:\/\/sunzentravel.com\/de\/author\/toni_a23live-com\/"},"uagb_comment_info":0,"uagb_excerpt":"VIAJES EN GRUPO A TAILANDIA M\u00e1s que un itinerario, una conexi\u00f3n real con la esencia de Tailandia Nuestros viajes en grupo Tailandia est\u00e1n dise\u00f1ados para quienes buscan descubrir la esencia del pa\u00eds de la sonrisa de una forma aut\u00e9ntica y relajada. BENEFICIOS SUN-ZEN TRAVEL NATURALEZA, AVENTURA, CULTURA, ZEN Y PLAYA","_links":{"self":[{"href":"https:\/\/sunzentravel.com\/de\/wp-json\/wp\/v2\/pages\/6136","targetHints":{"allow":["GET"]}}],"collection":[{"href":"https:\/\/sunzentravel.com\/de\/wp-json\/wp\/v2\/pages"}],"about":[{"href":"https:\/\/sunzentravel.com\/de\/wp-json\/wp\/v2\/types\/page"}],"author":[{"embeddable":true,"href":"https:\/\/sunzentravel.com\/de\/wp-json\/wp\/v2\/users\/1"}],"replies":[{"embeddable":true,"href":"https:\/\/sunzentravel.com\/de\/wp-json\/wp\/v2\/comments?post=6136"}],"version-history":[{"count":43,"href":"https:\/\/sunzentravel.com\/de\/wp-json\/wp\/v2\/pages\/6136\/revisions"}],"predecessor-version":[{"id":10043,"href":"https:\/\/sunzentravel.com\/de\/wp-json\/wp\/v2\/pages\/6136\/revisions\/10043"}],"wp:attachment":[{"href":"https:\/\/sunzentravel.com\/de\/wp-json\/wp\/v2\/media?parent=6136"}],"wp:term":[{"taxonomy":"folder","embeddable":true,"href":"https:\/\/sunzentravel.com\/de\/wp-json\/wp\/v2\/folder?post=6136"}],"curies":[{"name":"wp","href":"https:\/\/api.w.org\/{rel}","templated":true}]}}